{"id":6283,"date":"2023-01-27T10:06:08","date_gmt":"2023-01-27T10:06:08","guid":{"rendered":"https:\/\/dev.stackers.ro\/rm\/product\/taitei-instant-mi-goreng-80g-indomie\/"},"modified":"2024-07-14T12:05:24","modified_gmt":"2024-07-14T12:05:24","slug":"taitei-instant-mi-goreng-80g-indomie","status":"publish","type":"product","link":"https:\/\/pretasouper.com\/en\/supa\/taitei-instant-mi-goreng-80g-indomie\/","title":{"rendered":"Mi goreng instant noodles 80g - Indomie"},"content":{"rendered":"<p>Ingrediente: taitei 83,7%: jder de gr\u00e2u 67%, ulei de palmier rafinat (con\u021bine TBHQ antioxidant), sare, regulatori de aciditate E452, E501, E500, \u00eengro\u0219\u0103tor E412, colorant E101. Pudr\u0103 de condimente 4,6%: zah\u0103r, sare, amelioratori de arom\u0103: E621, E631, E627, usturoi, arom\u0103 (con\u021bine soia), ceap\u0103, culoare E150a, agent anti-aglomerare E551 (nano). Ulei de condimente 6,9%: ulei de palmier rafinat (con\u021bine TBHQ antioxidant), \u0219alot\u0103. Sos de soia dulce 4,5%: zah\u0103r, ap\u0103, sare, soia, gr\u00e2u, condimente, ulei de susan. Pudr\u0103 de ardei iute 0,3%.<\/p>","protected":false},"excerpt":{"rendered":"<p>Boil the noodles for 3 minutes in water. Drain the noodles. Empty the contents of the seasoning into the pan on medium heat. Put the noodles in the pan and fry quickly for 1-2 minutes, covering the noodles evenly. At the end, you can fry an egg (softer) and put it on top.<\/p>","protected":false},"featured_media":6280,"template":"","meta":[],"product_brand":[],"product_cat":[165,108],"product_tag":[280,279,84,278,183],"berocket_brand":[96],"class_list":{"0":"post-6283","1":"product","2":"type-product","3":"status-publish","4":"has-post-thumbnail","6":"product_cat-indonezia","7":"product_cat-sosuri","8":"product_tag-indomie","9":"product_tag-indonezia","10":"product_tag-instant","11":"product_tag-mi-goreng","12":"product_tag-taitei","13":"berocket_brand-indomie","15":"first","16":"outofstock","17":"taxable","18":"shipping-taxable","19":"purchasable","20":"product-type-simple"},"_links":{"self":[{"href":"https:\/\/pretasouper.com\/en\/wp-json\/wp\/v2\/product\/6283","targetHints":{"allow":["GET"]}}],"collection":[{"href":"https:\/\/pretasouper.com\/en\/wp-json\/wp\/v2\/product"}],"about":[{"href":"https:\/\/pretasouper.com\/en\/wp-json\/wp\/v2\/types\/product"}],"version-history":[{"count":3,"href":"https:\/\/pretasouper.com\/en\/wp-json\/wp\/v2\/product\/6283\/revisions"}],"predecessor-version":[{"id":6982,"href":"https:\/\/pretasouper.com\/en\/wp-json\/wp\/v2\/product\/6283\/revisions\/6982"}],"wp:featuredmedia":[{"embeddable":true,"href":"https:\/\/pretasouper.com\/en\/wp-json\/wp\/v2\/media\/6280"}],"wp:attachment":[{"href":"https:\/\/pretasouper.com\/en\/wp-json\/wp\/v2\/media?parent=6283"}],"wp:term":[{"taxonomy":"product_brand","embeddable":true,"href":"https:\/\/pretasouper.com\/en\/wp-json\/wp\/v2\/product_brand?post=6283"},{"taxonomy":"product_cat","embeddable":true,"href":"https:\/\/pretasouper.com\/en\/wp-json\/wp\/v2\/product_cat?post=6283"},{"taxonomy":"product_tag","embeddable":true,"href":"https:\/\/pretasouper.com\/en\/wp-json\/wp\/v2\/product_tag?post=6283"},{"taxonomy":"berocket_brand","embeddable":true,"href":"https:\/\/pretasouper.com\/en\/wp-json\/wp\/v2\/berocket_brand?post=6283"}],"curies":[{"name":"wp","href":"https:\/\/api.w.org\/{rel}","templated":true}]}}