{"id":6419,"date":"2023-01-27T11:17:03","date_gmt":"2023-01-27T11:17:03","guid":{"rendered":"https:\/\/dev.stackers.ro\/rm\/product\/taitei-instant-tom-yum-cu-creveti-60g-mama\/"},"modified":"2024-04-16T12:22:00","modified_gmt":"2024-04-16T12:22:00","slug":"taitei-instant-tom-yum-cu-creveti-60g-mama","status":"publish","type":"product","link":"https:\/\/pretasouper.com\/en\/supa\/taitei-instant-tom-yum-cu-creveti-60g-mama\/","title":{"rendered":"Instant noodles shrimp  flavour Tom Yum 60g - Mama"},"content":{"rendered":"<p>Ingrediente: f\u0103in\u0103 de gr\u00e2u (78,31%), ulei de palmier, sare, zah\u0103r, agent de \u00eengro\u0219are (E466), regulator de aciditate (E500, E501), sos de soia (soia, sare, ap\u0103). Condimente: sare, zah\u0103r, poten\u021biator de arom\u0103 (E621, E635), pudr\u0103 de ardei iute, acid citric (E330), praz uscat, arom\u0103 de creve\u021bi (0,02%), arom\u0103 de l\u0103m\u00e2ie. Past\u0103 de ardei iute: ulei de palmier, condimente, ardei iute, pudr\u0103 de ardei iute<\/p>","protected":false},"excerpt":{"rendered":"<p>Instant noodles (from wheat) with the flavor of Tom Yum with shrimps<\/p>","protected":false},"featured_media":6985,"template":"","meta":[],"product_brand":[],"product_cat":[109,40],"product_tag":[215,84,216,197,183,232],"berocket_brand":[93],"class_list":{"0":"post-6419","1":"product","2":"type-product","3":"status-publish","4":"has-post-thumbnail","6":"product_cat-fainuri-tempurapanko-condimenteierburi","7":"product_cat-tailanda","8":"product_tag-creveti","9":"product_tag-instant","10":"product_tag-mama","11":"product_tag-tailanda","12":"product_tag-taitei","13":"product_tag-tom-yum","14":"berocket_brand-mama","16":"first","17":"outofstock","18":"taxable","19":"shipping-taxable","20":"purchasable","21":"product-type-simple"},"_links":{"self":[{"href":"https:\/\/pretasouper.com\/en\/wp-json\/wp\/v2\/product\/6419","targetHints":{"allow":["GET"]}}],"collection":[{"href":"https:\/\/pretasouper.com\/en\/wp-json\/wp\/v2\/product"}],"about":[{"href":"https:\/\/pretasouper.com\/en\/wp-json\/wp\/v2\/types\/product"}],"version-history":[{"count":2,"href":"https:\/\/pretasouper.com\/en\/wp-json\/wp\/v2\/product\/6419\/revisions"}],"predecessor-version":[{"id":6987,"href":"https:\/\/pretasouper.com\/en\/wp-json\/wp\/v2\/product\/6419\/revisions\/6987"}],"wp:featuredmedia":[{"embeddable":true,"href":"https:\/\/pretasouper.com\/en\/wp-json\/wp\/v2\/media\/6985"}],"wp:attachment":[{"href":"https:\/\/pretasouper.com\/en\/wp-json\/wp\/v2\/media?parent=6419"}],"wp:term":[{"taxonomy":"product_brand","embeddable":true,"href":"https:\/\/pretasouper.com\/en\/wp-json\/wp\/v2\/product_brand?post=6419"},{"taxonomy":"product_cat","embeddable":true,"href":"https:\/\/pretasouper.com\/en\/wp-json\/wp\/v2\/product_cat?post=6419"},{"taxonomy":"product_tag","embeddable":true,"href":"https:\/\/pretasouper.com\/en\/wp-json\/wp\/v2\/product_tag?post=6419"},{"taxonomy":"berocket_brand","embeddable":true,"href":"https:\/\/pretasouper.com\/en\/wp-json\/wp\/v2\/berocket_brand?post=6419"}],"curies":[{"name":"wp","href":"https:\/\/api.w.org\/{rel}","templated":true}]}}