{"id":6422,"date":"2023-01-27T11:27:35","date_gmt":"2023-01-27T11:27:35","guid":{"rendered":"https:\/\/dev.stackers.ro\/rm\/product\/taitei-instant-ramen-namja-115g-paldo\/"},"modified":"2023-05-18T14:27:40","modified_gmt":"2023-05-18T14:27:40","slug":"taitei-instant-ramen-namja-115g-paldo","status":"publish","type":"product","link":"https:\/\/pretasouper.com\/en\/supa\/taitei-instant-ramen-namja-115g-paldo\/","title":{"rendered":"Namja instant ramen noodles 115g - Paldo"},"content":{"rendered":"<p>Ingrediente: f\u0103in\u0103 de gr\u00e2u (78,31%), ulei de palmier, sare, zah\u0103r, agent de \u00eengro\u0219are (E466), regulator de aciditate (E500, E501), sos de soia (soia, sare, ap\u0103).Condimente: sare, zah\u0103r, poten\u021biator de arom\u0103 (E621, E635), pudr\u0103 de ardei iute, acid citric (E330), praz uscat, arom\u0103 de creve\u021bi (0,02%), arom\u0103 de l\u0103m\u00e2ie. Past\u0103 de ardei iute: ulei de palmier, condimente, ardei iute, pudr\u0103 de ardei iute.<\/p>","protected":false},"excerpt":{"rendered":"<p>Hot instant noodles with beef flavor and strong garlic taste.<\/p>","protected":false},"featured_media":6989,"template":"","meta":[],"product_brand":[],"product_cat":[86,105],"product_tag":[224,190,84,281,255,189,183,282,205],"berocket_brand":[98],"class_list":{"0":"post-6422","1":"product","2":"type-product","3":"status-publish","4":"has-post-thumbnail","6":"product_cat-coreea","7":"product_cat-orez","8":"product_tag-coreea-de-sud","9":"product_tag-hot","10":"product_tag-instant","11":"product_tag-namja","12":"product_tag-paldo","13":"product_tag-ramen","14":"product_tag-taitei","15":"product_tag-usturoi","16":"product_tag-vita","17":"berocket_brand-paldo","19":"first","20":"outofstock","21":"taxable","22":"shipping-taxable","23":"purchasable","24":"product-type-simple"},"_links":{"self":[{"href":"https:\/\/pretasouper.com\/en\/wp-json\/wp\/v2\/product\/6422","targetHints":{"allow":["GET"]}}],"collection":[{"href":"https:\/\/pretasouper.com\/en\/wp-json\/wp\/v2\/product"}],"about":[{"href":"https:\/\/pretasouper.com\/en\/wp-json\/wp\/v2\/types\/product"}],"version-history":[{"count":2,"href":"https:\/\/pretasouper.com\/en\/wp-json\/wp\/v2\/product\/6422\/revisions"}],"predecessor-version":[{"id":6991,"href":"https:\/\/pretasouper.com\/en\/wp-json\/wp\/v2\/product\/6422\/revisions\/6991"}],"wp:featuredmedia":[{"embeddable":true,"href":"https:\/\/pretasouper.com\/en\/wp-json\/wp\/v2\/media\/6989"}],"wp:attachment":[{"href":"https:\/\/pretasouper.com\/en\/wp-json\/wp\/v2\/media?parent=6422"}],"wp:term":[{"taxonomy":"product_brand","embeddable":true,"href":"https:\/\/pretasouper.com\/en\/wp-json\/wp\/v2\/product_brand?post=6422"},{"taxonomy":"product_cat","embeddable":true,"href":"https:\/\/pretasouper.com\/en\/wp-json\/wp\/v2\/product_cat?post=6422"},{"taxonomy":"product_tag","embeddable":true,"href":"https:\/\/pretasouper.com\/en\/wp-json\/wp\/v2\/product_tag?post=6422"},{"taxonomy":"berocket_brand","embeddable":true,"href":"https:\/\/pretasouper.com\/en\/wp-json\/wp\/v2\/berocket_brand?post=6422"}],"curies":[{"name":"wp","href":"https:\/\/api.w.org\/{rel}","templated":true}]}}