{"id":6423,"date":"2023-01-27T11:27:36","date_gmt":"2023-01-27T11:27:36","guid":{"rendered":"https:\/\/dev.stackers.ro\/rm\/product\/taitei-instant-volcano-cu-aroma-de-pui-pahar-70g-paldo\/"},"modified":"2023-04-11T08:22:55","modified_gmt":"2023-04-11T08:22:55","slug":"taitei-instant-volcano-cu-aroma-de-pui-pahar-70g-paldo","status":"publish","type":"product","link":"https:\/\/pretasouper.com\/en\/supa\/taitei-instant-volcano-cu-aroma-de-pui-pahar-70g-paldo\/","title":{"rendered":"Instant Noodles Volcano Chicken (CUP) 70g - Paldo"},"content":{"rendered":"<p>Ingrediente: F\u0103in\u0103 de gr\u00e2u, ulei de palmier, amidon de cartofi, amidon de cartofi modificat, extract vegetal (usturoi, ceap\u0103), sare, ulei emulsionat (ulei de floarea soarelui, lecitin\u0103, agent alcalin (E501, E500, E339), agent de \u00eengro\u0219are (E412), colorant (E101). ), Extract de ceai verde.Baz\u0103 de sup\u0103: Sos picant (Pudr\u0103 de ardei ro\u0219u), Ap\u0103, Fructoz\u0103, Zah\u0103r, Sos de soia (Soia, Gr\u00e2u, Sare), Extract de drojdie, Potentiator de arom\u0103 (Maltodextrin\u0103, Zah\u0103r), Sare, Glucoz\u0103, Carne de vit\u0103 artificial\u0103 arom\u0103, arom\u0103 artificial\u0103 de pui, pudr\u0103 de usturoi, pudr\u0103 de curry, ulei de soia, boia de ardei, sirop de caramel, extract de ghimbir, susan pr\u0103jit, alge marine, amidon modificat de tapioca.<\/p>","protected":false},"excerpt":{"rendered":"<p>Hot instant noodles (from wheat), with the flavor of fried chicken.<\/p>","protected":false},"featured_media":7003,"template":"","meta":[],"product_brand":[],"product_cat":[86,106],"product_tag":[224,190,84,237,255,225,183,254],"berocket_brand":[98],"class_list":{"0":"post-6423","1":"product","2":"type-product","3":"status-publish","4":"has-post-thumbnail","6":"product_cat-coreea","7":"product_cat-taitei","8":"product_tag-coreea-de-sud","9":"product_tag-hot","10":"product_tag-instant","11":"product_tag-pahar","12":"product_tag-paldo","13":"product_tag-pui","14":"product_tag-taitei","15":"product_tag-volcano","16":"berocket_brand-paldo","18":"first","19":"outofstock","20":"taxable","21":"shipping-taxable","22":"purchasable","23":"product-type-simple"},"_links":{"self":[{"href":"https:\/\/pretasouper.com\/en\/wp-json\/wp\/v2\/product\/6423","targetHints":{"allow":["GET"]}}],"collection":[{"href":"https:\/\/pretasouper.com\/en\/wp-json\/wp\/v2\/product"}],"about":[{"href":"https:\/\/pretasouper.com\/en\/wp-json\/wp\/v2\/types\/product"}],"version-history":[{"count":3,"href":"https:\/\/pretasouper.com\/en\/wp-json\/wp\/v2\/product\/6423\/revisions"}],"predecessor-version":[{"id":7005,"href":"https:\/\/pretasouper.com\/en\/wp-json\/wp\/v2\/product\/6423\/revisions\/7005"}],"wp:featuredmedia":[{"embeddable":true,"href":"https:\/\/pretasouper.com\/en\/wp-json\/wp\/v2\/media\/7003"}],"wp:attachment":[{"href":"https:\/\/pretasouper.com\/en\/wp-json\/wp\/v2\/media?parent=6423"}],"wp:term":[{"taxonomy":"product_brand","embeddable":true,"href":"https:\/\/pretasouper.com\/en\/wp-json\/wp\/v2\/product_brand?post=6423"},{"taxonomy":"product_cat","embeddable":true,"href":"https:\/\/pretasouper.com\/en\/wp-json\/wp\/v2\/product_cat?post=6423"},{"taxonomy":"product_tag","embeddable":true,"href":"https:\/\/pretasouper.com\/en\/wp-json\/wp\/v2\/product_tag?post=6423"},{"taxonomy":"berocket_brand","embeddable":true,"href":"https:\/\/pretasouper.com\/en\/wp-json\/wp\/v2\/berocket_brand?post=6423"}],"curies":[{"name":"wp","href":"https:\/\/api.w.org\/{rel}","templated":true}]}}