{"id":6426,"date":"2023-01-27T11:27:36","date_gmt":"2023-01-27T11:27:36","guid":{"rendered":"https:\/\/dev.stackers.ro\/rm\/product\/supa-instant-cu-creveti-60g-yum-yum\/"},"modified":"2023-09-09T10:09:07","modified_gmt":"2023-09-09T10:09:07","slug":"supa-instant-cu-creveti-60g-yum-yum","status":"publish","type":"product","link":"https:\/\/pretasouper.com\/en\/supa\/supa-instant-cu-creveti-60g-yum-yum\/","title":{"rendered":"Instant soup with shrimps (Glass) 70g - Yum Yum"},"content":{"rendered":"<p>Ingrediente: F\u0103in\u0103 de GR\u00c2U, ulei de palmier (ulei de palmier, antioxidan\u021bi: E319, E306), amidon de tapioca, sare, zah\u0103r, legume (usturoi, ceap\u0103, ceap\u0103 prim\u0103var\u0103), condimente (Chili, galangal), arom\u0103 E621, E635, acizi: E296, E330 (acid citric), sos de soia pudr\u0103 (SOIA, sirop de glucoz\u0103, maltodextrin\u0103, colorant alimentar: E150c), regulatori de aciditate: E500, E452, E451, matodextrin\u0103, amidon de porumb, sos de PE\u0218TE (extract de ANSHOA, sare, zah\u0103r), creve\u021bi, 2%, iarba de lamaie, agenti de ingrosare arome: E466, extract de drojdie, colorant alimentar: E160c<\/p>","protected":false},"excerpt":{"rendered":"<p>Instant wheat noodles with shrimp flavor<\/p>","protected":false},"featured_media":7495,"template":"","meta":[],"product_brand":[],"product_cat":[109,40],"product_tag":[215,84,237,197,183,274],"berocket_brand":[100],"class_list":{"0":"post-6426","1":"product","2":"type-product","3":"status-publish","4":"has-post-thumbnail","6":"product_cat-fainuri-tempurapanko-condimenteierburi","7":"product_cat-tailanda","8":"product_tag-creveti","9":"product_tag-instant","10":"product_tag-pahar","11":"product_tag-tailanda","12":"product_tag-taitei","13":"product_tag-yum-yum","14":"berocket_brand-yumyum","16":"first","17":"instock","18":"taxable","19":"shipping-taxable","20":"purchasable","21":"product-type-simple"},"_links":{"self":[{"href":"https:\/\/pretasouper.com\/en\/wp-json\/wp\/v2\/product\/6426","targetHints":{"allow":["GET"]}}],"collection":[{"href":"https:\/\/pretasouper.com\/en\/wp-json\/wp\/v2\/product"}],"about":[{"href":"https:\/\/pretasouper.com\/en\/wp-json\/wp\/v2\/types\/product"}],"version-history":[{"count":4,"href":"https:\/\/pretasouper.com\/en\/wp-json\/wp\/v2\/product\/6426\/revisions"}],"predecessor-version":[{"id":7496,"href":"https:\/\/pretasouper.com\/en\/wp-json\/wp\/v2\/product\/6426\/revisions\/7496"}],"wp:featuredmedia":[{"embeddable":true,"href":"https:\/\/pretasouper.com\/en\/wp-json\/wp\/v2\/media\/7495"}],"wp:attachment":[{"href":"https:\/\/pretasouper.com\/en\/wp-json\/wp\/v2\/media?parent=6426"}],"wp:term":[{"taxonomy":"product_brand","embeddable":true,"href":"https:\/\/pretasouper.com\/en\/wp-json\/wp\/v2\/product_brand?post=6426"},{"taxonomy":"product_cat","embeddable":true,"href":"https:\/\/pretasouper.com\/en\/wp-json\/wp\/v2\/product_cat?post=6426"},{"taxonomy":"product_tag","embeddable":true,"href":"https:\/\/pretasouper.com\/en\/wp-json\/wp\/v2\/product_tag?post=6426"},{"taxonomy":"berocket_brand","embeddable":true,"href":"https:\/\/pretasouper.com\/en\/wp-json\/wp\/v2\/berocket_brand?post=6426"}],"curies":[{"name":"wp","href":"https:\/\/api.w.org\/{rel}","templated":true}]}}