{"id":6428,"date":"2023-01-27T11:27:36","date_gmt":"2023-01-27T11:27:36","guid":{"rendered":"https:\/\/dev.stackers.ro\/rm\/product\/taitei-instant-cu-pui-si-curry-80g-indomie\/"},"modified":"2024-06-04T09:08:27","modified_gmt":"2024-06-04T09:08:27","slug":"taitei-instant-cu-pui-si-curry-80g-indomie","status":"publish","type":"product","link":"https:\/\/pretasouper.com\/en\/supa\/taitei-instant-cu-pui-si-curry-80g-indomie\/","title":{"rendered":"Chicken curry flavour instant noodles 80g - Indomie"},"content":{"rendered":"<p>Ingrediente: F\u0103in\u0103 de GR\u00c2U, ulei vegetal, amidon de cartofi, sare, regulator de aciditate (carbonat de potasiu, carbonat de sodiu, polifosfa\u021bi de sodiu), agent de \u00eengro\u0219are (guma de guar) , colorant (riboflavina), antioxidant (TBHQ).<\/p>","protected":false},"excerpt":{"rendered":"<p>Sunt taitei instant cu aroma de pui si curry. Fierbeti taiteii timp de 3 minute in apa. Scurgeti taiteii. Goliti continutul condimentului in tigaie la foc mediu. Puneti taiteii in tigaie si prajiti rapid timp de 1 &#8211; 2 minute, acoperind uniform taiteii. La final, puteti praji un ou (mai moale) si il puneti deasupra.<\/p>","protected":false},"featured_media":6348,"template":"","meta":[],"product_brand":[],"product_cat":[165,106],"product_tag":[214,280,279,84,225,183],"berocket_brand":[96],"class_list":{"0":"post-6428","1":"product","2":"type-product","3":"status-publish","4":"has-post-thumbnail","6":"product_cat-indonezia","7":"product_cat-taitei","8":"product_tag-curry","9":"product_tag-indomie","10":"product_tag-indonezia","11":"product_tag-instant","12":"product_tag-pui","13":"product_tag-taitei","14":"berocket_brand-indomie","16":"first","17":"instock","18":"taxable","19":"shipping-taxable","20":"purchasable","21":"product-type-simple"},"_links":{"self":[{"href":"https:\/\/pretasouper.com\/en\/wp-json\/wp\/v2\/product\/6428","targetHints":{"allow":["GET"]}}],"collection":[{"href":"https:\/\/pretasouper.com\/en\/wp-json\/wp\/v2\/product"}],"about":[{"href":"https:\/\/pretasouper.com\/en\/wp-json\/wp\/v2\/types\/product"}],"version-history":[{"count":3,"href":"https:\/\/pretasouper.com\/en\/wp-json\/wp\/v2\/product\/6428\/revisions"}],"predecessor-version":[{"id":6995,"href":"https:\/\/pretasouper.com\/en\/wp-json\/wp\/v2\/product\/6428\/revisions\/6995"}],"wp:featuredmedia":[{"embeddable":true,"href":"https:\/\/pretasouper.com\/en\/wp-json\/wp\/v2\/media\/6348"}],"wp:attachment":[{"href":"https:\/\/pretasouper.com\/en\/wp-json\/wp\/v2\/media?parent=6428"}],"wp:term":[{"taxonomy":"product_brand","embeddable":true,"href":"https:\/\/pretasouper.com\/en\/wp-json\/wp\/v2\/product_brand?post=6428"},{"taxonomy":"product_cat","embeddable":true,"href":"https:\/\/pretasouper.com\/en\/wp-json\/wp\/v2\/product_cat?post=6428"},{"taxonomy":"product_tag","embeddable":true,"href":"https:\/\/pretasouper.com\/en\/wp-json\/wp\/v2\/product_tag?post=6428"},{"taxonomy":"berocket_brand","embeddable":true,"href":"https:\/\/pretasouper.com\/en\/wp-json\/wp\/v2\/berocket_brand?post=6428"}],"curies":[{"name":"wp","href":"https:\/\/api.w.org\/{rel}","templated":true}]}}