{"id":6436,"date":"2023-01-27T11:27:38","date_gmt":"2023-01-27T11:27:38","guid":{"rendered":"https:\/\/dev.stackers.ro\/rm\/product\/taitei-instant-cu-creveti-70g-indomie\/"},"modified":"2024-07-04T12:29:56","modified_gmt":"2024-07-04T12:29:56","slug":"taitei-instant-cu-creveti-70g-indomie","status":"publish","type":"product","link":"https:\/\/pretasouper.com\/en\/supa\/taitei-instant-cu-creveti-70g-indomie\/","title":{"rendered":"Instant noodles with shrimp flavour 70g - Indomie"},"content":{"rendered":"<p>Ingrediente: f\u0103in\u0103 de gr\u00e2u, ulei de palmier (ulei de palmier, antioxidan\u021bi E319, E306), amidon de tapioca, sare, zah\u0103r, legume (usturoi, ceap\u0103, ceap\u0103 prim\u0103var\u0103), condimente (chili, galangal), poten\u021biatori de arom\u0103 E621, E635, acizi E296, E330, sos de soia pudr\u0103 (soia, sirop de glucoz\u0103, matodextrin\u0103, culoare E150c), regulatori de aciditate E500, E452, E451, maltodextrin\u0103, amidon de porumb, sos de pe\u0219te (extract de hamsie, sare, zah\u0103r), creve\u021bi 0,2%, lemongrass, arome 466, \u00eengro\u0219\u0103tor extract de drojdie, culoare E160c. Acest produs poate con\u021bine urme de lapte, \u021belin\u0103 \u0219i semin\u021be de susan.<\/p>","protected":false},"excerpt":{"rendered":"<p>Instant wheat flour noodles with shrimp.<\/p>","protected":false},"featured_media":6337,"template":"","meta":[],"product_brand":[],"product_cat":[109,165],"product_tag":[215,280,279,84,183],"berocket_brand":[96],"class_list":{"0":"post-6436","1":"product","2":"type-product","3":"status-publish","4":"has-post-thumbnail","6":"product_cat-fainuri-tempurapanko-condimenteierburi","7":"product_cat-indonezia","8":"product_tag-creveti","9":"product_tag-indomie","10":"product_tag-indonezia","11":"product_tag-instant","12":"product_tag-taitei","13":"berocket_brand-indomie","15":"first","16":"instock","17":"taxable","18":"shipping-taxable","19":"purchasable","20":"product-type-simple"},"_links":{"self":[{"href":"https:\/\/pretasouper.com\/en\/wp-json\/wp\/v2\/product\/6436","targetHints":{"allow":["GET"]}}],"collection":[{"href":"https:\/\/pretasouper.com\/en\/wp-json\/wp\/v2\/product"}],"about":[{"href":"https:\/\/pretasouper.com\/en\/wp-json\/wp\/v2\/types\/product"}],"version-history":[{"count":3,"href":"https:\/\/pretasouper.com\/en\/wp-json\/wp\/v2\/product\/6436\/revisions"}],"predecessor-version":[{"id":7036,"href":"https:\/\/pretasouper.com\/en\/wp-json\/wp\/v2\/product\/6436\/revisions\/7036"}],"wp:featuredmedia":[{"embeddable":true,"href":"https:\/\/pretasouper.com\/en\/wp-json\/wp\/v2\/media\/6337"}],"wp:attachment":[{"href":"https:\/\/pretasouper.com\/en\/wp-json\/wp\/v2\/media?parent=6436"}],"wp:term":[{"taxonomy":"product_brand","embeddable":true,"href":"https:\/\/pretasouper.com\/en\/wp-json\/wp\/v2\/product_brand?post=6436"},{"taxonomy":"product_cat","embeddable":true,"href":"https:\/\/pretasouper.com\/en\/wp-json\/wp\/v2\/product_cat?post=6436"},{"taxonomy":"product_tag","embeddable":true,"href":"https:\/\/pretasouper.com\/en\/wp-json\/wp\/v2\/product_tag?post=6436"},{"taxonomy":"berocket_brand","embeddable":true,"href":"https:\/\/pretasouper.com\/en\/wp-json\/wp\/v2\/berocket_brand?post=6436"}],"curies":[{"name":"wp","href":"https:\/\/api.w.org\/{rel}","templated":true}]}}