{"id":6440,"date":"2023-01-27T11:27:38","date_gmt":"2023-01-27T11:27:38","guid":{"rendered":"https:\/\/dev.stackers.ro\/rm\/product\/supa-instant-cu-pui-sriracha-60g-yum-yum\/"},"modified":"2024-01-15T13:30:01","modified_gmt":"2024-01-15T13:30:01","slug":"supa-instant-cu-pui-sriracha-60g-yum-yum","status":"publish","type":"product","link":"https:\/\/pretasouper.com\/en\/supa\/supa-instant-cu-pui-sriracha-60g-yum-yum\/","title":{"rendered":"Chicken Sriracha instant noodles 60g - Yum Yum"},"content":{"rendered":"<p>Ingrediente: F\u0103in\u0103 de gr\u00e2u, Ulei de palmier (con\u021bine, Antioxidant: E319), Amidon de tapioca, condimente (Arom\u0103, Amplificator de arom\u0103: E627, Poten\u021biator de arom\u0103: E631, Extract de drojdie), regulator de aciditate: E500, carbonat de sodiu, regulator de aciditate: Polifosfat E452, regulator de aciditate: trifosfat E451, Agent de \u00eengro\u0219are: carboximetilceluloz\u0103 de sodiu E466<br \/>\nAmestec de condimente: zah\u0103r, sare, arom\u0103 (con\u021bine, boabe de soia), poten\u021biator de arom\u0103: glutamat monosodic E621, poten\u021biator de arom\u0103: guanilat disodic E627, poten\u021biator de arom\u0103: inozinat disodic E631, legume (usturoi, frunze de ceap\u0103, ceap\u0103), sos de soia, pudr\u0103 sirop, colorant: caramel amoniac E150c), maltodextrin\u0103, agent antiaglomerant: dioxid de siliciu E551, regulator de aciditate: acid citric E330, condimente (pudr\u0103 de ardei iute, oleorezin\u0103 de ardei capia), agent de colorare: extract de boia de ardei E160c, extract de drojdie, ulei de palmier ( con\u021bine, Antioxidant E320 (max. 0,2 gr per kg)), Antioxidant: Tocoferol E306<\/p>","protected":false},"excerpt":{"rendered":"<p style=\"text-align: left;\">Taitei instant din faina de grau cu aroma de pui si sos sriracha iute.<\/p>","protected":false},"featured_media":6299,"template":"","meta":[],"product_brand":[],"product_cat":[40,106],"product_tag":[84,225,288,197,183,274],"berocket_brand":[100],"class_list":{"0":"post-6440","1":"product","2":"type-product","3":"status-publish","4":"has-post-thumbnail","6":"product_cat-tailanda","7":"product_cat-taitei","8":"product_tag-instant","9":"product_tag-pui","10":"product_tag-sriracha","11":"product_tag-tailanda","12":"product_tag-taitei","13":"product_tag-yum-yum","14":"berocket_brand-yumyum","16":"first","17":"outofstock","18":"taxable","19":"shipping-taxable","20":"purchasable","21":"product-type-simple"},"_links":{"self":[{"href":"https:\/\/pretasouper.com\/en\/wp-json\/wp\/v2\/product\/6440","targetHints":{"allow":["GET"]}}],"collection":[{"href":"https:\/\/pretasouper.com\/en\/wp-json\/wp\/v2\/product"}],"about":[{"href":"https:\/\/pretasouper.com\/en\/wp-json\/wp\/v2\/types\/product"}],"version-history":[{"count":3,"href":"https:\/\/pretasouper.com\/en\/wp-json\/wp\/v2\/product\/6440\/revisions"}],"predecessor-version":[{"id":7026,"href":"https:\/\/pretasouper.com\/en\/wp-json\/wp\/v2\/product\/6440\/revisions\/7026"}],"wp:featuredmedia":[{"embeddable":true,"href":"https:\/\/pretasouper.com\/en\/wp-json\/wp\/v2\/media\/6299"}],"wp:attachment":[{"href":"https:\/\/pretasouper.com\/en\/wp-json\/wp\/v2\/media?parent=6440"}],"wp:term":[{"taxonomy":"product_brand","embeddable":true,"href":"https:\/\/pretasouper.com\/en\/wp-json\/wp\/v2\/product_brand?post=6440"},{"taxonomy":"product_cat","embeddable":true,"href":"https:\/\/pretasouper.com\/en\/wp-json\/wp\/v2\/product_cat?post=6440"},{"taxonomy":"product_tag","embeddable":true,"href":"https:\/\/pretasouper.com\/en\/wp-json\/wp\/v2\/product_tag?post=6440"},{"taxonomy":"berocket_brand","embeddable":true,"href":"https:\/\/pretasouper.com\/en\/wp-json\/wp\/v2\/berocket_brand?post=6440"}],"curies":[{"name":"wp","href":"https:\/\/api.w.org\/{rel}","templated":true}]}}