{"id":6441,"date":"2023-01-27T11:27:38","date_gmt":"2023-01-27T11:27:38","guid":{"rendered":"https:\/\/dev.stackers.ro\/rm\/product\/supa-instant-tom-ka-100g-yum-yum\/"},"modified":"2024-04-16T12:09:19","modified_gmt":"2024-04-16T12:09:19","slug":"supa-instant-tom-ka-100g-yum-yum","status":"publish","type":"product","link":"https:\/\/pretasouper.com\/en\/supa\/supa-instant-tom-ka-100g-yum-yum\/","title":{"rendered":"Thai coconut soup with chicken flavour 100g - Yum Yum"},"content":{"rendered":"<p>Ingrediente: F\u0103in\u0103 de Gr\u00e2u, ulei de palmier rafinat (E319, E320), amidon de tapioca, zah\u0103r rafinat, sm\u00e2nt\u00e2n\u0103 (sirop de glucoz\u0103, ulei hidrogenat de s\u00e2mburi de palmier, protein\u0103 din LAPTE, regulator de aciditate: E340, emulgator: E471, dioxid de siliciu: E551), poten\u021biatori de arom\u0103 (monosodic). glutamat: E621, 5&#8242;-Ribonucleotide disodice: E635), sare rafinat\u0103, condimente (Chili, galanga), ierburi (lemon grass, p\u0103trunjel cu frunze lungi), sos de soia pudr\u0103 (soia boabe, sirop de glucoz\u0103, maltodextrin\u0103, colorant: E150c, acid : E330, ulei de palmier), acizi: acid malid (E296), acid citric (E330), regulatori de aciditate: carbonat de sodiu (E500), polifosfat de sodiu (E452), tripolifosfat de sodiu (E451), carbonat de potasiu (E501), agen\u0163i de \u00eengro\u015fare: xantan gum\u0103 (E415), carboxil metil celuloz\u0103 (E466), frunze de ceap\u0103, praf de sos de PE\u0218TE (extract de ANSHOA, sare, zah\u0103r, maltodextrin\u0103), pudr\u0103 de crem\u0103 de cocos (crem\u0103 de cocos, sirop de glucoz\u0103, protein\u0103 din LAPTE, dioxid de siliciu: E551, fosfat dipotasiu: E340, arom\u0103 (con\u021bine boabe de soia, 5\u2019-ribonucleotide disodice (E635), extract de drojdie).<\/p>","protected":false},"excerpt":{"rendered":"<p>This is an instant Tom Ka soup, which contains, in addition to vegetables such as lemon grass, galangal, or lime leaves, it also contains coconut milk.<\/p>","protected":false},"featured_media":7502,"template":"","meta":[],"product_brand":[],"product_cat":[40,106],"product_tag":[84,269,225,183,342],"berocket_brand":[100],"class_list":{"0":"post-6441","1":"product","2":"type-product","3":"status-publish","4":"has-post-thumbnail","6":"product_cat-tailanda","7":"product_cat-taitei","8":"product_tag-instant","9":"product_tag-lapte-de-cocos","10":"product_tag-pui","11":"product_tag-taitei","12":"product_tag-tom-ka","13":"berocket_brand-yumyum","15":"first","16":"outofstock","17":"taxable","18":"shipping-taxable","19":"purchasable","20":"product-type-simple"},"_links":{"self":[{"href":"https:\/\/pretasouper.com\/en\/wp-json\/wp\/v2\/product\/6441","targetHints":{"allow":["GET"]}}],"collection":[{"href":"https:\/\/pretasouper.com\/en\/wp-json\/wp\/v2\/product"}],"about":[{"href":"https:\/\/pretasouper.com\/en\/wp-json\/wp\/v2\/types\/product"}],"version-history":[{"count":2,"href":"https:\/\/pretasouper.com\/en\/wp-json\/wp\/v2\/product\/6441\/revisions"}],"predecessor-version":[{"id":7503,"href":"https:\/\/pretasouper.com\/en\/wp-json\/wp\/v2\/product\/6441\/revisions\/7503"}],"wp:featuredmedia":[{"embeddable":true,"href":"https:\/\/pretasouper.com\/en\/wp-json\/wp\/v2\/media\/7502"}],"wp:attachment":[{"href":"https:\/\/pretasouper.com\/en\/wp-json\/wp\/v2\/media?parent=6441"}],"wp:term":[{"taxonomy":"product_brand","embeddable":true,"href":"https:\/\/pretasouper.com\/en\/wp-json\/wp\/v2\/product_brand?post=6441"},{"taxonomy":"product_cat","embeddable":true,"href":"https:\/\/pretasouper.com\/en\/wp-json\/wp\/v2\/product_cat?post=6441"},{"taxonomy":"product_tag","embeddable":true,"href":"https:\/\/pretasouper.com\/en\/wp-json\/wp\/v2\/product_tag?post=6441"},{"taxonomy":"berocket_brand","embeddable":true,"href":"https:\/\/pretasouper.com\/en\/wp-json\/wp\/v2\/berocket_brand?post=6441"}],"curies":[{"name":"wp","href":"https:\/\/api.w.org\/{rel}","templated":true}]}}