{"id":6837,"date":"2023-02-15T15:25:31","date_gmt":"2023-02-15T15:25:31","guid":{"rendered":"https:\/\/pretasouper.com\/?post_type=product&#038;p=6837"},"modified":"2024-01-15T13:07:15","modified_gmt":"2024-01-15T13:07:15","slug":"taitei-instant-damae-ramen-cu-aroma-de-pui-100g-nissin","status":"publish","type":"product","link":"https:\/\/pretasouper.com\/en\/supa\/taitei-instant-damae-ramen-cu-aroma-de-pui-100g-nissin\/","title":{"rendered":"Instant noodles Damae ramen with chicken flavor 100g - Nissin"},"content":{"rendered":"<p>Ingredients:<\/p>\n<p>Fidea: f\u0103in\u0103 de gr\u00e2u, ulei vegetal, sare, agen\u021bi de tratare a f\u0103inii (E500, E451), stabilizator E501, agent de \u00eengro\u0219are E412, antioxidant E306 (con\u021bine soia \u0219i lactoz\u0103).<\/p>\n<p>Pulbere de condimente: sare, poten\u021biator de arom\u0103 E621, E635, zah\u0103r, pudr\u0103 de carne de pui (6,1% \u00een pudr\u0103 de condimente) condimente, pudr\u0103 de sos de soia (fasole de soia, gr\u00e2u, sare, maltodextrin\u0103), arome de praz, extract de drojdie, agent antiaglomerant E51 Arome.<\/p>\n<p>Ulei de condimente: ulei de susan, ulei vegetal, colorant E160c, ulei de usturoi.<\/p>","protected":false},"excerpt":{"rendered":"<p>Taitei instant din faina de grau cu pui.<\/p>","protected":false},"featured_media":7376,"template":"","meta":[],"product_brand":[],"product_cat":[87,106],"product_tag":[84,238,225,189,183],"berocket_brand":[89],"class_list":{"0":"post-6837","1":"product","2":"type-product","3":"status-publish","4":"has-post-thumbnail","6":"product_cat-japonia","7":"product_cat-taitei","8":"product_tag-instant","9":"product_tag-nissin","10":"product_tag-pui","11":"product_tag-ramen","12":"product_tag-taitei","13":"berocket_brand-nissin","15":"first","16":"outofstock","17":"taxable","18":"shipping-taxable","19":"purchasable","20":"product-type-simple"},"_links":{"self":[{"href":"https:\/\/pretasouper.com\/en\/wp-json\/wp\/v2\/product\/6837","targetHints":{"allow":["GET"]}}],"collection":[{"href":"https:\/\/pretasouper.com\/en\/wp-json\/wp\/v2\/product"}],"about":[{"href":"https:\/\/pretasouper.com\/en\/wp-json\/wp\/v2\/types\/product"}],"version-history":[{"count":3,"href":"https:\/\/pretasouper.com\/en\/wp-json\/wp\/v2\/product\/6837\/revisions"}],"predecessor-version":[{"id":7378,"href":"https:\/\/pretasouper.com\/en\/wp-json\/wp\/v2\/product\/6837\/revisions\/7378"}],"wp:featuredmedia":[{"embeddable":true,"href":"https:\/\/pretasouper.com\/en\/wp-json\/wp\/v2\/media\/7376"}],"wp:attachment":[{"href":"https:\/\/pretasouper.com\/en\/wp-json\/wp\/v2\/media?parent=6837"}],"wp:term":[{"taxonomy":"product_brand","embeddable":true,"href":"https:\/\/pretasouper.com\/en\/wp-json\/wp\/v2\/product_brand?post=6837"},{"taxonomy":"product_cat","embeddable":true,"href":"https:\/\/pretasouper.com\/en\/wp-json\/wp\/v2\/product_cat?post=6837"},{"taxonomy":"product_tag","embeddable":true,"href":"https:\/\/pretasouper.com\/en\/wp-json\/wp\/v2\/product_tag?post=6837"},{"taxonomy":"berocket_brand","embeddable":true,"href":"https:\/\/pretasouper.com\/en\/wp-json\/wp\/v2\/berocket_brand?post=6837"}],"curies":[{"name":"wp","href":"https:\/\/api.w.org\/{rel}","templated":true}]}}