{"id":6863,"date":"2023-02-17T09:12:27","date_gmt":"2023-02-17T09:12:27","guid":{"rendered":"https:\/\/pretasouper.com\/?post_type=product&#038;p=6863"},"modified":"2024-01-15T13:07:06","modified_gmt":"2024-01-15T13:07:06","slug":"taitei-instant-damae-ramen-cu-aroma-de-vita-si-5-condimente-100g-nissin","status":"publish","type":"product","link":"https:\/\/pretasouper.com\/en\/supa\/taitei-instant-damae-ramen-cu-aroma-de-vita-si-5-condimente-100g-nissin\/","title":{"rendered":"Damae ramen instant noodles with beef flavor and 5 spices 100g - Nissin"},"content":{"rendered":"<p>Ingrediente:<\/p>\n<p>T\u0103itei 90,9% [f\u0103in\u0103 TARWOOD, ulei de palmier, sare, ameliorator de f\u0103in\u0103 (carbonat de sodiu, trifosfa\u021bi), stabilizator (carbonat de potasiu), agent de \u00eengro\u0219are (gum\u0103 guar), antioxidant (extract bogat \u00een tocoferol)], pulbere de condimente 7,3% [sare, arom\u0103 amelioratori (glutamat monosodic, guanilat disodic, triuminosinat disodic), pulbere de sos de soia (boabe de soia, sare, maltodextrin\u0103), zah\u0103r, dextroz\u0103, arome de carne de vit\u0103, condimente, pudr\u0103 de extract de carne de vit\u0103 (maltodextrina) extract de carne de vit\u0103), colorant (caramel cu amoniac), praz, pudr\u0103 de sm\u00e2nt\u00e2n\u0103 (sirop de glucoz\u0103, ulei de palmier, extract de drojdie, ulei de rapi\u021b\u0103, agent antiaglomerant (dioxid de siliciu), pudr\u0103 de gr\u0103sime de vit\u0103 (gr\u0103sime de vit\u0103, extract de vit\u0103), regulator de aciditate (acid citric)], Ulei de condimente 1,8% (gr\u0103sime de vit\u0103, ulei de rapi\u021b\u0103, arome).<\/p>\n","protected":false},"excerpt":{"rendered":"<p>Taitei instant din faina de grau cu vita si 5 condimente.<\/p>","protected":false},"featured_media":7380,"template":"","meta":[],"product_brand":[],"product_cat":[87,105],"product_tag":[84,238,189,183,205],"berocket_brand":[89],"class_list":{"0":"post-6863","1":"product","2":"type-product","3":"status-publish","4":"has-post-thumbnail","6":"product_cat-japonia","7":"product_cat-orez","8":"product_tag-instant","9":"product_tag-nissin","10":"product_tag-ramen","11":"product_tag-taitei","12":"product_tag-vita","13":"berocket_brand-nissin","15":"first","16":"outofstock","17":"taxable","18":"shipping-taxable","19":"purchasable","20":"product-type-simple"},"_links":{"self":[{"href":"https:\/\/pretasouper.com\/en\/wp-json\/wp\/v2\/product\/6863","targetHints":{"allow":["GET"]}}],"collection":[{"href":"https:\/\/pretasouper.com\/en\/wp-json\/wp\/v2\/product"}],"about":[{"href":"https:\/\/pretasouper.com\/en\/wp-json\/wp\/v2\/types\/product"}],"version-history":[{"count":3,"href":"https:\/\/pretasouper.com\/en\/wp-json\/wp\/v2\/product\/6863\/revisions"}],"predecessor-version":[{"id":7525,"href":"https:\/\/pretasouper.com\/en\/wp-json\/wp\/v2\/product\/6863\/revisions\/7525"}],"wp:featuredmedia":[{"embeddable":true,"href":"https:\/\/pretasouper.com\/en\/wp-json\/wp\/v2\/media\/7380"}],"wp:attachment":[{"href":"https:\/\/pretasouper.com\/en\/wp-json\/wp\/v2\/media?parent=6863"}],"wp:term":[{"taxonomy":"product_brand","embeddable":true,"href":"https:\/\/pretasouper.com\/en\/wp-json\/wp\/v2\/product_brand?post=6863"},{"taxonomy":"product_cat","embeddable":true,"href":"https:\/\/pretasouper.com\/en\/wp-json\/wp\/v2\/product_cat?post=6863"},{"taxonomy":"product_tag","embeddable":true,"href":"https:\/\/pretasouper.com\/en\/wp-json\/wp\/v2\/product_tag?post=6863"},{"taxonomy":"berocket_brand","embeddable":true,"href":"https:\/\/pretasouper.com\/en\/wp-json\/wp\/v2\/berocket_brand?post=6863"}],"curies":[{"name":"wp","href":"https:\/\/api.w.org\/{rel}","templated":true}]}}