{"id":6865,"date":"2023-02-17T09:16:50","date_gmt":"2023-02-17T09:16:50","guid":{"rendered":"https:\/\/pretasouper.com\/?post_type=product&#038;p=6865"},"modified":"2024-06-04T08:51:24","modified_gmt":"2024-06-04T08:51:24","slug":"taitei-instant-damae-ramen-cu-ulei-de-susan-100g-nissin","status":"publish","type":"product","link":"https:\/\/pretasouper.com\/en\/supa\/taitei-instant-damae-ramen-cu-ulei-de-susan-100g-nissin\/","title":{"rendered":"Damae ramen instant noodles with sesame oil 100g - Nissin"},"content":{"rendered":"<p>Ingrediente:<br \/>\nTaitei: F\u0103in\u0103 de gr\u00e2u, ulei de palmier, sare, regulator de aciditate (452, 501, 451, 500, 339, 450), clorur\u0103 de potasiu, agent de \u00eengro\u0219are (401, 412), antioxidant (307b, 304), pudr\u0103 de ceai verde.<br \/>\nBaz\u0103 pentru sup\u0103: pudr\u0103 de sos de soia (fasole de soia, gr\u00e2u, sare), poten\u021biator de arom\u0103 (621, 635), zah\u0103r alb, condimente [pudr\u0103 de ardei iute (0,3%), pudr\u0103 de piper alb, pudr\u0103 de ghimbir], extracte de drojdie, protein\u0103 din soia hidrolizat\u0103 , Pudr\u0103 de usturoi, ceap\u0103 verde deshidratat\u0103, colorant (150 d), arom\u0103 \u0219i arom\u0103, regulator de aciditate (330).<br \/>\nPlic ulei: Ulei de susan, ulei de rapi\u021b\u0103, arom\u0103 \u0219i arom\u0103, condimente, culoare (160b).<\/p>\n","protected":false},"excerpt":{"rendered":"<p>Taitei instant din faina de grau cu ulei de susan.<\/p>","protected":false},"featured_media":7384,"template":"","meta":[],"product_brand":[],"product_cat":[87,108],"product_tag":[84,238,189,233,183,256],"berocket_brand":[89],"class_list":{"0":"post-6865","1":"product","2":"type-product","3":"status-publish","4":"has-post-thumbnail","6":"product_cat-japonia","7":"product_cat-sosuri","8":"product_tag-instant","9":"product_tag-nissin","10":"product_tag-ramen","11":"product_tag-susan","12":"product_tag-taitei","13":"product_tag-ulei","14":"berocket_brand-nissin","16":"first","17":"instock","18":"taxable","19":"shipping-taxable","20":"purchasable","21":"product-type-simple"},"_links":{"self":[{"href":"https:\/\/pretasouper.com\/en\/wp-json\/wp\/v2\/product\/6865","targetHints":{"allow":["GET"]}}],"collection":[{"href":"https:\/\/pretasouper.com\/en\/wp-json\/wp\/v2\/product"}],"about":[{"href":"https:\/\/pretasouper.com\/en\/wp-json\/wp\/v2\/types\/product"}],"version-history":[{"count":3,"href":"https:\/\/pretasouper.com\/en\/wp-json\/wp\/v2\/product\/6865\/revisions"}],"predecessor-version":[{"id":7385,"href":"https:\/\/pretasouper.com\/en\/wp-json\/wp\/v2\/product\/6865\/revisions\/7385"}],"wp:featuredmedia":[{"embeddable":true,"href":"https:\/\/pretasouper.com\/en\/wp-json\/wp\/v2\/media\/7384"}],"wp:attachment":[{"href":"https:\/\/pretasouper.com\/en\/wp-json\/wp\/v2\/media?parent=6865"}],"wp:term":[{"taxonomy":"product_brand","embeddable":true,"href":"https:\/\/pretasouper.com\/en\/wp-json\/wp\/v2\/product_brand?post=6865"},{"taxonomy":"product_cat","embeddable":true,"href":"https:\/\/pretasouper.com\/en\/wp-json\/wp\/v2\/product_cat?post=6865"},{"taxonomy":"product_tag","embeddable":true,"href":"https:\/\/pretasouper.com\/en\/wp-json\/wp\/v2\/product_tag?post=6865"},{"taxonomy":"berocket_brand","embeddable":true,"href":"https:\/\/pretasouper.com\/en\/wp-json\/wp\/v2\/berocket_brand?post=6865"}],"curies":[{"name":"wp","href":"https:\/\/api.w.org\/{rel}","templated":true}]}}