{"id":6867,"date":"2023-02-17T09:19:20","date_gmt":"2023-02-17T09:19:20","guid":{"rendered":"https:\/\/pretasouper.com\/?post_type=product&#038;p=6867"},"modified":"2024-04-04T16:15:18","modified_gmt":"2024-04-04T16:15:18","slug":"taitei-instant-damae-ramen-cu-ulei-de-susan-iute100g-nissin","status":"publish","type":"product","link":"https:\/\/pretasouper.com\/en\/supa\/taitei-instant-damae-ramen-cu-ulei-de-susan-iute100g-nissin\/","title":{"rendered":"Damae ramen instant noodles with hot sesame oil 100g - Nissin"},"content":{"rendered":"<p>Ingrediente:<\/p>\n<p>Taitei: f\u0103in\u0103 de gr\u00e2u, ulei de palmier, sare, regulator de aciditate (452, 501, 451, 500, 339, 450), agent de \u00eengro\u0219are (1400, 401, 412), antioxidant (307b, 304), pudr\u0103 de ceai verde.<\/p>\n<p>Baza de sup\u0103: sare, sos de soia pudr\u0103 (fasole de soia, gr\u00e2u, sare), poten\u021biator de arom\u0103 (621, 627, 631), zah\u0103r alb, condimente [pudr\u0103 de ardei iute (0,3%), pudr\u0103 de piper alb, pudr\u0103 de ghimbir], extracte de drojdie, Protein\u0103 de soia hidrolizat\u0103, pudr\u0103 de usturoi, colorant (150a, 160c), ceap\u0103 verde deshidratat\u0103, arom\u0103 \u0219i arom\u0103, regulator de aciditate (330).<\/p>\n<p>Ulei de condimente: ulei de susan, ulei de orez, arom\u0103 \u0219i arom\u0103, colorant (160b, 160c).<\/p>\n","protected":false},"excerpt":{"rendered":"<p>Taitei instant din faina de grau cu ulei de susan iute.<\/p>","protected":false},"featured_media":7386,"template":"","meta":[],"product_brand":[],"product_cat":[87,108],"product_tag":[84,187,238,189,233,183,256],"berocket_brand":[89],"class_list":{"0":"post-6867","1":"product","2":"type-product","3":"status-publish","4":"has-post-thumbnail","6":"product_cat-japonia","7":"product_cat-sosuri","8":"product_tag-instant","9":"product_tag-iute","10":"product_tag-nissin","11":"product_tag-ramen","12":"product_tag-susan","13":"product_tag-taitei","14":"product_tag-ulei","15":"berocket_brand-nissin","17":"first","18":"instock","19":"taxable","20":"shipping-taxable","21":"purchasable","22":"product-type-simple"},"_links":{"self":[{"href":"https:\/\/pretasouper.com\/en\/wp-json\/wp\/v2\/product\/6867","targetHints":{"allow":["GET"]}}],"collection":[{"href":"https:\/\/pretasouper.com\/en\/wp-json\/wp\/v2\/product"}],"about":[{"href":"https:\/\/pretasouper.com\/en\/wp-json\/wp\/v2\/types\/product"}],"version-history":[{"count":2,"href":"https:\/\/pretasouper.com\/en\/wp-json\/wp\/v2\/product\/6867\/revisions"}],"predecessor-version":[{"id":7387,"href":"https:\/\/pretasouper.com\/en\/wp-json\/wp\/v2\/product\/6867\/revisions\/7387"}],"wp:featuredmedia":[{"embeddable":true,"href":"https:\/\/pretasouper.com\/en\/wp-json\/wp\/v2\/media\/7386"}],"wp:attachment":[{"href":"https:\/\/pretasouper.com\/en\/wp-json\/wp\/v2\/media?parent=6867"}],"wp:term":[{"taxonomy":"product_brand","embeddable":true,"href":"https:\/\/pretasouper.com\/en\/wp-json\/wp\/v2\/product_brand?post=6867"},{"taxonomy":"product_cat","embeddable":true,"href":"https:\/\/pretasouper.com\/en\/wp-json\/wp\/v2\/product_cat?post=6867"},{"taxonomy":"product_tag","embeddable":true,"href":"https:\/\/pretasouper.com\/en\/wp-json\/wp\/v2\/product_tag?post=6867"},{"taxonomy":"berocket_brand","embeddable":true,"href":"https:\/\/pretasouper.com\/en\/wp-json\/wp\/v2\/berocket_brand?post=6867"}],"curies":[{"name":"wp","href":"https:\/\/api.w.org\/{rel}","templated":true}]}}