{"id":6869,"date":"2023-02-17T09:21:03","date_gmt":"2023-02-17T09:21:03","guid":{"rendered":"https:\/\/pretasouper.com\/?post_type=product&#038;p=6869"},"modified":"2024-04-12T09:37:06","modified_gmt":"2024-04-12T09:37:06","slug":"taitei-instant-damae-hokaido-miso-tonkatsu-100g-nissin","status":"publish","type":"product","link":"https:\/\/pretasouper.com\/en\/supa\/taitei-instant-damae-hokaido-miso-tonkatsu-100g-nissin\/","title":{"rendered":"Instant noodles Damae Hokaido miso Tonkatsu 100g \u2013 Nissin"},"content":{"rendered":"<p>Ingrediente: Fidea din f\u0103in\u0103 de gr\u00e2u, ulei de palmier, amidon de tapioca, sare, regulator de aciditate (452, 501, 451, 500, 339, 450), agent de \u00eengro\u0219are (1400, 401, 412), antioxidant (307b, 304) pulbere verde .<\/p>\n<p>Sos de condimente: Sos miso (3,6%) (boabe de soia, orez, sare), arome \u0219i arome (porc, pui, carne de vit\u0103), sos de soia (fasole de soia, gr\u00e2u, sare), past\u0103 de susan (semin\u021be de susan, arahide, ulei de susan) , ulei de palmier, sos de boabe de ardei iute (ardei iute, boabe de soia, gr\u00e2u, sare), usturoi, ceap\u0103, sare, extracte de drojdie, colorant (160c), antioxidant (307b). Amplificator de arom\u0103 de baz\u0103 pentru sup\u0103 (621, 627, 631), zah\u0103r alb, sare, pudr\u0103 de usturoi, arom\u0103 (carne de porc), pudr\u0103 de sos de soia (soia boabe, gr\u00e2u, sare), sirop de glucoz\u0103, extracte de drojdie, ulei de palmier, condimente, protein\u0103 din soia hidrolizat\u0103, ceap\u0103 verde deshidratat\u0103, colorant (150a), agent de \u00eengro\u0219are (412), protein\u0103 din lapte, agent antiaglomerant (551).<\/p>\n<p>Sfaturi pentru alergii: Nu este potrivit pentru persoanele alergice la gluten, soia, susan.<\/p>","protected":false},"excerpt":{"rendered":"<p>Taitei instant din faina de grau cu miso Hokaido.<\/p>","protected":false},"featured_media":7389,"template":"","meta":[],"product_brand":[],"product_cat":[87,108],"product_tag":[257,84,202,201,238,189,183,258],"berocket_brand":[89],"class_list":{"0":"post-6869","1":"product","2":"type-product","3":"status-publish","4":"has-post-thumbnail","6":"product_cat-japonia","7":"product_cat-sosuri","8":"product_tag-hokaido","9":"product_tag-instant","10":"product_tag-japonia","11":"product_tag-miso","12":"product_tag-nissin","13":"product_tag-ramen","14":"product_tag-taitei","15":"product_tag-tonkatsu","16":"berocket_brand-nissin","18":"first","19":"instock","20":"taxable","21":"shipping-taxable","22":"purchasable","23":"product-type-simple"},"_links":{"self":[{"href":"https:\/\/pretasouper.com\/en\/wp-json\/wp\/v2\/product\/6869","targetHints":{"allow":["GET"]}}],"collection":[{"href":"https:\/\/pretasouper.com\/en\/wp-json\/wp\/v2\/product"}],"about":[{"href":"https:\/\/pretasouper.com\/en\/wp-json\/wp\/v2\/types\/product"}],"version-history":[{"count":3,"href":"https:\/\/pretasouper.com\/en\/wp-json\/wp\/v2\/product\/6869\/revisions"}],"predecessor-version":[{"id":7390,"href":"https:\/\/pretasouper.com\/en\/wp-json\/wp\/v2\/product\/6869\/revisions\/7390"}],"wp:featuredmedia":[{"embeddable":true,"href":"https:\/\/pretasouper.com\/en\/wp-json\/wp\/v2\/media\/7389"}],"wp:attachment":[{"href":"https:\/\/pretasouper.com\/en\/wp-json\/wp\/v2\/media?parent=6869"}],"wp:term":[{"taxonomy":"product_brand","embeddable":true,"href":"https:\/\/pretasouper.com\/en\/wp-json\/wp\/v2\/product_brand?post=6869"},{"taxonomy":"product_cat","embeddable":true,"href":"https:\/\/pretasouper.com\/en\/wp-json\/wp\/v2\/product_cat?post=6869"},{"taxonomy":"product_tag","embeddable":true,"href":"https:\/\/pretasouper.com\/en\/wp-json\/wp\/v2\/product_tag?post=6869"},{"taxonomy":"berocket_brand","embeddable":true,"href":"https:\/\/pretasouper.com\/en\/wp-json\/wp\/v2\/berocket_brand?post=6869"}],"curies":[{"name":"wp","href":"https:\/\/api.w.org\/{rel}","templated":true}]}}