{"id":7080,"date":"2023-02-20T13:15:30","date_gmt":"2023-02-20T13:15:30","guid":{"rendered":"https:\/\/pretasouper.com\/?post_type=product&#038;p=7080"},"modified":"2023-05-18T13:03:57","modified_gmt":"2023-05-18T13:03:57","slug":"supa-instant-cu-vita-pahar-60g-abc","status":"publish","type":"product","link":"https:\/\/pretasouper.com\/en\/supa\/supa-instant-cu-vita-pahar-60g-abc\/","title":{"rendered":"Instant beef soup (glass) 60g \u2013 ABC"},"content":{"rendered":"<p>Ingrediente taitei: faina de grau, ulei de palmier, sare, regulator de aciditate (E500, E501), agent de ingrosare (E412), stabilizator (E452), colorant (E160a).<\/p>\n<p>Pudr\u0103 de condimente: sare, zah\u0103r, poten\u021biator de arom\u0103 (E621), arom\u0103 artificial\u0103 de vit\u0103 (con\u021bine soia, \u021belin\u0103), pudr\u0103 de ardei, pudr\u0103 de usturoi, pudr\u0103 de ceap\u0103, pudr\u0103 de sos de soia (con\u021bine soia), colorant (E150d), pudr\u0103 de chili.<\/p>\n<p>Legume deshidratate: praz, morcov, proteine \u200b\u200bdin soia modificate.<\/p>\n<p>Ulei: ulei de soia, ceapa.<\/p>","protected":false},"excerpt":{"rendered":"<p>Taitei\u00a0 instant din faina de grau cu aroma de vita.<\/p>","protected":false},"featured_media":7391,"template":"","meta":[],"product_brand":[],"product_cat":[165,105],"product_tag":[291,279,84,237,290,183,205],"berocket_brand":[95],"class_list":{"0":"post-7080","1":"product","2":"type-product","3":"status-publish","4":"has-post-thumbnail","6":"product_cat-indonezia","7":"product_cat-orez","8":"product_tag-abc","9":"product_tag-indonezia","10":"product_tag-instant","11":"product_tag-pahar","12":"product_tag-soto","13":"product_tag-taitei","14":"product_tag-vita","15":"berocket_brand-abc","17":"first","18":"instock","19":"taxable","20":"shipping-taxable","21":"purchasable","22":"product-type-simple"},"_links":{"self":[{"href":"https:\/\/pretasouper.com\/en\/wp-json\/wp\/v2\/product\/7080","targetHints":{"allow":["GET"]}}],"collection":[{"href":"https:\/\/pretasouper.com\/en\/wp-json\/wp\/v2\/product"}],"about":[{"href":"https:\/\/pretasouper.com\/en\/wp-json\/wp\/v2\/types\/product"}],"version-history":[{"count":5,"href":"https:\/\/pretasouper.com\/en\/wp-json\/wp\/v2\/product\/7080\/revisions"}],"predecessor-version":[{"id":7392,"href":"https:\/\/pretasouper.com\/en\/wp-json\/wp\/v2\/product\/7080\/revisions\/7392"}],"wp:featuredmedia":[{"embeddable":true,"href":"https:\/\/pretasouper.com\/en\/wp-json\/wp\/v2\/media\/7391"}],"wp:attachment":[{"href":"https:\/\/pretasouper.com\/en\/wp-json\/wp\/v2\/media?parent=7080"}],"wp:term":[{"taxonomy":"product_brand","embeddable":true,"href":"https:\/\/pretasouper.com\/en\/wp-json\/wp\/v2\/product_brand?post=7080"},{"taxonomy":"product_cat","embeddable":true,"href":"https:\/\/pretasouper.com\/en\/wp-json\/wp\/v2\/product_cat?post=7080"},{"taxonomy":"product_tag","embeddable":true,"href":"https:\/\/pretasouper.com\/en\/wp-json\/wp\/v2\/product_tag?post=7080"},{"taxonomy":"berocket_brand","embeddable":true,"href":"https:\/\/pretasouper.com\/en\/wp-json\/wp\/v2\/berocket_brand?post=7080"}],"curies":[{"name":"wp","href":"https:\/\/api.w.org\/{rel}","templated":true}]}}