{"id":7092,"date":"2023-02-20T13:49:01","date_gmt":"2023-02-20T13:49:01","guid":{"rendered":"https:\/\/pretasouper.com\/?post_type=product&#038;p=7092"},"modified":"2023-02-24T15:47:42","modified_gmt":"2023-02-24T15:47:42","slug":"supa-instant-clara-cu-taitei-din-orez-vermicelli-40g-mama","status":"publish","type":"product","link":"https:\/\/pretasouper.com\/en\/supa\/supa-instant-clara-cu-taitei-din-orez-vermicelli-40g-mama\/","title":{"rendered":"Supa instant clara cu taitei Vermicelli din fasole mung 40g &#8211; Mama"},"content":{"rendered":"<p>Ingrediente: F\u0103in\u0103 de fasole mung (53%), amidon de cartofi, sare, ulei de palmier, zah\u0103r, usturoi, poten\u021biatori de arom\u0103 (E621, E635), pudr\u0103 de usturoi, pudr\u0103 de piper, praz uscat, colorant (E150a).<\/p>","protected":false},"excerpt":{"rendered":"<p>Supa instant clara, cu taitei din fasole mung Vermicelli.<\/p>","protected":false},"featured_media":7402,"template":"","meta":[],"product_brand":[],"product_cat":[108,40],"product_tag":[84,208,216,197,314,218],"berocket_brand":[93],"class_list":{"0":"post-7092","1":"product","2":"type-product","3":"status-publish","4":"has-post-thumbnail","6":"product_cat-sosuri","7":"product_cat-tailanda","8":"product_tag-instant","9":"product_tag-legume","10":"product_tag-mama","11":"product_tag-tailanda","12":"product_tag-taitei-din-fasole-mung","13":"product_tag-vermicelli","14":"berocket_brand-mama","16":"first","17":"instock","18":"taxable","19":"shipping-taxable","20":"purchasable","21":"product-type-simple"},"_links":{"self":[{"href":"https:\/\/pretasouper.com\/en\/wp-json\/wp\/v2\/product\/7092","targetHints":{"allow":["GET"]}}],"collection":[{"href":"https:\/\/pretasouper.com\/en\/wp-json\/wp\/v2\/product"}],"about":[{"href":"https:\/\/pretasouper.com\/en\/wp-json\/wp\/v2\/types\/product"}],"version-history":[{"count":3,"href":"https:\/\/pretasouper.com\/en\/wp-json\/wp\/v2\/product\/7092\/revisions"}],"predecessor-version":[{"id":7677,"href":"https:\/\/pretasouper.com\/en\/wp-json\/wp\/v2\/product\/7092\/revisions\/7677"}],"wp:featuredmedia":[{"embeddable":true,"href":"https:\/\/pretasouper.com\/en\/wp-json\/wp\/v2\/media\/7402"}],"wp:attachment":[{"href":"https:\/\/pretasouper.com\/en\/wp-json\/wp\/v2\/media?parent=7092"}],"wp:term":[{"taxonomy":"product_brand","embeddable":true,"href":"https:\/\/pretasouper.com\/en\/wp-json\/wp\/v2\/product_brand?post=7092"},{"taxonomy":"product_cat","embeddable":true,"href":"https:\/\/pretasouper.com\/en\/wp-json\/wp\/v2\/product_cat?post=7092"},{"taxonomy":"product_tag","embeddable":true,"href":"https:\/\/pretasouper.com\/en\/wp-json\/wp\/v2\/product_tag?post=7092"},{"taxonomy":"berocket_brand","embeddable":true,"href":"https:\/\/pretasouper.com\/en\/wp-json\/wp\/v2\/berocket_brand?post=7092"}],"curies":[{"name":"wp","href":"https:\/\/api.w.org\/{rel}","templated":true}]}}