{"id":7095,"date":"2023-02-20T13:51:45","date_gmt":"2023-02-20T13:51:45","guid":{"rendered":"https:\/\/pretasouper.com\/?post_type=product&#038;p=7095"},"modified":"2023-02-23T09:57:53","modified_gmt":"2023-02-23T09:57:53","slug":"taitei-instant-din-orez-tom-yum-cu-porc-60g-mama","status":"publish","type":"product","link":"https:\/\/pretasouper.com\/en\/supa\/taitei-instant-din-orez-tom-yum-cu-porc-60g-mama\/","title":{"rendered":"Tom Yum instant noodles with pork 60g - Mama"},"content":{"rendered":"<p>Ingrediente: F\u0103in\u0103 de GR\u00c2U, ulei de palmier, zah\u0103r, sare, pudr\u0103 de SUSAN, arom\u0103, pudr\u0103 de ardei iute, poten\u021biator de arom\u0103: E621, E635, usturoi, acid: E330, ceap\u0103 uscat\u0103, regulator de aciditate: E500, E501, E451, agent de \u00eengro\u0219are: E466 , Sos de SOIA (SOIA, apa, sare), culoare: E160c.<\/p>","protected":false},"excerpt":{"rendered":"<p>Taitei instant din faina de grau cu aroma de Tom Yum cu porc.<\/p>","protected":false},"featured_media":7406,"template":"","meta":[],"product_brand":[],"product_cat":[107,40],"product_tag":[84,216,217,83,298,299],"berocket_brand":[93],"class_list":{"0":"post-7095","1":"product","2":"type-product","3":"status-publish","4":"has-post-thumbnail","6":"product_cat-produse-din-cocos-lapte-de-cocos-cremafulgi","7":"product_cat-tailanda","8":"product_tag-instant","9":"product_tag-mama","10":"product_tag-porc","11":"product_tag-supa","12":"product_tag-tom","13":"product_tag-yum","14":"berocket_brand-mama","16":"first","17":"instock","18":"taxable","19":"shipping-taxable","20":"purchasable","21":"product-type-simple"},"_links":{"self":[{"href":"https:\/\/pretasouper.com\/en\/wp-json\/wp\/v2\/product\/7095","targetHints":{"allow":["GET"]}}],"collection":[{"href":"https:\/\/pretasouper.com\/en\/wp-json\/wp\/v2\/product"}],"about":[{"href":"https:\/\/pretasouper.com\/en\/wp-json\/wp\/v2\/types\/product"}],"version-history":[{"count":3,"href":"https:\/\/pretasouper.com\/en\/wp-json\/wp\/v2\/product\/7095\/revisions"}],"predecessor-version":[{"id":7407,"href":"https:\/\/pretasouper.com\/en\/wp-json\/wp\/v2\/product\/7095\/revisions\/7407"}],"wp:featuredmedia":[{"embeddable":true,"href":"https:\/\/pretasouper.com\/en\/wp-json\/wp\/v2\/media\/7406"}],"wp:attachment":[{"href":"https:\/\/pretasouper.com\/en\/wp-json\/wp\/v2\/media?parent=7095"}],"wp:term":[{"taxonomy":"product_brand","embeddable":true,"href":"https:\/\/pretasouper.com\/en\/wp-json\/wp\/v2\/product_brand?post=7095"},{"taxonomy":"product_cat","embeddable":true,"href":"https:\/\/pretasouper.com\/en\/wp-json\/wp\/v2\/product_cat?post=7095"},{"taxonomy":"product_tag","embeddable":true,"href":"https:\/\/pretasouper.com\/en\/wp-json\/wp\/v2\/product_tag?post=7095"},{"taxonomy":"berocket_brand","embeddable":true,"href":"https:\/\/pretasouper.com\/en\/wp-json\/wp\/v2\/berocket_brand?post=7095"}],"curies":[{"name":"wp","href":"https:\/\/api.w.org\/{rel}","templated":true}]}}