{"id":7104,"date":"2023-02-20T14:05:37","date_gmt":"2023-02-20T14:05:37","guid":{"rendered":"https:\/\/pretasouper.com\/?post_type=product&#038;p=7104"},"modified":"2023-09-09T08:58:57","modified_gmt":"2023-09-09T08:58:57","slug":"supa-instant-ansungtangmyun-125g-nongshim","status":"publish","type":"product","link":"https:\/\/pretasouper.com\/en\/supa\/supa-instant-ansungtangmyun-125g-nongshim\/","title":{"rendered":"AnSungTangMyun instant soup 125g \u2013 Nongshim"},"content":{"rendered":"<p>Ingrediente: Taitei: faina de grau (Australia), ulei de palmier, amidon de cartofi, sare, regulator de aciditate: E501 \/ E339 \/ E500, Tocoferol lichid (antioxidant: E306, emulgator: E322 (contine soia)), condimente (maltodextrina, extract de usturoi, \u00eendulcitor: E420) Extract de ceai verde (oligozaharid\u0103, catechina de ceai, citric E330), colorant: E101;<\/p>\n<p>Pudr\u0103 de sup\u0103: Condimente (proteine \u200b\u200bvegetale hidrolizate (soia, gr\u00e2u), maltodextrin\u0103, extract de drojdie, usturoi, piper negru, ciuperci, zah\u0103r), sare, zah\u0103r, condimente (ardei iute, ulei din semin\u021be de ardei ro\u0219u, usturoi, piper negru), uscat alge marine, poten\u021biator de arom\u0103: E627 \/ E631, ardei iute uscat, pudr\u0103 de caramel (maltodextrin\u0103, colorant: E150c).<\/p>","protected":false},"excerpt":{"rendered":"<p>Taitei instant Ramen iuti din faina de grau cu legume.<\/p>","protected":false},"featured_media":7416,"template":"","meta":[],"product_brand":[],"product_cat":[86,108],"product_tag":[224,84,208,209,189,183],"berocket_brand":[99],"class_list":{"0":"post-7104","1":"product","2":"type-product","3":"status-publish","4":"has-post-thumbnail","6":"product_cat-coreea","7":"product_cat-sosuri","8":"product_tag-coreea-de-sud","9":"product_tag-instant","10":"product_tag-legume","11":"product_tag-nongshim","12":"product_tag-ramen","13":"product_tag-taitei","14":"berocket_brand-nongshim","16":"first","17":"instock","18":"taxable","19":"shipping-taxable","20":"purchasable","21":"product-type-simple"},"_links":{"self":[{"href":"https:\/\/pretasouper.com\/en\/wp-json\/wp\/v2\/product\/7104","targetHints":{"allow":["GET"]}}],"collection":[{"href":"https:\/\/pretasouper.com\/en\/wp-json\/wp\/v2\/product"}],"about":[{"href":"https:\/\/pretasouper.com\/en\/wp-json\/wp\/v2\/types\/product"}],"version-history":[{"count":3,"href":"https:\/\/pretasouper.com\/en\/wp-json\/wp\/v2\/product\/7104\/revisions"}],"predecessor-version":[{"id":7418,"href":"https:\/\/pretasouper.com\/en\/wp-json\/wp\/v2\/product\/7104\/revisions\/7418"}],"wp:featuredmedia":[{"embeddable":true,"href":"https:\/\/pretasouper.com\/en\/wp-json\/wp\/v2\/media\/7416"}],"wp:attachment":[{"href":"https:\/\/pretasouper.com\/en\/wp-json\/wp\/v2\/media?parent=7104"}],"wp:term":[{"taxonomy":"product_brand","embeddable":true,"href":"https:\/\/pretasouper.com\/en\/wp-json\/wp\/v2\/product_brand?post=7104"},{"taxonomy":"product_cat","embeddable":true,"href":"https:\/\/pretasouper.com\/en\/wp-json\/wp\/v2\/product_cat?post=7104"},{"taxonomy":"product_tag","embeddable":true,"href":"https:\/\/pretasouper.com\/en\/wp-json\/wp\/v2\/product_tag?post=7104"},{"taxonomy":"berocket_brand","embeddable":true,"href":"https:\/\/pretasouper.com\/en\/wp-json\/wp\/v2\/berocket_brand?post=7104"}],"curies":[{"name":"wp","href":"https:\/\/api.w.org\/{rel}","templated":true}]}}