{"id":7120,"date":"2023-02-20T14:30:31","date_gmt":"2023-02-20T14:30:31","guid":{"rendered":"https:\/\/pretasouper.com\/?post_type=product&#038;p=7120"},"modified":"2023-12-20T12:43:38","modified_gmt":"2023-12-20T12:43:38","slug":"taitei-instant-stil-oriental-60g-wai-wai","status":"publish","type":"product","link":"https:\/\/pretasouper.com\/en\/supa\/taitei-instant-stil-oriental-60g-wai-wai\/","title":{"rendered":"Tom Yum hot instant noodles 60g - Wai Wai"},"content":{"rendered":"<p>Ingrediente: F\u0103in\u0103 de GR\u00c2U, ulei de palmier, zah\u0103r, sare, pudr\u0103 de ardei iute 2,4%, poten\u021biator de arom\u0103: E621, arom\u0103, pudr\u0103 de CREVE\u021aI, acid: E296, iarb\u0103 de l\u0103m\u00e2ie, ceap\u0103 verde.<\/p>","protected":false},"excerpt":{"rendered":"<p>Taitei instant din faina de grau cu aroma de Tom yum si chilli.<\/p>","protected":false},"featured_media":7443,"template":"","meta":[],"product_brand":[],"product_cat":[109,40],"product_tag":[215,84,83,232,301],"berocket_brand":[174],"class_list":{"0":"post-7120","1":"product","2":"type-product","3":"status-publish","4":"has-post-thumbnail","6":"product_cat-fainuri-tempurapanko-condimenteierburi","7":"product_cat-tailanda","8":"product_tag-creveti","9":"product_tag-instant","10":"product_tag-supa","11":"product_tag-tom-yum","12":"product_tag-wai-wai","13":"berocket_brand-waiwai","15":"first","16":"instock","17":"taxable","18":"shipping-taxable","19":"purchasable","20":"product-type-simple"},"_links":{"self":[{"href":"https:\/\/pretasouper.com\/en\/wp-json\/wp\/v2\/product\/7120","targetHints":{"allow":["GET"]}}],"collection":[{"href":"https:\/\/pretasouper.com\/en\/wp-json\/wp\/v2\/product"}],"about":[{"href":"https:\/\/pretasouper.com\/en\/wp-json\/wp\/v2\/types\/product"}],"version-history":[{"count":5,"href":"https:\/\/pretasouper.com\/en\/wp-json\/wp\/v2\/product\/7120\/revisions"}],"predecessor-version":[{"id":7445,"href":"https:\/\/pretasouper.com\/en\/wp-json\/wp\/v2\/product\/7120\/revisions\/7445"}],"wp:featuredmedia":[{"embeddable":true,"href":"https:\/\/pretasouper.com\/en\/wp-json\/wp\/v2\/media\/7443"}],"wp:attachment":[{"href":"https:\/\/pretasouper.com\/en\/wp-json\/wp\/v2\/media?parent=7120"}],"wp:term":[{"taxonomy":"product_brand","embeddable":true,"href":"https:\/\/pretasouper.com\/en\/wp-json\/wp\/v2\/product_brand?post=7120"},{"taxonomy":"product_cat","embeddable":true,"href":"https:\/\/pretasouper.com\/en\/wp-json\/wp\/v2\/product_cat?post=7120"},{"taxonomy":"product_tag","embeddable":true,"href":"https:\/\/pretasouper.com\/en\/wp-json\/wp\/v2\/product_tag?post=7120"},{"taxonomy":"berocket_brand","embeddable":true,"href":"https:\/\/pretasouper.com\/en\/wp-json\/wp\/v2\/berocket_brand?post=7120"}],"curies":[{"name":"wp","href":"https:\/\/api.w.org\/{rel}","templated":true}]}}