{"id":7125,"date":"2023-02-20T14:47:44","date_gmt":"2023-02-20T14:47:44","guid":{"rendered":"https:\/\/pretasouper.com\/?post_type=product&#038;p=7125"},"modified":"2024-06-04T08:48:05","modified_gmt":"2024-06-04T08:48:05","slug":"taitei-instant-tom-yum-60g-wai-wai","status":"publish","type":"product","link":"https:\/\/pretasouper.com\/en\/supa\/taitei-instant-tom-yum-60g-wai-wai\/","title":{"rendered":"Tom Yum instant noodles 60g \u2013 Wai Wai"},"content":{"rendered":"<p>Ingrediente: f\u0103in\u0103 de gr\u00e2u, ulei de palmier, sare, intensificator de arom\u0103: E621, pudr\u0103 de ardei iute ro\u0219u, ceap\u0103 de prim\u0103var\u0103 uscat\u0103, pudr\u0103 de lime verde, arome, regulator de aciditate: E330, maltodextrin\u0103.<\/p>","protected":false},"excerpt":{"rendered":"<p>Taitei instant din faina de grau cu Tom yum.<\/p>","protected":false},"featured_media":7446,"template":"","meta":[],"product_brand":[],"product_cat":[109,40],"product_tag":[215,84,83,232,301],"berocket_brand":[174],"class_list":{"0":"post-7125","1":"product","2":"type-product","3":"status-publish","4":"has-post-thumbnail","6":"product_cat-fainuri-tempurapanko-condimenteierburi","7":"product_cat-tailanda","8":"product_tag-creveti","9":"product_tag-instant","10":"product_tag-supa","11":"product_tag-tom-yum","12":"product_tag-wai-wai","13":"berocket_brand-waiwai","15":"first","16":"outofstock","17":"taxable","18":"shipping-taxable","19":"purchasable","20":"product-type-simple"},"_links":{"self":[{"href":"https:\/\/pretasouper.com\/en\/wp-json\/wp\/v2\/product\/7125","targetHints":{"allow":["GET"]}}],"collection":[{"href":"https:\/\/pretasouper.com\/en\/wp-json\/wp\/v2\/product"}],"about":[{"href":"https:\/\/pretasouper.com\/en\/wp-json\/wp\/v2\/types\/product"}],"version-history":[{"count":3,"href":"https:\/\/pretasouper.com\/en\/wp-json\/wp\/v2\/product\/7125\/revisions"}],"predecessor-version":[{"id":8382,"href":"https:\/\/pretasouper.com\/en\/wp-json\/wp\/v2\/product\/7125\/revisions\/8382"}],"wp:featuredmedia":[{"embeddable":true,"href":"https:\/\/pretasouper.com\/en\/wp-json\/wp\/v2\/media\/7446"}],"wp:attachment":[{"href":"https:\/\/pretasouper.com\/en\/wp-json\/wp\/v2\/media?parent=7125"}],"wp:term":[{"taxonomy":"product_brand","embeddable":true,"href":"https:\/\/pretasouper.com\/en\/wp-json\/wp\/v2\/product_brand?post=7125"},{"taxonomy":"product_cat","embeddable":true,"href":"https:\/\/pretasouper.com\/en\/wp-json\/wp\/v2\/product_cat?post=7125"},{"taxonomy":"product_tag","embeddable":true,"href":"https:\/\/pretasouper.com\/en\/wp-json\/wp\/v2\/product_tag?post=7125"},{"taxonomy":"berocket_brand","embeddable":true,"href":"https:\/\/pretasouper.com\/en\/wp-json\/wp\/v2\/berocket_brand?post=7125"}],"curies":[{"name":"wp","href":"https:\/\/api.w.org\/{rel}","templated":true}]}}