{"id":7477,"date":"2023-02-23T12:37:08","date_gmt":"2023-02-23T12:37:08","guid":{"rendered":"https:\/\/pretasouper.com\/?post_type=product&#038;p=7477"},"modified":"2024-06-04T08:46:34","modified_gmt":"2024-06-04T08:46:34","slug":"taitei-instant-cu-curry-verde-70g-yum-yum","status":"publish","type":"product","link":"https:\/\/pretasouper.com\/en\/supa\/taitei-instant-cu-curry-verde-70g-yum-yum\/","title":{"rendered":"Instant noodles with green curry 70g - Yum Yum"},"content":{"rendered":"<p>Ingrediente: Taitei: faina de GRAU, ulei de palmier (contine antioxidant: E319), amidon modificat de tapioca, supa (potificatori de aroma: E621, E627, E631, sos de soia pudra (soia, sirop de glucoza, maltodextrina, colorant: E150c, acid: E330) , arom\u0103, regulator de aciditate: E331, extract de drojdie), sare, amidon de tapioca, regulatori de aciditate: E452, E500, E501, agen\u021bi de \u00eengro\u0219are: E466, E412.<\/p>\n<p>Condimente: zah\u0103r, ulei de palmier (con\u021bine antioxidant: E320), sare, poten\u021biatori de arom\u0103: E621, E627, E631, legume \u00een propor\u021bii variate: usturoi, morcov, varz\u0103, ceap\u0103 \u0219i e\u0219alot\u0103, sm\u00e2nt\u00e2n\u0103 (sirop de glucoz\u0103, ulei de miez de palmier hidrogenat, proteine \u200b\u200bdin LAPTE, regulator de aciditate: E340, emulgator: E471, agent antiaglomerant: E551), ierburi, condimente, maltodextrin\u0103, arome, sos de PE\u0218TE (ANHOA), pudr\u0103 de sos de soia (soia, GRAU, colorant: E150c, acid: E330), colorant: E171, agent de \u00eengro\u0219are: E415, acid: E296, CREVETI 0,2%.<\/p>","protected":false},"excerpt":{"rendered":"<p>Taitei instant din faina de grau cu curry.<\/p>","protected":false},"featured_media":7478,"template":"","meta":[],"product_brand":[],"product_cat":[108,40],"product_tag":[214,84,197,183,274],"berocket_brand":[100],"class_list":{"0":"post-7477","1":"product","2":"type-product","3":"status-publish","4":"has-post-thumbnail","6":"product_cat-sosuri","7":"product_cat-tailanda","8":"product_tag-curry","9":"product_tag-instant","10":"product_tag-tailanda","11":"product_tag-taitei","12":"product_tag-yum-yum","13":"berocket_brand-yumyum","15":"first","16":"outofstock","17":"taxable","18":"shipping-taxable","19":"purchasable","20":"product-type-simple"},"_links":{"self":[{"href":"https:\/\/pretasouper.com\/en\/wp-json\/wp\/v2\/product\/7477","targetHints":{"allow":["GET"]}}],"collection":[{"href":"https:\/\/pretasouper.com\/en\/wp-json\/wp\/v2\/product"}],"about":[{"href":"https:\/\/pretasouper.com\/en\/wp-json\/wp\/v2\/types\/product"}],"version-history":[{"count":2,"href":"https:\/\/pretasouper.com\/en\/wp-json\/wp\/v2\/product\/7477\/revisions"}],"predecessor-version":[{"id":7480,"href":"https:\/\/pretasouper.com\/en\/wp-json\/wp\/v2\/product\/7477\/revisions\/7480"}],"wp:featuredmedia":[{"embeddable":true,"href":"https:\/\/pretasouper.com\/en\/wp-json\/wp\/v2\/media\/7478"}],"wp:attachment":[{"href":"https:\/\/pretasouper.com\/en\/wp-json\/wp\/v2\/media?parent=7477"}],"wp:term":[{"taxonomy":"product_brand","embeddable":true,"href":"https:\/\/pretasouper.com\/en\/wp-json\/wp\/v2\/product_brand?post=7477"},{"taxonomy":"product_cat","embeddable":true,"href":"https:\/\/pretasouper.com\/en\/wp-json\/wp\/v2\/product_cat?post=7477"},{"taxonomy":"product_tag","embeddable":true,"href":"https:\/\/pretasouper.com\/en\/wp-json\/wp\/v2\/product_tag?post=7477"},{"taxonomy":"berocket_brand","embeddable":true,"href":"https:\/\/pretasouper.com\/en\/wp-json\/wp\/v2\/berocket_brand?post=7477"}],"curies":[{"name":"wp","href":"https:\/\/api.w.org\/{rel}","templated":true}]}}