{"id":7481,"date":"2023-02-23T12:41:30","date_gmt":"2023-02-23T12:41:30","guid":{"rendered":"https:\/\/pretasouper.com\/?post_type=product&#038;p=7481"},"modified":"2024-06-04T08:46:15","modified_gmt":"2024-06-04T08:46:15","slug":"supa-instant-cu-fructe-de-mare-70g-yum-yum","status":"publish","type":"product","link":"https:\/\/pretasouper.com\/en\/supa\/supa-instant-cu-fructe-de-mare-70g-yum-yum\/","title":{"rendered":"Instant seafood soup 70g - Yum Yum"},"content":{"rendered":"<p>Ingrediente: Taitei: faina de GRAU, ulei de palmier (contine antioxidant: E319), amidon modificat de tapioca, supa (potificatori de aroma: E621, E627, E631, sos de soia pudra (soia, sirop de glucoza, maltodextrina, colorant: E150c, acid: E330) , arom\u0103, regulator de aciditate: E331, extract de drojdie), sare, amidon de tapioca, regulatori de aciditate: E452, E500, E501, agen\u021bi de \u00eengro\u0219are: E466, E412.<\/p>\n<p>Condimente: zah\u0103r, sare, ulei de palmier (con\u021bine antioxidant: E320), poten\u021biatori de arom\u0103: E621, E627, E631, condimente, legume \u00een propor\u021bii variate: ceap\u0103, usturoi \u0219i frunze de ceap\u0103, sm\u00e2nt\u00e2n\u0103 (sirop de glucoz\u0103, ulei de miez de palmier hidrogenat, proteine \u200b\u200bdin LAPTE, regulator de aciditate: E340, emulgator: E471), acid: E330, E296, SOIA praf (soia, GRAU, maltodextrina, colorant: E150c), arome, PESTE 0,2%, CREVETI 0,2%, colorant: E171, E160c, agent de ingrosare: E415, antiaglomerant: E551, antioxidant: E306.<\/p>","protected":false},"excerpt":{"rendered":"<p>Sunt taitei instant din grau cu aroma de fructe de mare.<\/p>","protected":false},"featured_media":7482,"template":"","meta":[],"product_brand":[],"product_cat":[109,40],"product_tag":[265,84,197,183,274],"berocket_brand":[100],"class_list":{"0":"post-7481","1":"product","2":"type-product","3":"status-publish","4":"has-post-thumbnail","6":"product_cat-fainuri-tempurapanko-condimenteierburi","7":"product_cat-tailanda","8":"product_tag-fructe-de-mare","9":"product_tag-instant","10":"product_tag-tailanda","11":"product_tag-taitei","12":"product_tag-yum-yum","13":"berocket_brand-yumyum","15":"first","16":"instock","17":"taxable","18":"shipping-taxable","19":"purchasable","20":"product-type-simple"},"_links":{"self":[{"href":"https:\/\/pretasouper.com\/en\/wp-json\/wp\/v2\/product\/7481","targetHints":{"allow":["GET"]}}],"collection":[{"href":"https:\/\/pretasouper.com\/en\/wp-json\/wp\/v2\/product"}],"about":[{"href":"https:\/\/pretasouper.com\/en\/wp-json\/wp\/v2\/types\/product"}],"version-history":[{"count":1,"href":"https:\/\/pretasouper.com\/en\/wp-json\/wp\/v2\/product\/7481\/revisions"}],"predecessor-version":[{"id":7483,"href":"https:\/\/pretasouper.com\/en\/wp-json\/wp\/v2\/product\/7481\/revisions\/7483"}],"wp:featuredmedia":[{"embeddable":true,"href":"https:\/\/pretasouper.com\/en\/wp-json\/wp\/v2\/media\/7482"}],"wp:attachment":[{"href":"https:\/\/pretasouper.com\/en\/wp-json\/wp\/v2\/media?parent=7481"}],"wp:term":[{"taxonomy":"product_brand","embeddable":true,"href":"https:\/\/pretasouper.com\/en\/wp-json\/wp\/v2\/product_brand?post=7481"},{"taxonomy":"product_cat","embeddable":true,"href":"https:\/\/pretasouper.com\/en\/wp-json\/wp\/v2\/product_cat?post=7481"},{"taxonomy":"product_tag","embeddable":true,"href":"https:\/\/pretasouper.com\/en\/wp-json\/wp\/v2\/product_tag?post=7481"},{"taxonomy":"berocket_brand","embeddable":true,"href":"https:\/\/pretasouper.com\/en\/wp-json\/wp\/v2\/berocket_brand?post=7481"}],"curies":[{"name":"wp","href":"https:\/\/api.w.org\/{rel}","templated":true}]}}