{"id":7488,"date":"2023-02-23T12:51:57","date_gmt":"2023-02-23T12:51:57","guid":{"rendered":"https:\/\/pretasouper.com\/?post_type=product&#038;p=7488"},"modified":"2024-01-15T13:02:30","modified_gmt":"2024-01-15T13:02:30","slug":"supa-instant-cu-creveti-cremoasa-70g-yum-yum","status":"publish","type":"product","link":"https:\/\/pretasouper.com\/en\/supa\/supa-instant-cu-creveti-cremoasa-70g-yum-yum\/","title":{"rendered":"Creamy instant shrimp soup 70g - Yum Yum"},"content":{"rendered":"<p>Ingrediente: Fidea: F\u0103in\u0103 de GRAU, Ulei de palmier (con\u021bine antioxidant: E319), Amidon modificat de tapioca, Sup\u0103 [amelioratori de arom\u0103: E621, E627, E631, Pudr\u0103 de sos de soia (soia, sirop de glucoz\u0103, maltodextrin\u0103, colorant: E1530c, acid E1530c) ), arom\u0103, regulator de aciditate: E331, extract de drojdie], sare, amidon de tapioca, Regulatori de aciditate: E452, E500, E501, agen\u021bi de \u00eengro\u0219are: E466, E412. Condimente: zah\u0103r, ulei de palmier (con\u021bine antioxidant: E320), sare, Condimente, Amelioratori de arom\u0103: E621, E627, E631, Legume \u00een propor\u021bii variate: usturoi, ceap\u0103 \u0219i frunze de ceap\u0103, Sm\u00e2nt\u00e2n\u0103 (sirop de glucoz\u0103, ulei de s\u00e2mburi de palmier hidrogenat, proteine \u200b\u200bdin LAPTE, regulator de aciditate: E340, emulgator: E471, antiaglomerant: E551) , Acid: E330, E296, Culori: E171, E160c, Ierburi, Pudr\u0103 de sos de SOIA (con\u021bine fasole de SOIA, GRAU, maltodextrin\u0103, colorant: E150c), Amidon de tapioca modificat, Agent de \u00eengro\u0219are: E415, Sos de PE\u0218TE (ANCHOA), Lime fasole de soia), CREVETI 0,15%<\/p>\n","protected":false},"excerpt":{"rendered":"<p>Sunt taitei instant din grau cremoasa cu aroma de creveti.<\/p>","protected":false},"featured_media":7489,"template":"","meta":[],"product_brand":[],"product_cat":[109,40],"product_tag":[293,215,84,197,183,274],"berocket_brand":[100],"class_list":{"0":"post-7488","1":"product","2":"type-product","3":"status-publish","4":"has-post-thumbnail","6":"product_cat-fainuri-tempurapanko-condimenteierburi","7":"product_cat-tailanda","8":"product_tag-cremoasa","9":"product_tag-creveti","10":"product_tag-instant","11":"product_tag-tailanda","12":"product_tag-taitei","13":"product_tag-yum-yum","14":"berocket_brand-yumyum","16":"first","17":"outofstock","18":"taxable","19":"shipping-taxable","20":"purchasable","21":"product-type-simple"},"_links":{"self":[{"href":"https:\/\/pretasouper.com\/en\/wp-json\/wp\/v2\/product\/7488","targetHints":{"allow":["GET"]}}],"collection":[{"href":"https:\/\/pretasouper.com\/en\/wp-json\/wp\/v2\/product"}],"about":[{"href":"https:\/\/pretasouper.com\/en\/wp-json\/wp\/v2\/types\/product"}],"version-history":[{"count":2,"href":"https:\/\/pretasouper.com\/en\/wp-json\/wp\/v2\/product\/7488\/revisions"}],"predecessor-version":[{"id":7493,"href":"https:\/\/pretasouper.com\/en\/wp-json\/wp\/v2\/product\/7488\/revisions\/7493"}],"wp:featuredmedia":[{"embeddable":true,"href":"https:\/\/pretasouper.com\/en\/wp-json\/wp\/v2\/media\/7489"}],"wp:attachment":[{"href":"https:\/\/pretasouper.com\/en\/wp-json\/wp\/v2\/media?parent=7488"}],"wp:term":[{"taxonomy":"product_brand","embeddable":true,"href":"https:\/\/pretasouper.com\/en\/wp-json\/wp\/v2\/product_brand?post=7488"},{"taxonomy":"product_cat","embeddable":true,"href":"https:\/\/pretasouper.com\/en\/wp-json\/wp\/v2\/product_cat?post=7488"},{"taxonomy":"product_tag","embeddable":true,"href":"https:\/\/pretasouper.com\/en\/wp-json\/wp\/v2\/product_tag?post=7488"},{"taxonomy":"berocket_brand","embeddable":true,"href":"https:\/\/pretasouper.com\/en\/wp-json\/wp\/v2\/berocket_brand?post=7488"}],"curies":[{"name":"wp","href":"https:\/\/api.w.org\/{rel}","templated":true}]}}