{"id":7497,"date":"2023-02-23T13:09:18","date_gmt":"2023-02-23T13:09:18","guid":{"rendered":"https:\/\/pretasouper.com\/?post_type=product&#038;p=7497"},"modified":"2024-04-16T11:44:52","modified_gmt":"2024-04-16T11:44:52","slug":"supa-instant-shoyu-cu-pui-pahar-70g-yum-yum","status":"publish","type":"product","link":"https:\/\/pretasouper.com\/en\/supa\/supa-instant-shoyu-cu-pui-pahar-70g-yum-yum\/","title":{"rendered":"Shoyu instant soup with chicken (glass) 70g \u2013 Yum Yum"},"content":{"rendered":"<p>Ingrediente: Taitei: faina de GRAU, ulei de palmier (contine antioxidant: E319), amidon de tapioca, Supa: (aroma, potentiatori de aroma: E627, E631, extract de drojdie), sare, regulatori de aciditate: E500, E452, E451, agent de ingrosare: E466. Amplificator de arom\u0103: poten\u021biatori de arom\u0103: E621, E631, E627, pudr\u0103 de sos de SOIA (fasole de SOIA, GRAU, sirop de glucoz\u0103, maltodextrin\u0103, colorant: E150c, acid: E330) 2,4%, zah\u0103r, sare, legume (ceap\u0103, usturoi, ceap\u0103) maltodextrin\u0103, arom\u0103 de pui (con\u021bine poten\u021biatori de arom\u0103: E631, E627, antiaglomerant: E551), condimente (piper m\u0103cinat, ghimbir m\u0103cinat, turmeric m\u0103cinat), colorant: E150c, extract de drojdie, alge marine uscate, ulei de palmier (con\u021bine antioxidant: E320 ), agent antiaglomerant: E551, acid: E296, agent de ingrosare:E415.<br \/>\nAcest produs poate con\u021bine urme de crustacee, pe\u0219te, lapte, \u021belin\u0103 \u0219i susan.<\/p>","protected":false},"excerpt":{"rendered":"<p>Instant noodles with chicken flavor and Shoyu soy sauce.<\/p>","protected":false},"featured_media":7498,"template":"","meta":[],"product_brand":[],"product_cat":[40,106],"product_tag":[84,237,225,283,197,183,274],"berocket_brand":[100],"class_list":{"0":"post-7497","1":"product","2":"type-product","3":"status-publish","4":"has-post-thumbnail","6":"product_cat-tailanda","7":"product_cat-taitei","8":"product_tag-instant","9":"product_tag-pahar","10":"product_tag-pui","11":"product_tag-shoyu","12":"product_tag-tailanda","13":"product_tag-taitei","14":"product_tag-yum-yum","15":"berocket_brand-yumyum","17":"first","18":"outofstock","19":"taxable","20":"shipping-taxable","21":"purchasable","22":"product-type-simple"},"_links":{"self":[{"href":"https:\/\/pretasouper.com\/en\/wp-json\/wp\/v2\/product\/7497","targetHints":{"allow":["GET"]}}],"collection":[{"href":"https:\/\/pretasouper.com\/en\/wp-json\/wp\/v2\/product"}],"about":[{"href":"https:\/\/pretasouper.com\/en\/wp-json\/wp\/v2\/types\/product"}],"version-history":[{"count":2,"href":"https:\/\/pretasouper.com\/en\/wp-json\/wp\/v2\/product\/7497\/revisions"}],"predecessor-version":[{"id":7500,"href":"https:\/\/pretasouper.com\/en\/wp-json\/wp\/v2\/product\/7497\/revisions\/7500"}],"wp:featuredmedia":[{"embeddable":true,"href":"https:\/\/pretasouper.com\/en\/wp-json\/wp\/v2\/media\/7498"}],"wp:attachment":[{"href":"https:\/\/pretasouper.com\/en\/wp-json\/wp\/v2\/media?parent=7497"}],"wp:term":[{"taxonomy":"product_brand","embeddable":true,"href":"https:\/\/pretasouper.com\/en\/wp-json\/wp\/v2\/product_brand?post=7497"},{"taxonomy":"product_cat","embeddable":true,"href":"https:\/\/pretasouper.com\/en\/wp-json\/wp\/v2\/product_cat?post=7497"},{"taxonomy":"product_tag","embeddable":true,"href":"https:\/\/pretasouper.com\/en\/wp-json\/wp\/v2\/product_tag?post=7497"},{"taxonomy":"berocket_brand","embeddable":true,"href":"https:\/\/pretasouper.com\/en\/wp-json\/wp\/v2\/berocket_brand?post=7497"}],"curies":[{"name":"wp","href":"https:\/\/api.w.org\/{rel}","templated":true}]}}