{"id":7505,"date":"2023-02-23T13:33:17","date_gmt":"2023-02-23T13:33:17","guid":{"rendered":"https:\/\/pretasouper.com\/?post_type=product&#038;p=7505"},"modified":"2024-06-04T08:45:30","modified_gmt":"2024-06-04T08:45:30","slug":"taitei-instant-cu-legume-75g-indomie","status":"publish","type":"product","link":"https:\/\/pretasouper.com\/en\/supa\/taitei-instant-cu-legume-75g-indomie\/","title":{"rendered":"Instant noodles with vegetables 75g - Indomie"},"content":{"rendered":"<p>Ingrediente: Taitei: faina de grau (70%), ulei de palmier rafinat (contine antioxidant E319), sare, regulatori de aciditate (E452(I), E501(I), E500(I)), agent de ingrosare (E412), colorant (E101(I) ).<\/p>\n<p>Pudr\u0103 de condimente: sare, poten\u021biatori de arom\u0103 (E621, E627, E631), zah\u0103r, extract de drojdie, piper, arom\u0103 artificial\u0103 (1,9%), pudr\u0103 de usturoi, praz, pudr\u0103 de ceap\u0103, regulator de aciditate (E330), arom\u0103 de l\u0103m\u00e2ie, ulei de condimente : Ulei de palmier rafinat (con\u021bine antioxidant E319, ceap\u0103, usturoi, iarb\u0103 de l\u0103m\u00e2ie, galanga, frunze de dafin, frunze de tei, turmeric, ghimbir, nuci de copac), pudr\u0103 de ardei iute.<\/p>","protected":false},"excerpt":{"rendered":"<p>Boil the noodles for 3 minutes in water. Drain the noodles. Empty the contents of the seasoning into the pan on medium heat. Put the noodles in the pan and fry quickly for 1-2 minutes, covering the noodles evenly. At the end, you can fry an egg (softer) and put it on top.<\/p>","protected":false},"featured_media":7506,"template":"","meta":[],"product_brand":[],"product_cat":[165,108],"product_tag":[280,279,84,208,278,183],"berocket_brand":[96],"class_list":{"0":"post-7505","1":"product","2":"type-product","3":"status-publish","4":"has-post-thumbnail","6":"product_cat-indonezia","7":"product_cat-sosuri","8":"product_tag-indomie","9":"product_tag-indonezia","10":"product_tag-instant","11":"product_tag-legume","12":"product_tag-mi-goreng","13":"product_tag-taitei","14":"berocket_brand-indomie","16":"first","17":"instock","18":"taxable","19":"shipping-taxable","20":"purchasable","21":"product-type-simple"},"_links":{"self":[{"href":"https:\/\/pretasouper.com\/en\/wp-json\/wp\/v2\/product\/7505","targetHints":{"allow":["GET"]}}],"collection":[{"href":"https:\/\/pretasouper.com\/en\/wp-json\/wp\/v2\/product"}],"about":[{"href":"https:\/\/pretasouper.com\/en\/wp-json\/wp\/v2\/types\/product"}],"version-history":[{"count":1,"href":"https:\/\/pretasouper.com\/en\/wp-json\/wp\/v2\/product\/7505\/revisions"}],"predecessor-version":[{"id":7507,"href":"https:\/\/pretasouper.com\/en\/wp-json\/wp\/v2\/product\/7505\/revisions\/7507"}],"wp:featuredmedia":[{"embeddable":true,"href":"https:\/\/pretasouper.com\/en\/wp-json\/wp\/v2\/media\/7506"}],"wp:attachment":[{"href":"https:\/\/pretasouper.com\/en\/wp-json\/wp\/v2\/media?parent=7505"}],"wp:term":[{"taxonomy":"product_brand","embeddable":true,"href":"https:\/\/pretasouper.com\/en\/wp-json\/wp\/v2\/product_brand?post=7505"},{"taxonomy":"product_cat","embeddable":true,"href":"https:\/\/pretasouper.com\/en\/wp-json\/wp\/v2\/product_cat?post=7505"},{"taxonomy":"product_tag","embeddable":true,"href":"https:\/\/pretasouper.com\/en\/wp-json\/wp\/v2\/product_tag?post=7505"},{"taxonomy":"berocket_brand","embeddable":true,"href":"https:\/\/pretasouper.com\/en\/wp-json\/wp\/v2\/berocket_brand?post=7505"}],"curies":[{"name":"wp","href":"https:\/\/api.w.org\/{rel}","templated":true}]}}