{"id":7534,"date":"2023-02-24T07:24:27","date_gmt":"2023-02-24T07:24:27","guid":{"rendered":"https:\/\/pretasouper.com\/?post_type=product&#038;p=7534"},"modified":"2024-04-16T11:43:51","modified_gmt":"2024-04-16T11:43:51","slug":"supa-instant-cu-kimchi-pahar-100g-nongshim","status":"publish","type":"product","link":"https:\/\/pretasouper.com\/en\/supa\/supa-instant-cu-kimchi-pahar-100g-nongshim\/","title":{"rendered":"Instant soup with kimchi (glass) 100g \u2013 Nongshim"},"content":{"rendered":"<p>Ingrediente: faina de grau (53%), ulei de palmier, amidon de cartofi, faina de porumb, sare. Pudr\u0103 de sup\u0103: sare, poten\u021biatori de arom\u0103: E621, E627, E631, condimente kimchi (varz\u0103 chinezeasc\u0103, ardei ro\u0219u, sare, lactoz\u0103, ANCHOVIS), condimente (ardei ro\u0219u, usturoi, piper negru, praf de ceap\u0103), sos de soia pudr\u0103 (sare, boabe de soia) ), glucoz\u0103, zah\u0103r, boia praf, acidifiant (E330), fulgi de legume: fulgi de pe\u0219te uscat, ceap\u0103 verde, fulgi de kimchi.<\/p>","protected":false},"excerpt":{"rendered":"<p>Taitei instant din faina de grau cu Kimchi.<\/p>","protected":false},"featured_media":7644,"template":"","meta":[],"product_brand":[],"product_cat":[86,108],"product_tag":[224,190,84,250,209,237,183],"berocket_brand":[99],"class_list":{"0":"post-7534","1":"product","2":"type-product","3":"status-publish","4":"has-post-thumbnail","6":"product_cat-coreea","7":"product_cat-sosuri","8":"product_tag-coreea-de-sud","9":"product_tag-hot","10":"product_tag-instant","11":"product_tag-kimchi","12":"product_tag-nongshim","13":"product_tag-pahar","14":"product_tag-taitei","15":"berocket_brand-nongshim","17":"first","18":"outofstock","19":"taxable","20":"shipping-taxable","21":"purchasable","22":"product-type-simple"},"_links":{"self":[{"href":"https:\/\/pretasouper.com\/en\/wp-json\/wp\/v2\/product\/7534","targetHints":{"allow":["GET"]}}],"collection":[{"href":"https:\/\/pretasouper.com\/en\/wp-json\/wp\/v2\/product"}],"about":[{"href":"https:\/\/pretasouper.com\/en\/wp-json\/wp\/v2\/types\/product"}],"version-history":[{"count":2,"href":"https:\/\/pretasouper.com\/en\/wp-json\/wp\/v2\/product\/7534\/revisions"}],"predecessor-version":[{"id":7645,"href":"https:\/\/pretasouper.com\/en\/wp-json\/wp\/v2\/product\/7534\/revisions\/7645"}],"wp:featuredmedia":[{"embeddable":true,"href":"https:\/\/pretasouper.com\/en\/wp-json\/wp\/v2\/media\/7644"}],"wp:attachment":[{"href":"https:\/\/pretasouper.com\/en\/wp-json\/wp\/v2\/media?parent=7534"}],"wp:term":[{"taxonomy":"product_brand","embeddable":true,"href":"https:\/\/pretasouper.com\/en\/wp-json\/wp\/v2\/product_brand?post=7534"},{"taxonomy":"product_cat","embeddable":true,"href":"https:\/\/pretasouper.com\/en\/wp-json\/wp\/v2\/product_cat?post=7534"},{"taxonomy":"product_tag","embeddable":true,"href":"https:\/\/pretasouper.com\/en\/wp-json\/wp\/v2\/product_tag?post=7534"},{"taxonomy":"berocket_brand","embeddable":true,"href":"https:\/\/pretasouper.com\/en\/wp-json\/wp\/v2\/berocket_brand?post=7534"}],"curies":[{"name":"wp","href":"https:\/\/api.w.org\/{rel}","templated":true}]}}