{"id":7536,"date":"2023-02-24T07:29:55","date_gmt":"2023-02-24T07:29:55","guid":{"rendered":"https:\/\/pretasouper.com\/?post_type=product&#038;p=7536"},"modified":"2023-11-15T19:00:37","modified_gmt":"2023-11-15T19:00:37","slug":"taitei-instant-neoguri-cu-fructe-de-mare120g-nongshim","status":"publish","type":"product","link":"https:\/\/pretasouper.com\/en\/supa\/taitei-instant-neoguri-cu-fructe-de-mare120g-nongshim\/","title":{"rendered":"Neoguri Mild instant noodles 120g \u2013 NongShim"},"content":{"rendered":"<p>Ingrediente: Fidea: f\u0103in\u0103 de gr\u00e2u (din Australia), amidon de cartofi, ulei de palmier, condimente (ulei de t\u0103r\u00e2\u021be de orez, zah\u0103r, sepie, an\u0219oa (pe\u0219te), emulgator (E322) (fasole de soia), creve\u021bi (crustacee), sos de pe\u0219te (ton [pe\u0219te) ], dorada [pe\u0219te]), sare, tocoferol lichid (antioxidant [E306], emulgator [E322] [soia]), regulator de aciditate (E501, E339, E500), extract de ceai verde (oligozaharide, catechina de ceai, acid [ E330]), Culoare (E101).<\/p>\n<p>Pulbere de sup\u0103: condimente (maltodextrin\u0103, protein\u0103 vegetal\u0103 hidrolizat\u0103 [boabe de soia], sare, ton [pe\u0219te], zah\u0103r, extract de drojdie, amidon de gr\u00e2u, ha\u0219oa [pe\u0219te], sepie, cod, scoici [molu\u0219te], bonito [pe\u0219te], creve\u021bi [Crustacee]), sare, zah\u0103r, condimente (maltodextrin\u0103, ardei iute, piper negru, usturoi), poten\u021biatori de arom\u0103 (E631, E627), pudr\u0103 de caramel (maltodextrin\u0103, colorant [E150c]), agent antiaglomerant (E551).<\/p>\n","protected":false},"excerpt":{"rendered":"<p>Nongshim Neoguri Seafood este un preparat cu t\u0103i\u021bei rapid \u0219i u\u0219or de preparat, cu arom\u0103 de fructe de mare. Acest fel de m\u00e2ncare cu t\u0103i\u021bei este alc\u0103tuit din t\u0103i\u021bei instant, \u00een stil ramen \u0219i un condiment de sup\u0103 savuros, aromat cu o varietate de fructe de mare, inclusiv sepie, hamsii, ton \u0219i creve\u021bi. M\u00e2ncarea este, de asemenea, stratificat\u0103 cu o textur\u0103 de pe\u0219te uscat \u0219i garnitur\u0103 de legume. \u00cen plus, nu con\u021bine MSG \u0219i nici gr\u0103simi.<\/p>\n<p>Fructe de mare cu arom\u0103 u\u0219oar\u0103 Neoguri este potrivit pentru cei care prefer\u0103 t\u0103i\u021beii mai pu\u021bin picanti. Fructele de mare dau profunzime si prospetime supei.<\/p>","protected":false},"featured_media":7648,"template":"","meta":[],"product_brand":[],"product_cat":[86,109],"product_tag":[265,84,202,208,183],"berocket_brand":[99],"class_list":{"0":"post-7536","1":"product","2":"type-product","3":"status-publish","4":"has-post-thumbnail","6":"product_cat-coreea","7":"product_cat-fainuri-tempurapanko-condimenteierburi","8":"product_tag-fructe-de-mare","9":"product_tag-instant","10":"product_tag-japonia","11":"product_tag-legume","12":"product_tag-taitei","13":"berocket_brand-nongshim","15":"first","16":"instock","17":"taxable","18":"shipping-taxable","19":"purchasable","20":"product-type-simple"},"_links":{"self":[{"href":"https:\/\/pretasouper.com\/en\/wp-json\/wp\/v2\/product\/7536","targetHints":{"allow":["GET"]}}],"collection":[{"href":"https:\/\/pretasouper.com\/en\/wp-json\/wp\/v2\/product"}],"about":[{"href":"https:\/\/pretasouper.com\/en\/wp-json\/wp\/v2\/types\/product"}],"version-history":[{"count":4,"href":"https:\/\/pretasouper.com\/en\/wp-json\/wp\/v2\/product\/7536\/revisions"}],"predecessor-version":[{"id":8253,"href":"https:\/\/pretasouper.com\/en\/wp-json\/wp\/v2\/product\/7536\/revisions\/8253"}],"wp:featuredmedia":[{"embeddable":true,"href":"https:\/\/pretasouper.com\/en\/wp-json\/wp\/v2\/media\/7648"}],"wp:attachment":[{"href":"https:\/\/pretasouper.com\/en\/wp-json\/wp\/v2\/media?parent=7536"}],"wp:term":[{"taxonomy":"product_brand","embeddable":true,"href":"https:\/\/pretasouper.com\/en\/wp-json\/wp\/v2\/product_brand?post=7536"},{"taxonomy":"product_cat","embeddable":true,"href":"https:\/\/pretasouper.com\/en\/wp-json\/wp\/v2\/product_cat?post=7536"},{"taxonomy":"product_tag","embeddable":true,"href":"https:\/\/pretasouper.com\/en\/wp-json\/wp\/v2\/product_tag?post=7536"},{"taxonomy":"berocket_brand","embeddable":true,"href":"https:\/\/pretasouper.com\/en\/wp-json\/wp\/v2\/berocket_brand?post=7536"}],"curies":[{"name":"wp","href":"https:\/\/api.w.org\/{rel}","templated":true}]}}