{"id":7538,"date":"2023-02-24T07:51:09","date_gmt":"2023-02-24T07:51:09","guid":{"rendered":"https:\/\/pretasouper.com\/?post_type=product&#038;p=7538"},"modified":"2024-06-04T08:44:32","modified_gmt":"2024-06-04T08:44:32","slug":"supa-instant-ramyun-cu-fructe-de-mare-125g-nongshim","status":"publish","type":"product","link":"https:\/\/pretasouper.com\/en\/supa\/supa-instant-ramyun-cu-fructe-de-mare-125g-nongshim\/","title":{"rendered":"Instant ramyun soup with seafood 125g \u2013 Nongshim"},"content":{"rendered":"<p>Ingrediente: Taitei: faina de GRAU, ulei de palmier, amidon de cartofi, sare, condimente (SEPIE, maltodextrina, HAMSOA, CREVETI, sos de PESTE, (TON, PARA), sos de SOIA), regulator de aciditate: E501, E339, E500, tocoferol lichid (antioxidant: E306, emulgator: E322 (con\u021bine SOIA)), extract de ceai verde (oligozaharide, catechina de ceai, acid: E330, colorant: E101. Pudr\u0103 de sup\u0103: Condimente (SEPIE, maltodextrin\u0103, proteine \u200b\u200bvegetale hidrolizate (SOIA, porumb), CODII, CREVETI, sare, extract de drojdie, CRAB, Amidon de GRAU, HAMSOA, TON)), sare, condimente (ardei iute, maltodextrina, proteine \u200b\u200bvegetale hidrolizate (SOIA, porumb), MIDI, CREVETI, sare, extract de drojdie, CRAB , Amidon de GR\u00c2U, HOUE, COCE, TON)), sare, condimente (ardei iute, maltodextrin\u0103, ulei de t\u0103r\u00e2\u021be de orez, piper negru), zah\u0103r, poten\u021biatori de arom\u0103: E627, E631, glucoz\u0103, agent anti-aglomerare: E551, pudr\u0103 de caramel ( maltodextrin\u0103, culoare: E150c), acid: E330. Fulgi: morcov, pr\u0103jitur\u0103 de PE\u0218TE (POLLAC, amidon de cartofi, amidon de GR\u00c2U, ), alge marine, ceap\u0103 verde, ciuperci.<\/p>","protected":false},"excerpt":{"rendered":"<p>Taitei instant iuti din faina de grau cu aroma de fructe de mare.<\/p>","protected":false},"featured_media":7656,"template":"","meta":[],"product_brand":[],"product_cat":[86,109],"product_tag":[224,191,84,209,83,183],"berocket_brand":[99],"class_list":{"0":"post-7538","1":"product","2":"type-product","3":"status-publish","4":"has-post-thumbnail","6":"product_cat-coreea","7":"product_cat-fainuri-tempurapanko-condimenteierburi","8":"product_tag-coreea-de-sud","9":"product_tag-fruncte-de-mare","10":"product_tag-instant","11":"product_tag-nongshim","12":"product_tag-supa","13":"product_tag-taitei","14":"berocket_brand-nongshim","16":"first","17":"instock","18":"taxable","19":"shipping-taxable","20":"purchasable","21":"product-type-simple"},"_links":{"self":[{"href":"https:\/\/pretasouper.com\/en\/wp-json\/wp\/v2\/product\/7538","targetHints":{"allow":["GET"]}}],"collection":[{"href":"https:\/\/pretasouper.com\/en\/wp-json\/wp\/v2\/product"}],"about":[{"href":"https:\/\/pretasouper.com\/en\/wp-json\/wp\/v2\/types\/product"}],"version-history":[{"count":3,"href":"https:\/\/pretasouper.com\/en\/wp-json\/wp\/v2\/product\/7538\/revisions"}],"predecessor-version":[{"id":7657,"href":"https:\/\/pretasouper.com\/en\/wp-json\/wp\/v2\/product\/7538\/revisions\/7657"}],"wp:featuredmedia":[{"embeddable":true,"href":"https:\/\/pretasouper.com\/en\/wp-json\/wp\/v2\/media\/7656"}],"wp:attachment":[{"href":"https:\/\/pretasouper.com\/en\/wp-json\/wp\/v2\/media?parent=7538"}],"wp:term":[{"taxonomy":"product_brand","embeddable":true,"href":"https:\/\/pretasouper.com\/en\/wp-json\/wp\/v2\/product_brand?post=7538"},{"taxonomy":"product_cat","embeddable":true,"href":"https:\/\/pretasouper.com\/en\/wp-json\/wp\/v2\/product_cat?post=7538"},{"taxonomy":"product_tag","embeddable":true,"href":"https:\/\/pretasouper.com\/en\/wp-json\/wp\/v2\/product_tag?post=7538"},{"taxonomy":"berocket_brand","embeddable":true,"href":"https:\/\/pretasouper.com\/en\/wp-json\/wp\/v2\/berocket_brand?post=7538"}],"curies":[{"name":"wp","href":"https:\/\/api.w.org\/{rel}","templated":true}]}}