{"id":7540,"date":"2023-02-24T08:00:05","date_gmt":"2023-02-24T08:00:05","guid":{"rendered":"https:\/\/pretasouper.com\/?post_type=product&#038;p=7540"},"modified":"2023-09-09T08:29:59","modified_gmt":"2023-09-09T08:29:59","slug":"supa-instant-cu-kimchi-ramen-120g-nongshim","status":"publish","type":"product","link":"https:\/\/pretasouper.com\/en\/supa\/supa-instant-cu-kimchi-ramen-120g-nongshim\/","title":{"rendered":"Instant soup with Kimchi Ramen 120g - NongShim"},"content":{"rendered":"<p>Ingrediente: Taitei: faina de GRAU, ulei de palmier, amidon de cartofi, sare, regulator de aciditate: E339, E500, E501, condimente (extract de drojdie, sos de soia, usturoi, amidon de GRAU), tocoferol lichid (antioxidant: E306), emulgator: E322 ( contine SOIA)), extract de ceai verde (oligozaharide, catechina de ceai, acid: E300), colorant: E101. Pudr\u0103 de sup\u0103: condimente (maltodextrin\u0103, proteine \u200b\u200bvegetale hidrolizate (SOIA, porumb, GR\u00c2U), SARE, HAMSOA, extract de drojdie, ulei de MU\u0218TAR), sare, zah\u0103r, condimente (maltodextrin\u0103, glucoz\u0103, ardei ro\u0219u, piper negru, usturoi), acid: E330, poten\u021biator de arom\u0103: E627, E631, pudr\u0103 de caramel (maltodextrin\u0103, culoare: E150c). Fulgi de legume: legume uscate (fulg de kimchi, bokchoy, morcov, ceap\u0103 verde).<\/p>","protected":false},"excerpt":{"rendered":"<p>Taitei instant hot din faina de grau cu kimchi.<\/p>","protected":false},"featured_media":7660,"template":"","meta":[],"product_brand":[],"product_cat":[104,86,108,85],"product_tag":[224,84,250,209,189,183],"berocket_brand":[99],"class_list":{"0":"post-7540","1":"product","2":"type-product","3":"status-publish","4":"has-post-thumbnail","6":"product_cat-categorii","7":"product_cat-coreea","8":"product_cat-sosuri","9":"product_cat-tari","10":"product_tag-coreea-de-sud","11":"product_tag-instant","12":"product_tag-kimchi","13":"product_tag-nongshim","14":"product_tag-ramen","15":"product_tag-taitei","16":"berocket_brand-nongshim","18":"first","19":"outofstock","20":"taxable","21":"shipping-taxable","22":"purchasable","23":"product-type-simple"},"_links":{"self":[{"href":"https:\/\/pretasouper.com\/en\/wp-json\/wp\/v2\/product\/7540","targetHints":{"allow":["GET"]}}],"collection":[{"href":"https:\/\/pretasouper.com\/en\/wp-json\/wp\/v2\/product"}],"about":[{"href":"https:\/\/pretasouper.com\/en\/wp-json\/wp\/v2\/types\/product"}],"version-history":[{"count":3,"href":"https:\/\/pretasouper.com\/en\/wp-json\/wp\/v2\/product\/7540\/revisions"}],"predecessor-version":[{"id":7663,"href":"https:\/\/pretasouper.com\/en\/wp-json\/wp\/v2\/product\/7540\/revisions\/7663"}],"wp:featuredmedia":[{"embeddable":true,"href":"https:\/\/pretasouper.com\/en\/wp-json\/wp\/v2\/media\/7660"}],"wp:attachment":[{"href":"https:\/\/pretasouper.com\/en\/wp-json\/wp\/v2\/media?parent=7540"}],"wp:term":[{"taxonomy":"product_brand","embeddable":true,"href":"https:\/\/pretasouper.com\/en\/wp-json\/wp\/v2\/product_brand?post=7540"},{"taxonomy":"product_cat","embeddable":true,"href":"https:\/\/pretasouper.com\/en\/wp-json\/wp\/v2\/product_cat?post=7540"},{"taxonomy":"product_tag","embeddable":true,"href":"https:\/\/pretasouper.com\/en\/wp-json\/wp\/v2\/product_tag?post=7540"},{"taxonomy":"berocket_brand","embeddable":true,"href":"https:\/\/pretasouper.com\/en\/wp-json\/wp\/v2\/berocket_brand?post=7540"}],"curies":[{"name":"wp","href":"https:\/\/api.w.org\/{rel}","templated":true}]}}