{"id":7545,"date":"2023-02-24T08:43:53","date_gmt":"2023-02-24T08:43:53","guid":{"rendered":"https:\/\/pretasouper.com\/?post_type=product&#038;p=7545"},"modified":"2024-04-16T11:43:22","modified_gmt":"2024-04-16T11:43:22","slug":"taitei-instant-ramen-jin-iute-120g-ottogi","status":"publish","type":"product","link":"https:\/\/pretasouper.com\/en\/supa\/taitei-instant-ramen-jin-iute-120g-ottogi\/","title":{"rendered":"Ramen Jin hot instant noodles 120g \u2013 Ottogi"},"content":{"rendered":"<p>Ingrediente: Taitei (105,9g): faina de GRAU 61%, amidon modificat (cartof, tapioca), ulei de palmier, amidon de cartofi, GLUTEN DE GRAU, sare, extract de drojdie, regulatori de aciditate: E501, E452, colorant: E101. Pudr\u0103 de sup\u0103 (11,9g): sare, zah\u0103r, pudr\u0103 de sos de SOIA (SOIA, GR\u00c2U, sare), pudr\u0103 de usturoi, condimente (ardei iute ro\u0219u, usturoi, ceap\u0103, ceap\u0103 verde, ghimbir), poten\u021biatori de arom\u0103: E621, E627, E631 , glucoz\u0103, protein\u0103 vegetal\u0103 hidrolizat\u0103 (SOIA, GRAU, porumb), extract de ardei iute, extract de drojdie pudr\u0103, piper negru, ardei iute ro\u0219u, pudr\u0103 de extract de varec (varec, dextrin\u0103, sare), maltodextrin\u0103, regulator de aciditate: E296. Mix de legume deshidratate (2,2g): varz\u0103 chinezeasc\u0103, proteine \u200b\u200bvegetale texturate (SOIA, GR\u00c2U), morcov, ceap\u0103 verde, ciuperci shiitake, ardei ro\u0219u.<\/p>","protected":false},"excerpt":{"rendered":"<p>Taitei instant iuti din faina de grau cu legume.<\/p>","protected":false},"featured_media":7665,"template":"","meta":[],"product_brand":[],"product_cat":[86,108],"product_tag":[224,190,84,275,208,209,189,183,300],"berocket_brand":[111],"class_list":{"0":"post-7545","1":"product","2":"type-product","3":"status-publish","4":"has-post-thumbnail","6":"product_cat-coreea","7":"product_cat-sosuri","8":"product_tag-coreea-de-sud","9":"product_tag-hot","10":"product_tag-instant","11":"product_tag-jin","12":"product_tag-legume","13":"product_tag-nongshim","14":"product_tag-ramen","15":"product_tag-taitei","16":"product_tag-vegetala","17":"berocket_brand-ottogi","19":"first","20":"outofstock","21":"taxable","22":"shipping-taxable","23":"purchasable","24":"product-type-simple"},"_links":{"self":[{"href":"https:\/\/pretasouper.com\/en\/wp-json\/wp\/v2\/product\/7545","targetHints":{"allow":["GET"]}}],"collection":[{"href":"https:\/\/pretasouper.com\/en\/wp-json\/wp\/v2\/product"}],"about":[{"href":"https:\/\/pretasouper.com\/en\/wp-json\/wp\/v2\/types\/product"}],"version-history":[{"count":3,"href":"https:\/\/pretasouper.com\/en\/wp-json\/wp\/v2\/product\/7545\/revisions"}],"predecessor-version":[{"id":7667,"href":"https:\/\/pretasouper.com\/en\/wp-json\/wp\/v2\/product\/7545\/revisions\/7667"}],"wp:featuredmedia":[{"embeddable":true,"href":"https:\/\/pretasouper.com\/en\/wp-json\/wp\/v2\/media\/7665"}],"wp:attachment":[{"href":"https:\/\/pretasouper.com\/en\/wp-json\/wp\/v2\/media?parent=7545"}],"wp:term":[{"taxonomy":"product_brand","embeddable":true,"href":"https:\/\/pretasouper.com\/en\/wp-json\/wp\/v2\/product_brand?post=7545"},{"taxonomy":"product_cat","embeddable":true,"href":"https:\/\/pretasouper.com\/en\/wp-json\/wp\/v2\/product_cat?post=7545"},{"taxonomy":"product_tag","embeddable":true,"href":"https:\/\/pretasouper.com\/en\/wp-json\/wp\/v2\/product_tag?post=7545"},{"taxonomy":"berocket_brand","embeddable":true,"href":"https:\/\/pretasouper.com\/en\/wp-json\/wp\/v2\/berocket_brand?post=7545"}],"curies":[{"name":"wp","href":"https:\/\/api.w.org\/{rel}","templated":true}]}}