{"id":7547,"date":"2023-02-24T08:49:28","date_gmt":"2023-02-24T08:49:28","guid":{"rendered":"https:\/\/pretasouper.com\/?post_type=product&#038;p=7547"},"modified":"2024-04-22T13:55:38","modified_gmt":"2024-04-22T13:55:38","slug":"taitei-instant-ramen-cu-kimchi-120g-ottogi","status":"publish","type":"product","link":"https:\/\/pretasouper.com\/en\/supa\/taitei-instant-ramen-cu-kimchi-120g-ottogi\/","title":{"rendered":"Ramen instant noodles with kimchi 120g - Ottogi"},"content":{"rendered":"<p>Ingrediente: F\u0103in\u0103 de gr\u00e2u 55,5%, amidon modificat (tapioca, cartofi), ulei de palmier, sare, amidon de cartofi, poten\u021biatori de arom\u0103: E621, E627, E631, gluten de gr\u00e2u, pudr\u0103 de Kimchi 1,1% (varz\u0103, sare, glucoz\u0103, ardei ro\u0219u) , usturoi), zah\u0103r, glucoz\u0103, kimchi uscat 0,7% (varz\u0103, sare, glucoz\u0103, ardei ro\u0219u, usturoi), pudr\u0103 de sos de soia (soia, gr\u00e2u), ardei ro\u0219u, pudr\u0103 de usturoi, pulbere de condimente pentru sos de soia ( Soia, gr\u00e2u, sare), ceap\u0103, extract de drojdie, glucoz\u0103], pulbere de condimente de drojdie (extract de drojdie, sare, dextrin\u0103), pulbere de condimente de ardei ro\u0219u [ardei ro\u0219u, dextrin\u0103, sare, usturoi, sos de soia (soia, gr\u00e2u, sare) ], Regulatori de aciditate: E296, E330, E450, E451, E500, E501, extract de drojdie condimentat (extract de drojdie, dextrin\u0103, sare, gluten de gr\u00e2u hidrolizat), amidon de porumb, ceap\u0103 verde uscat\u0103, culori: E101, E150, negru, Ginger Powder Piper, extract de ardei iute, extract de ceai verde.<\/p>\n","protected":false},"excerpt":{"rendered":"<p>Instant noodles from wheat flour with kimchi.<\/p>","protected":false},"featured_media":7672,"template":"","meta":[],"product_brand":[],"product_cat":[86,108],"product_tag":[84,250,276,189,183],"berocket_brand":[111],"class_list":{"0":"post-7547","1":"product","2":"type-product","3":"status-publish","4":"has-post-thumbnail","6":"product_cat-coreea","7":"product_cat-sosuri","8":"product_tag-instant","9":"product_tag-kimchi","10":"product_tag-ottogi","11":"product_tag-ramen","12":"product_tag-taitei","13":"berocket_brand-ottogi","15":"first","16":"instock","17":"taxable","18":"shipping-taxable","19":"purchasable","20":"product-type-simple"},"_links":{"self":[{"href":"https:\/\/pretasouper.com\/en\/wp-json\/wp\/v2\/product\/7547","targetHints":{"allow":["GET"]}}],"collection":[{"href":"https:\/\/pretasouper.com\/en\/wp-json\/wp\/v2\/product"}],"about":[{"href":"https:\/\/pretasouper.com\/en\/wp-json\/wp\/v2\/types\/product"}],"version-history":[{"count":3,"href":"https:\/\/pretasouper.com\/en\/wp-json\/wp\/v2\/product\/7547\/revisions"}],"predecessor-version":[{"id":7673,"href":"https:\/\/pretasouper.com\/en\/wp-json\/wp\/v2\/product\/7547\/revisions\/7673"}],"wp:featuredmedia":[{"embeddable":true,"href":"https:\/\/pretasouper.com\/en\/wp-json\/wp\/v2\/media\/7672"}],"wp:attachment":[{"href":"https:\/\/pretasouper.com\/en\/wp-json\/wp\/v2\/media?parent=7547"}],"wp:term":[{"taxonomy":"product_brand","embeddable":true,"href":"https:\/\/pretasouper.com\/en\/wp-json\/wp\/v2\/product_brand?post=7547"},{"taxonomy":"product_cat","embeddable":true,"href":"https:\/\/pretasouper.com\/en\/wp-json\/wp\/v2\/product_cat?post=7547"},{"taxonomy":"product_tag","embeddable":true,"href":"https:\/\/pretasouper.com\/en\/wp-json\/wp\/v2\/product_tag?post=7547"},{"taxonomy":"berocket_brand","embeddable":true,"href":"https:\/\/pretasouper.com\/en\/wp-json\/wp\/v2\/berocket_brand?post=7547"}],"curies":[{"name":"wp","href":"https:\/\/api.w.org\/{rel}","templated":true}]}}