{"id":7549,"date":"2023-02-24T08:59:32","date_gmt":"2023-02-24T08:59:32","guid":{"rendered":"https:\/\/pretasouper.com\/?post_type=product&#038;p=7549"},"modified":"2023-02-24T15:42:54","modified_gmt":"2023-02-24T15:42:54","slug":"taitei-instant-jja-jang-men-pahar-190g-paldo","status":"publish","type":"product","link":"https:\/\/pretasouper.com\/en\/supa\/taitei-instant-jja-jang-men-pahar-190g-paldo\/","title":{"rendered":"Instant noodles Jja Jang Men (Glass) 190g \u2013 Paldo"},"content":{"rendered":"<p>Ingrediente: Fidea: f\u0103in\u0103 de gr\u00e2u, ulei de palmier, amidon de cartofi modificat, sare, ulei emulsionat (ulei de semin\u021be de floarea soarelui, lecitin\u0103 de soia), regulatori de aciditate (E501, E500, E339), extract de ceap\u0103, agent de \u00eengro\u0219are (E412), amidon de cartofi, ulei de canola.<br \/>\nCondimente: ceap\u0103, ap\u0103, sos de fasole neagr\u0103 (gr\u00e2u, soia, sare), ulei de canola, varz\u0103, cartofi, zah\u0103r, pudr\u0103 de sos de soia (soia, gr\u00e2u, sare), protein\u0103 din soia, amidon de porumb, sare, extract de ghimbir, poten\u021bator de arom\u0103 (E635), Regulator de aciditate (E500).<\/p>","protected":false},"excerpt":{"rendered":"<p>Taitei instant din faina de grau cu sos de fasole neagra si legume.<\/p>","protected":false},"featured_media":7675,"template":"","meta":[],"product_brand":[],"product_cat":[86,108],"product_tag":[224,84,237,255,295,183,300],"berocket_brand":[98],"class_list":{"0":"post-7549","1":"product","2":"type-product","3":"status-publish","4":"has-post-thumbnail","6":"product_cat-coreea","7":"product_cat-sosuri","8":"product_tag-coreea-de-sud","9":"product_tag-instant","10":"product_tag-pahar","11":"product_tag-paldo","12":"product_tag-sos-de-fasole-neagra","13":"product_tag-taitei","14":"product_tag-vegetala","15":"berocket_brand-paldo","17":"first","18":"outofstock","19":"taxable","20":"shipping-taxable","21":"purchasable","22":"product-type-simple"},"_links":{"self":[{"href":"https:\/\/pretasouper.com\/en\/wp-json\/wp\/v2\/product\/7549","targetHints":{"allow":["GET"]}}],"collection":[{"href":"https:\/\/pretasouper.com\/en\/wp-json\/wp\/v2\/product"}],"about":[{"href":"https:\/\/pretasouper.com\/en\/wp-json\/wp\/v2\/types\/product"}],"version-history":[{"count":3,"href":"https:\/\/pretasouper.com\/en\/wp-json\/wp\/v2\/product\/7549\/revisions"}],"predecessor-version":[{"id":7676,"href":"https:\/\/pretasouper.com\/en\/wp-json\/wp\/v2\/product\/7549\/revisions\/7676"}],"wp:featuredmedia":[{"embeddable":true,"href":"https:\/\/pretasouper.com\/en\/wp-json\/wp\/v2\/media\/7675"}],"wp:attachment":[{"href":"https:\/\/pretasouper.com\/en\/wp-json\/wp\/v2\/media?parent=7549"}],"wp:term":[{"taxonomy":"product_brand","embeddable":true,"href":"https:\/\/pretasouper.com\/en\/wp-json\/wp\/v2\/product_brand?post=7549"},{"taxonomy":"product_cat","embeddable":true,"href":"https:\/\/pretasouper.com\/en\/wp-json\/wp\/v2\/product_cat?post=7549"},{"taxonomy":"product_tag","embeddable":true,"href":"https:\/\/pretasouper.com\/en\/wp-json\/wp\/v2\/product_tag?post=7549"},{"taxonomy":"berocket_brand","embeddable":true,"href":"https:\/\/pretasouper.com\/en\/wp-json\/wp\/v2\/berocket_brand?post=7549"}],"curies":[{"name":"wp","href":"https:\/\/api.w.org\/{rel}","templated":true}]}}