{"id":7551,"date":"2023-02-24T09:08:30","date_gmt":"2023-02-24T09:08:30","guid":{"rendered":"https:\/\/pretasouper.com\/?post_type=product&#038;p=7551"},"modified":"2023-02-24T15:53:45","modified_gmt":"2023-02-24T15:53:45","slug":"taitei-instant-prajiti-cu-pui-130g-paldo","status":"publish","type":"product","link":"https:\/\/pretasouper.com\/en\/supa\/taitei-instant-prajiti-cu-pui-130g-paldo\/","title":{"rendered":"Fried instant noodles with chicken 130g - Paldo"},"content":{"rendered":"<p>Taiteii: A\u021bi v\u0103zut pe re\u021belele de socializare t\u0103i\u021bei ramen picanti mukbang? Acum po\u021bi s\u0103 faci \u00een sf\u00e2r\u0219it feluri de m\u00e2ncare de inspira\u021bie coreean\u0103 chiar acas\u0103! Arunc\u0103-le doar cu sosul t\u0103u preferat sau pr\u0103je\u0219te-le cu orice carne sau legume pentru o mas\u0103 rapid\u0103 \u0219i delicioas\u0103. Usor de gatit. O mas\u0103 s\u0103\u021bioas\u0103, dar simpl\u0103, u\u0219or de f\u0103cut \u0219i gata de m\u00e2ncat \u00een c\u00e2teva minute! Excelent pentru o mas\u0103 rapid\u0103. Fabricat \u00een Coreea.<\/p>\n<p>Sosul de soia picant: Una dintre cele mai unice preparate cu t\u0103i\u021bei instant. Fidea de pui pr\u0103jit\u0103 cu sos picant pe baz\u0103 de soia si condimentele unic.<\/p>","protected":false},"excerpt":{"rendered":"<p>Taitei instant din faina de grau prajiti cu aroma de pui si sos de soia iute.<\/p>","protected":false},"featured_media":7679,"template":"","meta":[],"product_brand":[],"product_cat":[86,106],"product_tag":[224,190,84,225,183,316],"berocket_brand":[98],"class_list":{"0":"post-7551","1":"product","2":"type-product","3":"status-publish","4":"has-post-thumbnail","6":"product_cat-coreea","7":"product_cat-taitei","8":"product_tag-coreea-de-sud","9":"product_tag-hot","10":"product_tag-instant","11":"product_tag-pui","12":"product_tag-taitei","13":"product_tag-taitei-prajiti","14":"berocket_brand-paldo","16":"first","17":"outofstock","18":"taxable","19":"shipping-taxable","20":"purchasable","21":"product-type-simple"},"_links":{"self":[{"href":"https:\/\/pretasouper.com\/en\/wp-json\/wp\/v2\/product\/7551","targetHints":{"allow":["GET"]}}],"collection":[{"href":"https:\/\/pretasouper.com\/en\/wp-json\/wp\/v2\/product"}],"about":[{"href":"https:\/\/pretasouper.com\/en\/wp-json\/wp\/v2\/types\/product"}],"version-history":[{"count":3,"href":"https:\/\/pretasouper.com\/en\/wp-json\/wp\/v2\/product\/7551\/revisions"}],"predecessor-version":[{"id":7680,"href":"https:\/\/pretasouper.com\/en\/wp-json\/wp\/v2\/product\/7551\/revisions\/7680"}],"wp:featuredmedia":[{"embeddable":true,"href":"https:\/\/pretasouper.com\/en\/wp-json\/wp\/v2\/media\/7679"}],"wp:attachment":[{"href":"https:\/\/pretasouper.com\/en\/wp-json\/wp\/v2\/media?parent=7551"}],"wp:term":[{"taxonomy":"product_brand","embeddable":true,"href":"https:\/\/pretasouper.com\/en\/wp-json\/wp\/v2\/product_brand?post=7551"},{"taxonomy":"product_cat","embeddable":true,"href":"https:\/\/pretasouper.com\/en\/wp-json\/wp\/v2\/product_cat?post=7551"},{"taxonomy":"product_tag","embeddable":true,"href":"https:\/\/pretasouper.com\/en\/wp-json\/wp\/v2\/product_tag?post=7551"},{"taxonomy":"berocket_brand","embeddable":true,"href":"https:\/\/pretasouper.com\/en\/wp-json\/wp\/v2\/berocket_brand?post=7551"}],"curies":[{"name":"wp","href":"https:\/\/api.w.org\/{rel}","templated":true}]}}