{"id":7553,"date":"2023-02-24T09:25:45","date_gmt":"2023-02-24T09:25:45","guid":{"rendered":"https:\/\/pretasouper.com\/?post_type=product&#038;p=7553"},"modified":"2024-04-04T16:15:18","modified_gmt":"2024-04-04T16:15:18","slug":"taitei-instant-tom-yum-cu-carne-tocata-de-porc-60g-wai-wai","status":"publish","type":"product","link":"https:\/\/pretasouper.com\/en\/supa\/taitei-instant-tom-yum-cu-carne-tocata-de-porc-60g-wai-wai\/","title":{"rendered":"Tom Yum instant noodles with minced pork 60g - Wai Wai"},"content":{"rendered":"<p>Ingrediente: F\u0103in\u0103 de GR\u00c2U, ulei de palmier, zah\u0103r, sare, poten\u021biator de arom\u0103: E621, pudr\u0103 de chili, acid: E330, arom\u0103 de lime (zah\u0103r, arom\u0103, maltodextrin\u0103), ceap\u0103 uscat\u0103, arom\u0103 de carne (sare, extract de drojdie, arom\u0103, maltodextrin\u0103) .<\/p>","protected":false},"excerpt":{"rendered":"<p>Taitei instant din faina de grau cu carne de porc tocata Tom Yum.<\/p>","protected":false},"featured_media":7681,"template":"","meta":[],"product_brand":[],"product_cat":[107,40],"product_tag":[84,217,83,232,301],"berocket_brand":[174],"class_list":{"0":"post-7553","1":"product","2":"type-product","3":"status-publish","4":"has-post-thumbnail","6":"product_cat-produse-din-cocos-lapte-de-cocos-cremafulgi","7":"product_cat-tailanda","8":"product_tag-instant","9":"product_tag-porc","10":"product_tag-supa","11":"product_tag-tom-yum","12":"product_tag-wai-wai","13":"berocket_brand-waiwai","15":"first","16":"instock","17":"taxable","18":"shipping-taxable","19":"purchasable","20":"product-type-simple"},"_links":{"self":[{"href":"https:\/\/pretasouper.com\/en\/wp-json\/wp\/v2\/product\/7553","targetHints":{"allow":["GET"]}}],"collection":[{"href":"https:\/\/pretasouper.com\/en\/wp-json\/wp\/v2\/product"}],"about":[{"href":"https:\/\/pretasouper.com\/en\/wp-json\/wp\/v2\/types\/product"}],"version-history":[{"count":3,"href":"https:\/\/pretasouper.com\/en\/wp-json\/wp\/v2\/product\/7553\/revisions"}],"predecessor-version":[{"id":7684,"href":"https:\/\/pretasouper.com\/en\/wp-json\/wp\/v2\/product\/7553\/revisions\/7684"}],"wp:featuredmedia":[{"embeddable":true,"href":"https:\/\/pretasouper.com\/en\/wp-json\/wp\/v2\/media\/7681"}],"wp:attachment":[{"href":"https:\/\/pretasouper.com\/en\/wp-json\/wp\/v2\/media?parent=7553"}],"wp:term":[{"taxonomy":"product_brand","embeddable":true,"href":"https:\/\/pretasouper.com\/en\/wp-json\/wp\/v2\/product_brand?post=7553"},{"taxonomy":"product_cat","embeddable":true,"href":"https:\/\/pretasouper.com\/en\/wp-json\/wp\/v2\/product_cat?post=7553"},{"taxonomy":"product_tag","embeddable":true,"href":"https:\/\/pretasouper.com\/en\/wp-json\/wp\/v2\/product_tag?post=7553"},{"taxonomy":"berocket_brand","embeddable":true,"href":"https:\/\/pretasouper.com\/en\/wp-json\/wp\/v2\/berocket_brand?post=7553"}],"curies":[{"name":"wp","href":"https:\/\/api.w.org\/{rel}","templated":true}]}}