{"id":7555,"date":"2023-02-24T09:32:25","date_gmt":"2023-02-24T09:32:25","guid":{"rendered":"https:\/\/pretasouper.com\/?post_type=product&#038;p=7555"},"modified":"2024-06-04T08:43:20","modified_gmt":"2024-06-04T08:43:20","slug":"taitei-instant-stil-oriental-60g-wai-wai-2","status":"publish","type":"product","link":"https:\/\/pretasouper.com\/en\/supa\/taitei-instant-stil-oriental-60g-wai-wai-2\/","title":{"rendered":"Oriental style instant noodles 60g - Wai Wai"},"content":{"rendered":"<p>Iat\u0103 o aroma original\u0103, clasic\u0103. Se nume\u0219te \u201eStil oriental\u201d. Nu foarte picant, cu t\u0103i\u021bei fini. \u00cen interiorul fiec\u0103rui pachet sunt trei pachete mici de arom\u0103 (ulei de palmier, pudr\u0103 de ardei iute \u0219i sare\/piper).<\/p>","protected":false},"excerpt":{"rendered":"<p>Taitei instant cu aroma orientala.<\/p>","protected":false},"featured_media":7685,"template":"","meta":[],"product_brand":[],"product_cat":[108,40],"product_tag":[84,324,83,300,301],"berocket_brand":[174],"class_list":{"0":"post-7555","1":"product","2":"type-product","3":"status-publish","4":"has-post-thumbnail","6":"product_cat-sosuri","7":"product_cat-tailanda","8":"product_tag-instant","9":"product_tag-oriental","10":"product_tag-supa","11":"product_tag-vegetala","12":"product_tag-wai-wai","13":"berocket_brand-waiwai","15":"first","16":"outofstock","17":"taxable","18":"shipping-taxable","19":"purchasable","20":"product-type-simple"},"_links":{"self":[{"href":"https:\/\/pretasouper.com\/en\/wp-json\/wp\/v2\/product\/7555","targetHints":{"allow":["GET"]}}],"collection":[{"href":"https:\/\/pretasouper.com\/en\/wp-json\/wp\/v2\/product"}],"about":[{"href":"https:\/\/pretasouper.com\/en\/wp-json\/wp\/v2\/types\/product"}],"version-history":[{"count":3,"href":"https:\/\/pretasouper.com\/en\/wp-json\/wp\/v2\/product\/7555\/revisions"}],"predecessor-version":[{"id":7686,"href":"https:\/\/pretasouper.com\/en\/wp-json\/wp\/v2\/product\/7555\/revisions\/7686"}],"wp:featuredmedia":[{"embeddable":true,"href":"https:\/\/pretasouper.com\/en\/wp-json\/wp\/v2\/media\/7685"}],"wp:attachment":[{"href":"https:\/\/pretasouper.com\/en\/wp-json\/wp\/v2\/media?parent=7555"}],"wp:term":[{"taxonomy":"product_brand","embeddable":true,"href":"https:\/\/pretasouper.com\/en\/wp-json\/wp\/v2\/product_brand?post=7555"},{"taxonomy":"product_cat","embeddable":true,"href":"https:\/\/pretasouper.com\/en\/wp-json\/wp\/v2\/product_cat?post=7555"},{"taxonomy":"product_tag","embeddable":true,"href":"https:\/\/pretasouper.com\/en\/wp-json\/wp\/v2\/product_tag?post=7555"},{"taxonomy":"berocket_brand","embeddable":true,"href":"https:\/\/pretasouper.com\/en\/wp-json\/wp\/v2\/berocket_brand?post=7555"}],"curies":[{"name":"wp","href":"https:\/\/api.w.org\/{rel}","templated":true}]}}