{"id":7557,"date":"2023-02-24T09:37:32","date_gmt":"2023-02-24T09:37:32","guid":{"rendered":"https:\/\/pretasouper.com\/?post_type=product&#038;p=7557"},"modified":"2023-02-24T16:04:29","modified_gmt":"2023-02-24T16:04:29","slug":"taitei-instant-tom-yum-acrisoara-60g-wai-wai","status":"publish","type":"product","link":"https:\/\/pretasouper.com\/en\/supa\/taitei-instant-tom-yum-acrisoara-60g-wai-wai\/","title":{"rendered":"Instant noodles Tom Yum sour 60g - Wai Wai"},"content":{"rendered":"<p>Ingrediente: F\u0103in\u0103 de GR\u00c2U, ulei de palmier, pudr\u0103 de CREVE\u021aI, zah\u0103r, sare, iarb\u0103 de l\u0103m\u00e2ie, pudr\u0103 de ardei iute, poten\u021biator de arom\u0103: E621, usturoi, acid: E330.<\/p>","protected":false},"excerpt":{"rendered":"<p>Supa instant Tom yum acrisoara cu creveti.<\/p>","protected":false},"featured_media":7687,"template":"","meta":[],"product_brand":[],"product_cat":[109,40],"product_tag":[188,84,83,232,301],"berocket_brand":[174],"class_list":{"0":"post-7557","1":"product","2":"type-product","3":"status-publish","4":"has-post-thumbnail","6":"product_cat-fainuri-tempurapanko-condimenteierburi","7":"product_cat-tailanda","8":"product_tag-acrisoara","9":"product_tag-instant","10":"product_tag-supa","11":"product_tag-tom-yum","12":"product_tag-wai-wai","13":"berocket_brand-waiwai","15":"first","16":"outofstock","17":"taxable","18":"shipping-taxable","19":"purchasable","20":"product-type-simple"},"_links":{"self":[{"href":"https:\/\/pretasouper.com\/en\/wp-json\/wp\/v2\/product\/7557","targetHints":{"allow":["GET"]}}],"collection":[{"href":"https:\/\/pretasouper.com\/en\/wp-json\/wp\/v2\/product"}],"about":[{"href":"https:\/\/pretasouper.com\/en\/wp-json\/wp\/v2\/types\/product"}],"version-history":[{"count":3,"href":"https:\/\/pretasouper.com\/en\/wp-json\/wp\/v2\/product\/7557\/revisions"}],"predecessor-version":[{"id":7689,"href":"https:\/\/pretasouper.com\/en\/wp-json\/wp\/v2\/product\/7557\/revisions\/7689"}],"wp:featuredmedia":[{"embeddable":true,"href":"https:\/\/pretasouper.com\/en\/wp-json\/wp\/v2\/media\/7687"}],"wp:attachment":[{"href":"https:\/\/pretasouper.com\/en\/wp-json\/wp\/v2\/media?parent=7557"}],"wp:term":[{"taxonomy":"product_brand","embeddable":true,"href":"https:\/\/pretasouper.com\/en\/wp-json\/wp\/v2\/product_brand?post=7557"},{"taxonomy":"product_cat","embeddable":true,"href":"https:\/\/pretasouper.com\/en\/wp-json\/wp\/v2\/product_cat?post=7557"},{"taxonomy":"product_tag","embeddable":true,"href":"https:\/\/pretasouper.com\/en\/wp-json\/wp\/v2\/product_tag?post=7557"},{"taxonomy":"berocket_brand","embeddable":true,"href":"https:\/\/pretasouper.com\/en\/wp-json\/wp\/v2\/berocket_brand?post=7557"}],"curies":[{"name":"wp","href":"https:\/\/api.w.org\/{rel}","templated":true}]}}