{"id":7563,"date":"2023-02-24T09:48:28","date_gmt":"2023-02-24T09:48:28","guid":{"rendered":"https:\/\/pretasouper.com\/?post_type=product&#038;p=7563"},"modified":"2023-12-20T12:34:06","modified_gmt":"2023-12-20T12:34:06","slug":"taitei-instant-tom-yum-cu-chilli-60g-wai-wai","status":"publish","type":"product","link":"https:\/\/pretasouper.com\/en\/supa\/taitei-instant-tom-yum-cu-chilli-60g-wai-wai\/","title":{"rendered":"Tom Yum instant noodles with chilli 60g - Wai Wai"},"content":{"rendered":"<p>Ingrediente: F\u0103in\u0103 de GR\u00c2U, ulei de palmier, zah\u0103r, sare, pudr\u0103 de ardei iute 2,4%, poten\u021biator de arom\u0103: E621, arom\u0103, pudr\u0103 de CREVE\u021aI 0,8%, acid: E296, iarb\u0103 de l\u0103m\u00e2ie, ceap\u0103 verde.<\/p>","protected":false},"excerpt":{"rendered":"<p>Taitei instant din faina de grau Tom yum cu chilli.<\/p>","protected":false},"featured_media":7697,"template":"","meta":[],"product_brand":[],"product_cat":[40],"product_tag":[244,84,83,232,301],"berocket_brand":[174],"class_list":{"0":"post-7563","1":"product","2":"type-product","3":"status-publish","4":"has-post-thumbnail","6":"product_cat-tailanda","7":"product_tag-chilli","8":"product_tag-instant","9":"product_tag-supa","10":"product_tag-tom-yum","11":"product_tag-wai-wai","12":"berocket_brand-waiwai","14":"first","15":"instock","16":"taxable","17":"shipping-taxable","18":"purchasable","19":"product-type-simple"},"_links":{"self":[{"href":"https:\/\/pretasouper.com\/en\/wp-json\/wp\/v2\/product\/7563","targetHints":{"allow":["GET"]}}],"collection":[{"href":"https:\/\/pretasouper.com\/en\/wp-json\/wp\/v2\/product"}],"about":[{"href":"https:\/\/pretasouper.com\/en\/wp-json\/wp\/v2\/types\/product"}],"version-history":[{"count":2,"href":"https:\/\/pretasouper.com\/en\/wp-json\/wp\/v2\/product\/7563\/revisions"}],"predecessor-version":[{"id":7698,"href":"https:\/\/pretasouper.com\/en\/wp-json\/wp\/v2\/product\/7563\/revisions\/7698"}],"wp:featuredmedia":[{"embeddable":true,"href":"https:\/\/pretasouper.com\/en\/wp-json\/wp\/v2\/media\/7697"}],"wp:attachment":[{"href":"https:\/\/pretasouper.com\/en\/wp-json\/wp\/v2\/media?parent=7563"}],"wp:term":[{"taxonomy":"product_brand","embeddable":true,"href":"https:\/\/pretasouper.com\/en\/wp-json\/wp\/v2\/product_brand?post=7563"},{"taxonomy":"product_cat","embeddable":true,"href":"https:\/\/pretasouper.com\/en\/wp-json\/wp\/v2\/product_cat?post=7563"},{"taxonomy":"product_tag","embeddable":true,"href":"https:\/\/pretasouper.com\/en\/wp-json\/wp\/v2\/product_tag?post=7563"},{"taxonomy":"berocket_brand","embeddable":true,"href":"https:\/\/pretasouper.com\/en\/wp-json\/wp\/v2\/berocket_brand?post=7563"}],"curies":[{"name":"wp","href":"https:\/\/api.w.org\/{rel}","templated":true}]}}