{"id":7567,"date":"2023-02-24T10:06:22","date_gmt":"2023-02-24T10:06:22","guid":{"rendered":"https:\/\/pretasouper.com\/?post_type=product&#038;p=7567"},"modified":"2023-07-12T09:02:24","modified_gmt":"2023-07-12T09:02:24","slug":"taitei-instant-tom-yum-cu-creveti-60g-wai-wai","status":"publish","type":"product","link":"https:\/\/pretasouper.com\/en\/supa\/taitei-instant-tom-yum-cu-creveti-60g-wai-wai\/","title":{"rendered":"Tom Yum instant noodles with shrimps 60g - Wai Wai"},"content":{"rendered":"<p>Ingrediente: F\u0103in\u0103 de GRAU, ulei de palmier, sare, zah\u0103r, praf de ardei iute, usturoi, poten\u021biator de arom\u0103: E621, acid: E330, arom\u0103, ceap\u0103 verde.<\/p>","protected":false},"excerpt":{"rendered":"<p>Tom yum wheat flour instant noodles with shrimps.<\/p>","protected":false},"featured_media":7699,"template":"","meta":[],"product_brand":[],"product_cat":[109,40],"product_tag":[215,84,83,232,301],"berocket_brand":[174],"class_list":{"0":"post-7567","1":"product","2":"type-product","3":"status-publish","4":"has-post-thumbnail","6":"product_cat-fainuri-tempurapanko-condimenteierburi","7":"product_cat-tailanda","8":"product_tag-creveti","9":"product_tag-instant","10":"product_tag-supa","11":"product_tag-tom-yum","12":"product_tag-wai-wai","13":"berocket_brand-waiwai","15":"first","16":"instock","17":"taxable","18":"shipping-taxable","19":"purchasable","20":"product-type-simple"},"_links":{"self":[{"href":"https:\/\/pretasouper.com\/en\/wp-json\/wp\/v2\/product\/7567","targetHints":{"allow":["GET"]}}],"collection":[{"href":"https:\/\/pretasouper.com\/en\/wp-json\/wp\/v2\/product"}],"about":[{"href":"https:\/\/pretasouper.com\/en\/wp-json\/wp\/v2\/types\/product"}],"version-history":[{"count":3,"href":"https:\/\/pretasouper.com\/en\/wp-json\/wp\/v2\/product\/7567\/revisions"}],"predecessor-version":[{"id":7701,"href":"https:\/\/pretasouper.com\/en\/wp-json\/wp\/v2\/product\/7567\/revisions\/7701"}],"wp:featuredmedia":[{"embeddable":true,"href":"https:\/\/pretasouper.com\/en\/wp-json\/wp\/v2\/media\/7699"}],"wp:attachment":[{"href":"https:\/\/pretasouper.com\/en\/wp-json\/wp\/v2\/media?parent=7567"}],"wp:term":[{"taxonomy":"product_brand","embeddable":true,"href":"https:\/\/pretasouper.com\/en\/wp-json\/wp\/v2\/product_brand?post=7567"},{"taxonomy":"product_cat","embeddable":true,"href":"https:\/\/pretasouper.com\/en\/wp-json\/wp\/v2\/product_cat?post=7567"},{"taxonomy":"product_tag","embeddable":true,"href":"https:\/\/pretasouper.com\/en\/wp-json\/wp\/v2\/product_tag?post=7567"},{"taxonomy":"berocket_brand","embeddable":true,"href":"https:\/\/pretasouper.com\/en\/wp-json\/wp\/v2\/berocket_brand?post=7567"}],"curies":[{"name":"wp","href":"https:\/\/api.w.org\/{rel}","templated":true}]}}