{"id":7572,"date":"2023-02-24T10:15:50","date_gmt":"2023-02-24T10:15:50","guid":{"rendered":"https:\/\/pretasouper.com\/?post_type=product&#038;p=7572"},"modified":"2024-04-16T11:42:24","modified_gmt":"2024-04-16T11:42:24","slug":"supa-instant-cu-creveti-60g-yum-yum-2","status":"publish","type":"product","link":"https:\/\/pretasouper.com\/en\/supa\/supa-instant-cu-creveti-60g-yum-yum-2\/","title":{"rendered":"Instant noodles shrimp flavour 60g - Yum Yum"},"content":{"rendered":"<p>Ingrediente: faina de GRAU, ulei de palmier (contine antioxidant: E319, E320), amidon de tapioca, sare, zahar, legume (morcov, usturoi, ceapa primavara, ceapa), CREVETI 1,5%, SURIMI (PESTE, OU alb, GRAU, SOIA) , condimente \u0219i ierburi (ardei iute, galangal, lemongrass), poten\u021biatori de arom\u0103: E621, E631, E627, acizi: E296, E330, regulatori de aciditate: E500, E452, E451, sos de soia pudr\u0103 (soia, GRAU, culoare: E150 ), maltodextrin\u0103, amidon de porumb, sos de PE\u0218TE (ANCHOA, sare), antiaglomerant: E551, arom\u0103, agent de \u00eengro\u0219are: E466, extract de drojdie, colorant: E160c.<\/p>","protected":false},"excerpt":{"rendered":"<p>Instant wheat flour noodles with shrimp.<\/p>","protected":false},"featured_media":7706,"template":"","meta":[],"product_brand":[],"product_cat":[109,40],"product_tag":[215,84,197,183,274],"berocket_brand":[100],"class_list":{"0":"post-7572","1":"product","2":"type-product","3":"status-publish","4":"has-post-thumbnail","6":"product_cat-fainuri-tempurapanko-condimenteierburi","7":"product_cat-tailanda","8":"product_tag-creveti","9":"product_tag-instant","10":"product_tag-tailanda","11":"product_tag-taitei","12":"product_tag-yum-yum","13":"berocket_brand-yumyum","15":"first","16":"outofstock","17":"taxable","18":"shipping-taxable","19":"purchasable","20":"product-type-simple"},"_links":{"self":[{"href":"https:\/\/pretasouper.com\/en\/wp-json\/wp\/v2\/product\/7572","targetHints":{"allow":["GET"]}}],"collection":[{"href":"https:\/\/pretasouper.com\/en\/wp-json\/wp\/v2\/product"}],"about":[{"href":"https:\/\/pretasouper.com\/en\/wp-json\/wp\/v2\/types\/product"}],"version-history":[{"count":3,"href":"https:\/\/pretasouper.com\/en\/wp-json\/wp\/v2\/product\/7572\/revisions"}],"predecessor-version":[{"id":7708,"href":"https:\/\/pretasouper.com\/en\/wp-json\/wp\/v2\/product\/7572\/revisions\/7708"}],"wp:featuredmedia":[{"embeddable":true,"href":"https:\/\/pretasouper.com\/en\/wp-json\/wp\/v2\/media\/7706"}],"wp:attachment":[{"href":"https:\/\/pretasouper.com\/en\/wp-json\/wp\/v2\/media?parent=7572"}],"wp:term":[{"taxonomy":"product_brand","embeddable":true,"href":"https:\/\/pretasouper.com\/en\/wp-json\/wp\/v2\/product_brand?post=7572"},{"taxonomy":"product_cat","embeddable":true,"href":"https:\/\/pretasouper.com\/en\/wp-json\/wp\/v2\/product_cat?post=7572"},{"taxonomy":"product_tag","embeddable":true,"href":"https:\/\/pretasouper.com\/en\/wp-json\/wp\/v2\/product_tag?post=7572"},{"taxonomy":"berocket_brand","embeddable":true,"href":"https:\/\/pretasouper.com\/en\/wp-json\/wp\/v2\/berocket_brand?post=7572"}],"curies":[{"name":"wp","href":"https:\/\/api.w.org\/{rel}","templated":true}]}}