{"id":7576,"date":"2023-02-24T11:32:44","date_gmt":"2023-02-24T11:32:44","guid":{"rendered":"https:\/\/pretasouper.com\/?post_type=product&#038;p=7576"},"modified":"2023-02-24T18:34:51","modified_gmt":"2023-02-24T18:34:51","slug":"taitei-instant-pancit-canton-calamansi-60g-lucky-me","status":"publish","type":"product","link":"https:\/\/pretasouper.com\/en\/supa\/taitei-instant-pancit-canton-calamansi-60g-lucky-me\/","title":{"rendered":"Taitei instant Pancit Canton Calamansi 60g &#8211; Lucky Me"},"content":{"rendered":"<p>Ingrediente: Taitei: faina de GRAU, ulei vegetal (ulei de palmier, extract de ceai verde), sare, stabilizator: E412, regulator de aciditate: E500, E501, emulgator: E452. Condimente: ulei de cocos, sos de SOIA (ap\u0103, boabe de SOIA, sare, conservant: E202), maltodextrin\u0103, poten\u021biatori de arom\u0103: E621, E631, E627, sare, zah\u0103r din trestie, arom\u0103 de pui, legume deshidratate (morcovi, arpagic), acid: E330, condimente (ceapa, usturoi), culoare: E150, aroma de citrice. Con\u021bine GRAU, SOIA.<\/p>","protected":false},"excerpt":{"rendered":"<p>Taitei instant din faina de grau cu aroma de lime.<\/p>","protected":false},"featured_media":7710,"template":"","meta":[],"product_brand":[],"product_cat":[92,108],"product_tag":[325,320,84,319,183],"berocket_brand":[318],"class_list":{"0":"post-7576","1":"product","2":"type-product","3":"status-publish","4":"has-post-thumbnail","6":"product_cat-filipine","7":"product_cat-sosuri","8":"product_tag-acrisori","9":"product_tag-calamansi","10":"product_tag-instant","11":"product_tag-pancit-canton","12":"product_tag-taitei","13":"berocket_brand-luckyme","15":"first","16":"outofstock","17":"taxable","18":"shipping-taxable","19":"purchasable","20":"product-type-simple"},"_links":{"self":[{"href":"https:\/\/pretasouper.com\/en\/wp-json\/wp\/v2\/product\/7576","targetHints":{"allow":["GET"]}}],"collection":[{"href":"https:\/\/pretasouper.com\/en\/wp-json\/wp\/v2\/product"}],"about":[{"href":"https:\/\/pretasouper.com\/en\/wp-json\/wp\/v2\/types\/product"}],"version-history":[{"count":2,"href":"https:\/\/pretasouper.com\/en\/wp-json\/wp\/v2\/product\/7576\/revisions"}],"predecessor-version":[{"id":7711,"href":"https:\/\/pretasouper.com\/en\/wp-json\/wp\/v2\/product\/7576\/revisions\/7711"}],"wp:featuredmedia":[{"embeddable":true,"href":"https:\/\/pretasouper.com\/en\/wp-json\/wp\/v2\/media\/7710"}],"wp:attachment":[{"href":"https:\/\/pretasouper.com\/en\/wp-json\/wp\/v2\/media?parent=7576"}],"wp:term":[{"taxonomy":"product_brand","embeddable":true,"href":"https:\/\/pretasouper.com\/en\/wp-json\/wp\/v2\/product_brand?post=7576"},{"taxonomy":"product_cat","embeddable":true,"href":"https:\/\/pretasouper.com\/en\/wp-json\/wp\/v2\/product_cat?post=7576"},{"taxonomy":"product_tag","embeddable":true,"href":"https:\/\/pretasouper.com\/en\/wp-json\/wp\/v2\/product_tag?post=7576"},{"taxonomy":"berocket_brand","embeddable":true,"href":"https:\/\/pretasouper.com\/en\/wp-json\/wp\/v2\/berocket_brand?post=7576"}],"curies":[{"name":"wp","href":"https:\/\/api.w.org\/{rel}","templated":true}]}}