{"id":7577,"date":"2023-02-24T11:32:09","date_gmt":"2023-02-24T11:32:09","guid":{"rendered":"https:\/\/pretasouper.com\/?post_type=product&#038;p=7577"},"modified":"2023-02-24T11:59:35","modified_gmt":"2023-02-24T11:59:35","slug":"taitei-instant-ramen-cu-pui-si-usturoi-100g-nissin","status":"publish","type":"product","link":"https:\/\/pretasouper.com\/en\/supa\/taitei-instant-ramen-cu-pui-si-usturoi-100g-nissin\/","title":{"rendered":"Ramen instant noodles with chicken and garlic 100g - Nissin"},"content":{"rendered":"<p>Ingrediente: Fidea 91, 6% [f\u0103in\u0103 de gr\u00e2u, ulei de palmier, sare, agen\u021bi de tratare a f\u0103inii (E500, E451), stabilizator E501, agent de \u00eengro\u0219are E412, antioxidant E306], pudr\u0103 de condimente 8, 4% [sare, zah\u0103r, poten\u021biatori de arom\u0103 (E651) ), usturoi (9% \u00een pudr\u0103 de condimente), maltodextrin\u0103, condimente, arome, praz, regulator de aciditate: acid citric, arome de pui (0,5% \u00een pudr\u0103 de condimente; poten\u021biatori de arom\u0103: E627, E631; gr\u00e2u, soia), anti- Agent de aglomerare E551]<\/p>\n","protected":false},"excerpt":{"rendered":"<p>Taitei instant din faina de grau cu aroma de pui si usturoi.<\/p>","protected":false},"featured_media":7582,"template":"","meta":[],"product_brand":[],"product_cat":[87,106],"product_tag":[84,202,238,225,189,183,282],"berocket_brand":[89],"class_list":{"0":"post-7577","1":"product","2":"type-product","3":"status-publish","4":"has-post-thumbnail","6":"product_cat-japonia","7":"product_cat-taitei","8":"product_tag-instant","9":"product_tag-japonia","10":"product_tag-nissin","11":"product_tag-pui","12":"product_tag-ramen","13":"product_tag-taitei","14":"product_tag-usturoi","15":"berocket_brand-nissin","17":"first","18":"outofstock","19":"taxable","20":"shipping-taxable","21":"purchasable","22":"product-type-simple"},"_links":{"self":[{"href":"https:\/\/pretasouper.com\/en\/wp-json\/wp\/v2\/product\/7577","targetHints":{"allow":["GET"]}}],"collection":[{"href":"https:\/\/pretasouper.com\/en\/wp-json\/wp\/v2\/product"}],"about":[{"href":"https:\/\/pretasouper.com\/en\/wp-json\/wp\/v2\/types\/product"}],"version-history":[{"count":2,"href":"https:\/\/pretasouper.com\/en\/wp-json\/wp\/v2\/product\/7577\/revisions"}],"predecessor-version":[{"id":7584,"href":"https:\/\/pretasouper.com\/en\/wp-json\/wp\/v2\/product\/7577\/revisions\/7584"}],"wp:featuredmedia":[{"embeddable":true,"href":"https:\/\/pretasouper.com\/en\/wp-json\/wp\/v2\/media\/7582"}],"wp:attachment":[{"href":"https:\/\/pretasouper.com\/en\/wp-json\/wp\/v2\/media?parent=7577"}],"wp:term":[{"taxonomy":"product_brand","embeddable":true,"href":"https:\/\/pretasouper.com\/en\/wp-json\/wp\/v2\/product_brand?post=7577"},{"taxonomy":"product_cat","embeddable":true,"href":"https:\/\/pretasouper.com\/en\/wp-json\/wp\/v2\/product_cat?post=7577"},{"taxonomy":"product_tag","embeddable":true,"href":"https:\/\/pretasouper.com\/en\/wp-json\/wp\/v2\/product_tag?post=7577"},{"taxonomy":"berocket_brand","embeddable":true,"href":"https:\/\/pretasouper.com\/en\/wp-json\/wp\/v2\/berocket_brand?post=7577"}],"curies":[{"name":"wp","href":"https:\/\/api.w.org\/{rel}","templated":true}]}}