{"id":7579,"date":"2023-02-24T11:49:36","date_gmt":"2023-02-24T11:49:36","guid":{"rendered":"https:\/\/pretasouper.com\/?post_type=product&#038;p=7579"},"modified":"2023-02-24T18:37:33","modified_gmt":"2023-02-24T18:37:33","slug":"taitei-instant-pancit-canton-cu-chilli-60g-lucky-me","status":"publish","type":"product","link":"https:\/\/pretasouper.com\/en\/supa\/taitei-instant-pancit-canton-cu-chilli-60g-lucky-me\/","title":{"rendered":"Taitei instant Pancit Canton cu chilli 60g &#8211; Lucky Me"},"content":{"rendered":"<div id=\"tw-target-text-container\" class=\"tw-ta-container F0azHf tw-nfl\" tabindex=\"0\">\n<p>Ingrediente: Taitei: faina de GRAU, ulei vegetal (ulei de palmier, extract de ceai verde), sare, stabilizator: E412, regulator de aciditate: E500, E501, emulgator: E452. Condimente: ulei de cocos, sos de SOIA (ap\u0103, soia, sare, conservant: E202), zah\u0103r din trestie de zah\u0103r, poten\u021biatori de arom\u0103: E621, E631, E627, sare, arom\u0103 de pui, condimente (ardei ro\u0219u 2,6%, ceap\u0103, usturoi), SOIA hidrolizat\u0103 proteine, acid: E330, culoare: E150a, E160c, contine GRAU, SOIA.<\/p>\n<pre id=\"tw-target-text\" class=\"tw-data-text tw-text-large tw-ta\" dir=\"ltr\" data-placeholder=\"Traducere\"><span class=\"Y2IQFc\" lang=\"ro\">\u00a0<\/span><\/pre>\n<\/div>\n<div id=\"tw-target-rmn-container\" class=\"tw-target-rmn tw-ta-container F0azHf tw-nfl\">\n<pre id=\"tw-target-rmn\" class=\"tw-data-placeholder tw-text-small tw-ta\" dir=\"ltr\" data-placeholder=\"\"><\/pre>\n<\/div>","protected":false},"excerpt":{"rendered":"<p>Taitei instant din faina de grau cu chilli.<\/p>","protected":false},"featured_media":7713,"template":"","meta":[],"product_brand":[],"product_cat":[92,108],"product_tag":[244,190,319,306,300],"berocket_brand":[318],"class_list":{"0":"post-7579","1":"product","2":"type-product","3":"status-publish","4":"has-post-thumbnail","6":"product_cat-filipine","7":"product_cat-sosuri","8":"product_tag-chilli","9":"product_tag-hot","10":"product_tag-pancit-canton","11":"product_tag-taitei-instant","12":"product_tag-vegetala","13":"berocket_brand-luckyme","15":"first","16":"outofstock","17":"taxable","18":"shipping-taxable","19":"purchasable","20":"product-type-simple"},"_links":{"self":[{"href":"https:\/\/pretasouper.com\/en\/wp-json\/wp\/v2\/product\/7579","targetHints":{"allow":["GET"]}}],"collection":[{"href":"https:\/\/pretasouper.com\/en\/wp-json\/wp\/v2\/product"}],"about":[{"href":"https:\/\/pretasouper.com\/en\/wp-json\/wp\/v2\/types\/product"}],"version-history":[{"count":3,"href":"https:\/\/pretasouper.com\/en\/wp-json\/wp\/v2\/product\/7579\/revisions"}],"predecessor-version":[{"id":7714,"href":"https:\/\/pretasouper.com\/en\/wp-json\/wp\/v2\/product\/7579\/revisions\/7714"}],"wp:featuredmedia":[{"embeddable":true,"href":"https:\/\/pretasouper.com\/en\/wp-json\/wp\/v2\/media\/7713"}],"wp:attachment":[{"href":"https:\/\/pretasouper.com\/en\/wp-json\/wp\/v2\/media?parent=7579"}],"wp:term":[{"taxonomy":"product_brand","embeddable":true,"href":"https:\/\/pretasouper.com\/en\/wp-json\/wp\/v2\/product_brand?post=7579"},{"taxonomy":"product_cat","embeddable":true,"href":"https:\/\/pretasouper.com\/en\/wp-json\/wp\/v2\/product_cat?post=7579"},{"taxonomy":"product_tag","embeddable":true,"href":"https:\/\/pretasouper.com\/en\/wp-json\/wp\/v2\/product_tag?post=7579"},{"taxonomy":"berocket_brand","embeddable":true,"href":"https:\/\/pretasouper.com\/en\/wp-json\/wp\/v2\/berocket_brand?post=7579"}],"curies":[{"name":"wp","href":"https:\/\/api.w.org\/{rel}","templated":true}]}}