{"id":7586,"date":"2023-02-24T12:00:18","date_gmt":"2023-02-24T12:00:18","guid":{"rendered":"https:\/\/pretasouper.com\/?post_type=product&#038;p=7586"},"modified":"2023-02-24T12:30:42","modified_gmt":"2023-02-24T12:30:42","slug":"taitei-instant-ramen-tokyo-cu-sos-de-soia-100g-nissin","status":"publish","type":"product","link":"https:\/\/pretasouper.com\/en\/supa\/taitei-instant-ramen-tokyo-cu-sos-de-soia-100g-nissin\/","title":{"rendered":"Ramen instant noodles with spicy beef 100g - Nissin"},"content":{"rendered":"<p>Ingrediente<\/p>\n<p>Ulei de t\u0103i\u021bei 90,9% [f\u0103in\u0103 de gr\u0103u, ulei de palmier, sare, ajutor de tratare a f\u0103inii (carbonat de sodiu, trifosfa\u021bi), stabilizator (carbonat de potasiu), agent de \u00eengro\u0219are (gum\u0103 guar), antioxidant (extract bogat) \u00een tocoferol)], pudr\u0103 de condimente 7, 3% [Sare, poten\u021biatori de arom\u0103 (glutamat monosodic, guanilat disodic, inozinat disodic), pulbere de sos de soia (soia, gr\u00e2u, sare, maltodextrin\u0103), zah\u0103r, dextroz\u0103, arome de vit\u0103 (con\u021bine gr\u0103u, soia), condimente (con\u021bin \u021belin\u0103), Pudr\u0103 de extract de vit\u0103 (maltodextrin\u0103, extract de vit\u0103), colorant (caramel de amoniac), praz, pudr\u0103 de crem\u0103 (sirop de glucoz\u0103, ulei de palmier, proteine \u200b\u200b\u200b\u200bdin lapte), extract de drojdie, ulei de rapi\u021b\u0103, agent antiaglomerant (dioxid de siliciu), pudr\u0103 de gr\u0103sime de vit\u0103 ( Gr\u0103sime de vit\u0103, bulion de vit\u0103), regulator de aciditate (acid citric)], ulei de condimente 1, 8% (gr\u0103sime de vite, ulei de rapi\u021b\u0103, arome)<\/p>\n","protected":false},"excerpt":{"rendered":"<p>Taitei instant din faina de grau cu aroma de vita picanta.<\/p>","protected":false},"featured_media":7595,"template":"","meta":[],"product_brand":[],"product_cat":[87,105],"product_tag":[190,84,202,238,189,183,205],"berocket_brand":[89],"class_list":{"0":"post-7586","1":"product","2":"type-product","3":"status-publish","4":"has-post-thumbnail","6":"product_cat-japonia","7":"product_cat-orez","8":"product_tag-hot","9":"product_tag-instant","10":"product_tag-japonia","11":"product_tag-nissin","12":"product_tag-ramen","13":"product_tag-taitei","14":"product_tag-vita","15":"berocket_brand-nissin","17":"first","18":"outofstock","19":"taxable","20":"shipping-taxable","21":"purchasable","22":"product-type-simple"},"_links":{"self":[{"href":"https:\/\/pretasouper.com\/en\/wp-json\/wp\/v2\/product\/7586","targetHints":{"allow":["GET"]}}],"collection":[{"href":"https:\/\/pretasouper.com\/en\/wp-json\/wp\/v2\/product"}],"about":[{"href":"https:\/\/pretasouper.com\/en\/wp-json\/wp\/v2\/types\/product"}],"version-history":[{"count":2,"href":"https:\/\/pretasouper.com\/en\/wp-json\/wp\/v2\/product\/7586\/revisions"}],"predecessor-version":[{"id":7596,"href":"https:\/\/pretasouper.com\/en\/wp-json\/wp\/v2\/product\/7586\/revisions\/7596"}],"wp:featuredmedia":[{"embeddable":true,"href":"https:\/\/pretasouper.com\/en\/wp-json\/wp\/v2\/media\/7595"}],"wp:attachment":[{"href":"https:\/\/pretasouper.com\/en\/wp-json\/wp\/v2\/media?parent=7586"}],"wp:term":[{"taxonomy":"product_brand","embeddable":true,"href":"https:\/\/pretasouper.com\/en\/wp-json\/wp\/v2\/product_brand?post=7586"},{"taxonomy":"product_cat","embeddable":true,"href":"https:\/\/pretasouper.com\/en\/wp-json\/wp\/v2\/product_cat?post=7586"},{"taxonomy":"product_tag","embeddable":true,"href":"https:\/\/pretasouper.com\/en\/wp-json\/wp\/v2\/product_tag?post=7586"},{"taxonomy":"berocket_brand","embeddable":true,"href":"https:\/\/pretasouper.com\/en\/wp-json\/wp\/v2\/berocket_brand?post=7586"}],"curies":[{"name":"wp","href":"https:\/\/api.w.org\/{rel}","templated":true}]}}