{"id":7587,"date":"2023-02-24T12:02:06","date_gmt":"2023-02-24T12:02:06","guid":{"rendered":"https:\/\/pretasouper.com\/?post_type=product&#038;p=7587"},"modified":"2023-02-24T18:42:49","modified_gmt":"2023-02-24T18:42:49","slug":"taitei-instant-pancit-canton-chilli-mansi-60g-lucky-me","status":"publish","type":"product","link":"https:\/\/pretasouper.com\/en\/supa\/taitei-instant-pancit-canton-chilli-mansi-60g-lucky-me\/","title":{"rendered":"Taitei instant Pancit Canton chilli-mansi 60g &#8211; Lucky Me"},"content":{"rendered":"<p>Ingrediente: Taitei: faina de GRAU, ulei vegetal (ulei de palmier, extract de ceai verde), sare, stabilizator: E412, regulator de aciditate: E500, E501, emulgator: E452. Condimente: ulei de cocos, sos de SOIA (ap\u0103, boabe de SOIA, sare, conservant: E202), zah\u0103r din trestie de zah\u0103r, arom\u0103 de pui, poten\u021biatori de arom\u0103: E621, E631, E627, sare, maltodextrin\u0103, condimente (ardei ro\u0219u 1,5%, usturoi, piper negru) , acid: acid citric, colorant: E150, E160a, protein\u0103 de SOIA hidrolizat\u0103, arpagic deshidratat, arom\u0103 de citrice. Con\u021bine GRAU, SOIA.<\/p>","protected":false},"excerpt":{"rendered":"<p>Taitei instant din faina de grau cu arome de citrice si chilli.<\/p>","protected":false},"featured_media":7719,"template":"","meta":[],"product_brand":[],"product_cat":[92,108],"product_tag":[320,244,319,306],"berocket_brand":[318],"class_list":{"0":"post-7587","1":"product","2":"type-product","3":"status-publish","4":"has-post-thumbnail","6":"product_cat-filipine","7":"product_cat-sosuri","8":"product_tag-calamansi","9":"product_tag-chilli","10":"product_tag-pancit-canton","11":"product_tag-taitei-instant","12":"berocket_brand-luckyme","14":"first","15":"outofstock","16":"taxable","17":"shipping-taxable","18":"purchasable","19":"product-type-simple"},"_links":{"self":[{"href":"https:\/\/pretasouper.com\/en\/wp-json\/wp\/v2\/product\/7587","targetHints":{"allow":["GET"]}}],"collection":[{"href":"https:\/\/pretasouper.com\/en\/wp-json\/wp\/v2\/product"}],"about":[{"href":"https:\/\/pretasouper.com\/en\/wp-json\/wp\/v2\/types\/product"}],"version-history":[{"count":2,"href":"https:\/\/pretasouper.com\/en\/wp-json\/wp\/v2\/product\/7587\/revisions"}],"predecessor-version":[{"id":7720,"href":"https:\/\/pretasouper.com\/en\/wp-json\/wp\/v2\/product\/7587\/revisions\/7720"}],"wp:featuredmedia":[{"embeddable":true,"href":"https:\/\/pretasouper.com\/en\/wp-json\/wp\/v2\/media\/7719"}],"wp:attachment":[{"href":"https:\/\/pretasouper.com\/en\/wp-json\/wp\/v2\/media?parent=7587"}],"wp:term":[{"taxonomy":"product_brand","embeddable":true,"href":"https:\/\/pretasouper.com\/en\/wp-json\/wp\/v2\/product_brand?post=7587"},{"taxonomy":"product_cat","embeddable":true,"href":"https:\/\/pretasouper.com\/en\/wp-json\/wp\/v2\/product_cat?post=7587"},{"taxonomy":"product_tag","embeddable":true,"href":"https:\/\/pretasouper.com\/en\/wp-json\/wp\/v2\/product_tag?post=7587"},{"taxonomy":"berocket_brand","embeddable":true,"href":"https:\/\/pretasouper.com\/en\/wp-json\/wp\/v2\/berocket_brand?post=7587"}],"curies":[{"name":"wp","href":"https:\/\/api.w.org\/{rel}","templated":true}]}}