{"id":7589,"date":"2023-02-24T12:06:40","date_gmt":"2023-02-24T12:06:40","guid":{"rendered":"https:\/\/pretasouper.com\/?post_type=product&#038;p=7589"},"modified":"2023-02-24T18:46:45","modified_gmt":"2023-02-24T18:46:45","slug":"taitei-instant-pancit-canton-cu-vita-60g-lucky-me","status":"publish","type":"product","link":"https:\/\/pretasouper.com\/en\/supa\/taitei-instant-pancit-canton-cu-vita-60g-lucky-me\/","title":{"rendered":"Pancit Canton instant noodles with beef 55g \u2013 Lucky Me"},"content":{"rendered":"<p>Ingrediente: faina de grau, ulei vegetal, (ulei de palmier, extract de ceai verde), sare iodata, polifosfati de sodiu, (umectant), regulatori de aciditate (E500, E501), agent de ingrosare (E466).<br \/>\nCondimente: sare iodat\u0103, poten\u021biatori de arom\u0103 (E621, E631, E627), zah\u0103r, arom\u0103 artificial\u0103 de carne de vit\u0103, protein\u0103 de SOIA hidrolizat\u0103, amidon de porumb, condimente, zer praf (LAPTE), colorant (E150a (SULFIT)), arpagic deshidratat, agent antiaglomerant (E551). ), fier.<\/p>","protected":false},"excerpt":{"rendered":"<p>Taitei instant din faina de grau cu aroma de vita.<\/p>","protected":false},"featured_media":7722,"template":"","meta":[],"product_brand":[],"product_cat":[92,105],"product_tag":[84,319,183,205],"berocket_brand":[318],"class_list":{"0":"post-7589","1":"product","2":"type-product","3":"status-publish","4":"has-post-thumbnail","6":"product_cat-filipine","7":"product_cat-orez","8":"product_tag-instant","9":"product_tag-pancit-canton","10":"product_tag-taitei","11":"product_tag-vita","12":"berocket_brand-luckyme","14":"first","15":"outofstock","16":"taxable","17":"shipping-taxable","18":"purchasable","19":"product-type-simple"},"_links":{"self":[{"href":"https:\/\/pretasouper.com\/en\/wp-json\/wp\/v2\/product\/7589","targetHints":{"allow":["GET"]}}],"collection":[{"href":"https:\/\/pretasouper.com\/en\/wp-json\/wp\/v2\/product"}],"about":[{"href":"https:\/\/pretasouper.com\/en\/wp-json\/wp\/v2\/types\/product"}],"version-history":[{"count":3,"href":"https:\/\/pretasouper.com\/en\/wp-json\/wp\/v2\/product\/7589\/revisions"}],"predecessor-version":[{"id":7723,"href":"https:\/\/pretasouper.com\/en\/wp-json\/wp\/v2\/product\/7589\/revisions\/7723"}],"wp:featuredmedia":[{"embeddable":true,"href":"https:\/\/pretasouper.com\/en\/wp-json\/wp\/v2\/media\/7722"}],"wp:attachment":[{"href":"https:\/\/pretasouper.com\/en\/wp-json\/wp\/v2\/media?parent=7589"}],"wp:term":[{"taxonomy":"product_brand","embeddable":true,"href":"https:\/\/pretasouper.com\/en\/wp-json\/wp\/v2\/product_brand?post=7589"},{"taxonomy":"product_cat","embeddable":true,"href":"https:\/\/pretasouper.com\/en\/wp-json\/wp\/v2\/product_cat?post=7589"},{"taxonomy":"product_tag","embeddable":true,"href":"https:\/\/pretasouper.com\/en\/wp-json\/wp\/v2\/product_tag?post=7589"},{"taxonomy":"berocket_brand","embeddable":true,"href":"https:\/\/pretasouper.com\/en\/wp-json\/wp\/v2\/berocket_brand?post=7589"}],"curies":[{"name":"wp","href":"https:\/\/api.w.org\/{rel}","templated":true}]}}