{"id":7597,"date":"2023-02-24T12:51:37","date_gmt":"2023-02-24T12:51:37","guid":{"rendered":"https:\/\/pretasouper.com\/?post_type=product&#038;p=7597"},"modified":"2023-04-11T09:54:51","modified_gmt":"2023-04-11T09:54:51","slug":"taitei-instant-ramen-cu-fructe-de-mare-100g-nissin","status":"publish","type":"product","link":"https:\/\/pretasouper.com\/en\/supa\/taitei-instant-ramen-cu-fructe-de-mare-100g-nissin\/","title":{"rendered":"Ramen instant noodles with seafood 100g - Nissin"},"content":{"rendered":"<p>Ingrediente: Fidea 92, 3% [f\u0103in\u0103 de gr\u00e2u, ulei de palmier, sare, agen\u021bi de tratare a f\u0103inii (E500, E451), stabilizator E501, agent de \u00eengro\u0219are E412, antioxidant E306], pudr\u0103 de condimente 7, 7% [sare, poten\u021biatori de arom\u0103 (E621), Arome (Arom\u0103 E631; gr\u00e2u, soia), pudr\u0103 de carne de porc, zah\u0103r, pudr\u0103 de sos de soia (soia, gr\u00e2u, sare, maltodextrin\u0103), condimente, extract de midii (3, 6% \u00een pudr\u0103 de condimente), sirop de glucoz\u0103, semin\u021be de susan, Extract de porc, extract de drojdie, ulei de palmier, ulei de rapi\u021b\u0103, agent antiaglomerant E551, praz, agent de \u00eengro\u0219are E415, protein\u0103 din lapte, regulator de aciditate: acid citric]<\/p>\n","protected":false},"excerpt":{"rendered":"<p>Taitei instant din faina de grau cu aroma de pui si usturoi.<\/p>","protected":false},"featured_media":7625,"template":"","meta":[],"product_brand":[],"product_cat":[109,87],"product_tag":[84,202,238,225,189,183,282],"berocket_brand":[89],"class_list":{"0":"post-7597","1":"product","2":"type-product","3":"status-publish","4":"has-post-thumbnail","6":"product_cat-fainuri-tempurapanko-condimenteierburi","7":"product_cat-japonia","8":"product_tag-instant","9":"product_tag-japonia","10":"product_tag-nissin","11":"product_tag-pui","12":"product_tag-ramen","13":"product_tag-taitei","14":"product_tag-usturoi","15":"berocket_brand-nissin","17":"first","18":"outofstock","19":"taxable","20":"shipping-taxable","21":"purchasable","22":"product-type-simple"},"_links":{"self":[{"href":"https:\/\/pretasouper.com\/en\/wp-json\/wp\/v2\/product\/7597","targetHints":{"allow":["GET"]}}],"collection":[{"href":"https:\/\/pretasouper.com\/en\/wp-json\/wp\/v2\/product"}],"about":[{"href":"https:\/\/pretasouper.com\/en\/wp-json\/wp\/v2\/types\/product"}],"version-history":[{"count":1,"href":"https:\/\/pretasouper.com\/en\/wp-json\/wp\/v2\/product\/7597\/revisions"}],"predecessor-version":[{"id":7626,"href":"https:\/\/pretasouper.com\/en\/wp-json\/wp\/v2\/product\/7597\/revisions\/7626"}],"wp:featuredmedia":[{"embeddable":true,"href":"https:\/\/pretasouper.com\/en\/wp-json\/wp\/v2\/media\/7625"}],"wp:attachment":[{"href":"https:\/\/pretasouper.com\/en\/wp-json\/wp\/v2\/media?parent=7597"}],"wp:term":[{"taxonomy":"product_brand","embeddable":true,"href":"https:\/\/pretasouper.com\/en\/wp-json\/wp\/v2\/product_brand?post=7597"},{"taxonomy":"product_cat","embeddable":true,"href":"https:\/\/pretasouper.com\/en\/wp-json\/wp\/v2\/product_cat?post=7597"},{"taxonomy":"product_tag","embeddable":true,"href":"https:\/\/pretasouper.com\/en\/wp-json\/wp\/v2\/product_tag?post=7597"},{"taxonomy":"berocket_brand","embeddable":true,"href":"https:\/\/pretasouper.com\/en\/wp-json\/wp\/v2\/berocket_brand?post=7597"}],"curies":[{"name":"wp","href":"https:\/\/api.w.org\/{rel}","templated":true}]}}