{"id":7599,"date":"2023-02-24T13:19:16","date_gmt":"2023-02-24T13:19:16","guid":{"rendered":"https:\/\/pretasouper.com\/?post_type=product&#038;p=7599"},"modified":"2023-11-02T12:42:04","modified_gmt":"2023-11-02T12:42:04","slug":"supa-instant-de-taitei-cu-pui-pahar70g-mama","status":"publish","type":"product","link":"https:\/\/pretasouper.com\/en\/supa\/supa-instant-de-taitei-cu-pui-pahar70g-mama\/","title":{"rendered":"Supa instant de taitei cu pui (Pahar) 70g &#8211; Mama"},"content":{"rendered":"<p>Ingrediente: F\u0103in\u0103 de gr\u00e2u 77%, ulei de palmier, sare, zah\u0103r, legume uscate (varz\u0103, morcov), protein\u0103 din soia texturat\u0103, poten\u021biator de arom\u0103: E621, E635, condimente, arome 0,43%, culoare (caramel simplu), regulator de aciditate: E500, E501, E451, pulbere de sos de soia (soia, sare, extract de mal\u021b, gr\u00e2u, extract de drojdie, ulei de palmier), agent de \u00eengro\u0219are: E466, pulbere de ardei iute, acid citric<\/p>","protected":false},"excerpt":{"rendered":"<p>Instant soup with chicken flavour 60g - Mama<\/p>","protected":false},"featured_media":7725,"template":"","meta":[],"product_brand":[],"product_cat":[40,106],"product_tag":[84,216,237,225,197,183],"berocket_brand":[93],"class_list":{"0":"post-7599","1":"product","2":"type-product","3":"status-publish","4":"has-post-thumbnail","6":"product_cat-tailanda","7":"product_cat-taitei","8":"product_tag-instant","9":"product_tag-mama","10":"product_tag-pahar","11":"product_tag-pui","12":"product_tag-tailanda","13":"product_tag-taitei","14":"berocket_brand-mama","16":"first","17":"instock","18":"taxable","19":"shipping-taxable","20":"purchasable","21":"product-type-simple"},"_links":{"self":[{"href":"https:\/\/pretasouper.com\/en\/wp-json\/wp\/v2\/product\/7599","targetHints":{"allow":["GET"]}}],"collection":[{"href":"https:\/\/pretasouper.com\/en\/wp-json\/wp\/v2\/product"}],"about":[{"href":"https:\/\/pretasouper.com\/en\/wp-json\/wp\/v2\/types\/product"}],"version-history":[{"count":3,"href":"https:\/\/pretasouper.com\/en\/wp-json\/wp\/v2\/product\/7599\/revisions"}],"predecessor-version":[{"id":7726,"href":"https:\/\/pretasouper.com\/en\/wp-json\/wp\/v2\/product\/7599\/revisions\/7726"}],"wp:featuredmedia":[{"embeddable":true,"href":"https:\/\/pretasouper.com\/en\/wp-json\/wp\/v2\/media\/7725"}],"wp:attachment":[{"href":"https:\/\/pretasouper.com\/en\/wp-json\/wp\/v2\/media?parent=7599"}],"wp:term":[{"taxonomy":"product_brand","embeddable":true,"href":"https:\/\/pretasouper.com\/en\/wp-json\/wp\/v2\/product_brand?post=7599"},{"taxonomy":"product_cat","embeddable":true,"href":"https:\/\/pretasouper.com\/en\/wp-json\/wp\/v2\/product_cat?post=7599"},{"taxonomy":"product_tag","embeddable":true,"href":"https:\/\/pretasouper.com\/en\/wp-json\/wp\/v2\/product_tag?post=7599"},{"taxonomy":"berocket_brand","embeddable":true,"href":"https:\/\/pretasouper.com\/en\/wp-json\/wp\/v2\/berocket_brand?post=7599"}],"curies":[{"name":"wp","href":"https:\/\/api.w.org\/{rel}","templated":true}]}}