{"id":7606,"date":"2023-02-24T13:46:08","date_gmt":"2023-02-24T13:46:08","guid":{"rendered":"https:\/\/pretasouper.com\/?post_type=product&#038;p=7606"},"modified":"2024-06-04T08:40:25","modified_gmt":"2024-06-04T08:40:25","slug":"supa-instant-cu-taitei-din-orez-tom-yum-cremoasa-pahar-70g-mama","status":"publish","type":"product","link":"https:\/\/pretasouper.com\/en\/supa\/supa-instant-cu-taitei-din-orez-tom-yum-cremoasa-pahar-70g-mama\/","title":{"rendered":"Tom Yum Creamy Instant Soup (Glass) 70g - Mama"},"content":{"rendered":"<p>Ingrediente: f\u0103in\u0103 de gr\u00e2u (72%), ulei de palmier, sare, zah\u0103r, pudr\u0103 de sm\u00e2nt\u00e2n\u0103 (sirop de glucoz\u0103, ulei de palmier complet hidrogenat, protein\u0103 din lapte), pudr\u0103 de ardei iute, amidon de porumb, poten\u021biator de arom\u0103 (E621, E635), acid (E330), Condimente, creve\u021bi usca\u021bi (0,50%), ceap\u0103 verde uscat\u0103, colorant (E171, oleorezin\u0103 de boia dulce, caramel simplu), regulator de aciditate (E451, E500, E501), agent de \u00eengro\u0219are (E466), sos de soia (soia, ap\u0103, sare), arome.<\/p>","protected":false},"excerpt":{"rendered":"<p>Tom yum wheat flour instant noodles with shrimps.<\/p>","protected":false},"featured_media":7732,"template":"","meta":[],"product_brand":[],"product_cat":[109,40],"product_tag":[293,215,190,84,216,83,197,246,232],"berocket_brand":[93],"class_list":{"0":"post-7606","1":"product","2":"type-product","3":"status-publish","4":"has-post-thumbnail","6":"product_cat-fainuri-tempurapanko-condimenteierburi","7":"product_cat-tailanda","8":"product_tag-cremoasa","9":"product_tag-creveti","10":"product_tag-hot","11":"product_tag-instant","12":"product_tag-mama","13":"product_tag-supa","14":"product_tag-tailanda","15":"product_tag-taitei-din-orez","16":"product_tag-tom-yum","17":"berocket_brand-mama","19":"first","20":"outofstock","21":"taxable","22":"shipping-taxable","23":"purchasable","24":"product-type-simple"},"_links":{"self":[{"href":"https:\/\/pretasouper.com\/en\/wp-json\/wp\/v2\/product\/7606","targetHints":{"allow":["GET"]}}],"collection":[{"href":"https:\/\/pretasouper.com\/en\/wp-json\/wp\/v2\/product"}],"about":[{"href":"https:\/\/pretasouper.com\/en\/wp-json\/wp\/v2\/types\/product"}],"version-history":[{"count":3,"href":"https:\/\/pretasouper.com\/en\/wp-json\/wp\/v2\/product\/7606\/revisions"}],"predecessor-version":[{"id":7733,"href":"https:\/\/pretasouper.com\/en\/wp-json\/wp\/v2\/product\/7606\/revisions\/7733"}],"wp:featuredmedia":[{"embeddable":true,"href":"https:\/\/pretasouper.com\/en\/wp-json\/wp\/v2\/media\/7732"}],"wp:attachment":[{"href":"https:\/\/pretasouper.com\/en\/wp-json\/wp\/v2\/media?parent=7606"}],"wp:term":[{"taxonomy":"product_brand","embeddable":true,"href":"https:\/\/pretasouper.com\/en\/wp-json\/wp\/v2\/product_brand?post=7606"},{"taxonomy":"product_cat","embeddable":true,"href":"https:\/\/pretasouper.com\/en\/wp-json\/wp\/v2\/product_cat?post=7606"},{"taxonomy":"product_tag","embeddable":true,"href":"https:\/\/pretasouper.com\/en\/wp-json\/wp\/v2\/product_tag?post=7606"},{"taxonomy":"berocket_brand","embeddable":true,"href":"https:\/\/pretasouper.com\/en\/wp-json\/wp\/v2\/berocket_brand?post=7606"}],"curies":[{"name":"wp","href":"https:\/\/api.w.org\/{rel}","templated":true}]}}