{"id":7610,"date":"2023-02-24T13:55:33","date_gmt":"2023-02-24T13:55:33","guid":{"rendered":"https:\/\/pretasouper.com\/?post_type=product&#038;p=7610"},"modified":"2025-12-22T17:21:15","modified_gmt":"2025-12-22T17:21:15","slug":"taitei-instant-tom-yum-cu-creveti-90g-mama","status":"publish","type":"product","link":"https:\/\/pretasouper.com\/en\/supa\/taitei-instant-tom-yum-cu-creveti-90g-mama\/","title":{"rendered":"Tom Yum Instant Noodles with Prawns 90g - Mama"},"content":{"rendered":"<p>Ingrediente: F\u0103in\u0103 de gr\u00e2u 64%, ulei de palmier, amidon de tapioca modificat, zah\u0103r, sare, pudr\u0103 de ardei iute, condimente, poten\u021biator de arom\u0103 (E621, E635), acid citric, zah\u0103r de cocos, sos de pe\u0219te (pe\u0219te, sare, zah\u0103r), ceap\u0103 de prim\u0103var\u0103 uscat\u0103, creve\u021bi (Crustacee) Pulbere 0,21%, Regulator de aciditate (E500, E501, E451), Arome 0,05%, Agent de \u00eengro\u0219are (E466), Sos de soia (soia, sare, ap\u0103).<\/p>","protected":false},"excerpt":{"rendered":"<p>Instant noodles (from wheat) with the flavor of Tom Yum with shrimps<\/p>","protected":false},"featured_media":7734,"template":"","meta":[],"product_brand":[],"product_cat":[109,40],"product_tag":[215,84,216,197,183,232],"berocket_brand":[93],"class_list":{"0":"post-7610","1":"product","2":"type-product","3":"status-publish","4":"has-post-thumbnail","6":"product_cat-fainuri-tempurapanko-condimenteierburi","7":"product_cat-tailanda","8":"product_tag-creveti","9":"product_tag-instant","10":"product_tag-mama","11":"product_tag-tailanda","12":"product_tag-taitei","13":"product_tag-tom-yum","14":"berocket_brand-mama","16":"first","17":"instock","18":"taxable","19":"shipping-taxable","20":"purchasable","21":"product-type-simple"},"_links":{"self":[{"href":"https:\/\/pretasouper.com\/en\/wp-json\/wp\/v2\/product\/7610","targetHints":{"allow":["GET"]}}],"collection":[{"href":"https:\/\/pretasouper.com\/en\/wp-json\/wp\/v2\/product"}],"about":[{"href":"https:\/\/pretasouper.com\/en\/wp-json\/wp\/v2\/types\/product"}],"version-history":[{"count":3,"href":"https:\/\/pretasouper.com\/en\/wp-json\/wp\/v2\/product\/7610\/revisions"}],"predecessor-version":[{"id":7737,"href":"https:\/\/pretasouper.com\/en\/wp-json\/wp\/v2\/product\/7610\/revisions\/7737"}],"wp:featuredmedia":[{"embeddable":true,"href":"https:\/\/pretasouper.com\/en\/wp-json\/wp\/v2\/media\/7734"}],"wp:attachment":[{"href":"https:\/\/pretasouper.com\/en\/wp-json\/wp\/v2\/media?parent=7610"}],"wp:term":[{"taxonomy":"product_brand","embeddable":true,"href":"https:\/\/pretasouper.com\/en\/wp-json\/wp\/v2\/product_brand?post=7610"},{"taxonomy":"product_cat","embeddable":true,"href":"https:\/\/pretasouper.com\/en\/wp-json\/wp\/v2\/product_cat?post=7610"},{"taxonomy":"product_tag","embeddable":true,"href":"https:\/\/pretasouper.com\/en\/wp-json\/wp\/v2\/product_tag?post=7610"},{"taxonomy":"berocket_brand","embeddable":true,"href":"https:\/\/pretasouper.com\/en\/wp-json\/wp\/v2\/berocket_brand?post=7610"}],"curies":[{"name":"wp","href":"https:\/\/api.w.org\/{rel}","templated":true}]}}