{"id":7612,"date":"2023-02-24T14:00:00","date_gmt":"2023-02-24T14:00:00","guid":{"rendered":"https:\/\/pretasouper.com\/?post_type=product&#038;p=7612"},"modified":"2023-11-02T12:40:01","modified_gmt":"2023-11-02T12:40:01","slug":"taitei-instant-pad-kee-mao-60g-mama","status":"publish","type":"product","link":"https:\/\/pretasouper.com\/en\/supa\/taitei-instant-pad-kee-mao-60g-mama\/","title":{"rendered":"Pad Kee Mao instant noodles 60g \u2013 Mama"},"content":{"rendered":"<p>Ingrediente: F\u0103in\u0103 de gr\u00e2u (65%), ulei de palmier, amidon de tapioca modificat, zah\u0103r, condimente (frunz\u0103 de busuioc, usturoi, piper, frunze de l\u0103m\u00e2ie), sare, pudr\u0103 de ardei iute, poten\u021biatori de arom\u0103 (E621, E635), pudr\u0103 de creve\u021bi, ceap\u0103 de prim\u0103var\u0103 uscat\u0103, Regulatori de aciditate (E500, E501, E451), coloran\u021bi (caramel simplu, oleorezin\u0103 de boia), arome (con\u021bine molu\u0219te) (0,16%), agent de \u00eengro\u0219are (E466), sos de soia (soia, ap\u0103, sare), zah\u0103r de cocos, ulei de busuioc.<\/p>","protected":false},"excerpt":{"rendered":"<p>Taitei instant sunt un fel de m\u00e2ncare thailandez cu fructe de mare, muguri de fasole, ardei iute \u0219i busuioc.<\/p>","protected":false},"featured_media":7738,"template":"","meta":[],"product_brand":[],"product_cat":[109,40],"product_tag":[326,244,265,84,216,197,183],"berocket_brand":[93],"class_list":{"0":"post-7612","1":"product","2":"type-product","3":"status-publish","4":"has-post-thumbnail","6":"product_cat-fainuri-tempurapanko-condimenteierburi","7":"product_cat-tailanda","8":"product_tag-busuioc","9":"product_tag-chilli","10":"product_tag-fructe-de-mare","11":"product_tag-instant","12":"product_tag-mama","13":"product_tag-tailanda","14":"product_tag-taitei","15":"berocket_brand-mama","17":"first","18":"instock","19":"taxable","20":"shipping-taxable","21":"purchasable","22":"product-type-simple"},"_links":{"self":[{"href":"https:\/\/pretasouper.com\/en\/wp-json\/wp\/v2\/product\/7612","targetHints":{"allow":["GET"]}}],"collection":[{"href":"https:\/\/pretasouper.com\/en\/wp-json\/wp\/v2\/product"}],"about":[{"href":"https:\/\/pretasouper.com\/en\/wp-json\/wp\/v2\/types\/product"}],"version-history":[{"count":3,"href":"https:\/\/pretasouper.com\/en\/wp-json\/wp\/v2\/product\/7612\/revisions"}],"predecessor-version":[{"id":7739,"href":"https:\/\/pretasouper.com\/en\/wp-json\/wp\/v2\/product\/7612\/revisions\/7739"}],"wp:featuredmedia":[{"embeddable":true,"href":"https:\/\/pretasouper.com\/en\/wp-json\/wp\/v2\/media\/7738"}],"wp:attachment":[{"href":"https:\/\/pretasouper.com\/en\/wp-json\/wp\/v2\/media?parent=7612"}],"wp:term":[{"taxonomy":"product_brand","embeddable":true,"href":"https:\/\/pretasouper.com\/en\/wp-json\/wp\/v2\/product_brand?post=7612"},{"taxonomy":"product_cat","embeddable":true,"href":"https:\/\/pretasouper.com\/en\/wp-json\/wp\/v2\/product_cat?post=7612"},{"taxonomy":"product_tag","embeddable":true,"href":"https:\/\/pretasouper.com\/en\/wp-json\/wp\/v2\/product_tag?post=7612"},{"taxonomy":"berocket_brand","embeddable":true,"href":"https:\/\/pretasouper.com\/en\/wp-json\/wp\/v2\/berocket_brand?post=7612"}],"curies":[{"name":"wp","href":"https:\/\/api.w.org\/{rel}","templated":true}]}}